{"id":232766,"date":"2025-12-29T02:13:05","date_gmt":"2025-12-28T23:13:05","guid":{"rendered":"https:\/\/baldumarket.lt\/product\/soho-s-3-szafka-rtv\/"},"modified":"2026-02-11T18:35:52","modified_gmt":"2026-02-11T15:35:52","slug":"soho-s-3-szafka-rtv","status":"publish","type":"product","link":"https:\/\/baldumarket.lt\/lt\/product\/soho-s-3-szafka-rtv\/","title":{"rendered":"SOHO S-3 \u2013 TV spintel\u0117"},"content":{"rendered":"<p>SOHO S-3 \u2013 180 cm televizoriaus spintel\u0117<br \/>\nSOHO serijos baldai yra \u012fvairi\u0173 spalv\u0173.<br \/>\n\u00a0<br \/>\nSpintel\u0117 turi du varstomus priekius su \u017eirkliniu mechanizmu. Centrin\u0117je dalyje yra lentyna televizoriaus \u012frangai.<br \/>\n\u00a0<br \/>\nSOHO bald\u0173 kolekcija pasi\u017eymi labai eleganti\u0161ka ir modernia i\u0161vaizda. Gamyboje naudojamos auk\u0161tos kokyb\u0117s bald\u0173 lentos ir furnit\u016bra, u\u017etikrinan\u010dios patvarum\u0105 ir tvirtum\u0105.<br \/>\n\u00a0<br \/>\nMed\u017eiaga:<br \/>\n\u00a0<br \/>\nr\u0117mai \u2013 auk\u0161tos kokyb\u0117s laminuota plok\u0161t\u0117<br \/>\nfasadai \u2013 auk\u0161tos kokyb\u0117s laminuota plok\u0161t\u0117<\/p>","protected":false},"excerpt":{"rendered":"<p>\u016agis cm: 37<br \/>\nPlotis cm: 180<br \/>\nGylis cm: 43<br \/>\nDur\u0173 skai\u010dius: 2<\/p>","protected":false},"featured_media":232767,"comment_status":"open","ping_status":"open","template":"","meta":[],"product_brand":[],"product_cat":[8388,1175],"product_tag":[],"class_list":{"0":"post-232766","1":"product","2":"type-product","3":"status-publish","4":"has-post-thumbnail","6":"product_cat-cama-meble","7":"product_cat-tv-stands","9":"first","10":"instock","11":"purchasable","12":"product-type-simple"},"_links":{"self":[{"href":"https:\/\/baldumarket.lt\/lt\/wp-json\/wp\/v2\/product\/232766","targetHints":{"allow":["GET"]}}],"collection":[{"href":"https:\/\/baldumarket.lt\/lt\/wp-json\/wp\/v2\/product"}],"about":[{"href":"https:\/\/baldumarket.lt\/lt\/wp-json\/wp\/v2\/types\/product"}],"replies":[{"embeddable":true,"href":"https:\/\/baldumarket.lt\/lt\/wp-json\/wp\/v2\/comments?post=232766"}],"wp:featuredmedia":[{"embeddable":true,"href":"https:\/\/baldumarket.lt\/lt\/wp-json\/wp\/v2\/media\/232767"}],"wp:attachment":[{"href":"https:\/\/baldumarket.lt\/lt\/wp-json\/wp\/v2\/media?parent=232766"}],"wp:term":[{"taxonomy":"product_brand","embeddable":true,"href":"https:\/\/baldumarket.lt\/lt\/wp-json\/wp\/v2\/product_brand?post=232766"},{"taxonomy":"product_cat","embeddable":true,"href":"https:\/\/baldumarket.lt\/lt\/wp-json\/wp\/v2\/product_cat?post=232766"},{"taxonomy":"product_tag","embeddable":true,"href":"https:\/\/baldumarket.lt\/lt\/wp-json\/wp\/v2\/product_tag?post=232766"}],"curies":[{"name":"wp","href":"https:\/\/api.w.org\/{rel}","templated":true}]}}