{"id":232764,"date":"2025-12-29T02:13:03","date_gmt":"2025-12-28T23:13:03","guid":{"rendered":"https:\/\/baldumarket.lt\/product\/soho-s-2-witryna-wiszaca\/"},"modified":"2026-02-11T18:35:52","modified_gmt":"2026-02-11T15:35:52","slug":"soho-s-2-witryna-wiszaca","status":"publish","type":"product","link":"https:\/\/baldumarket.lt\/lt\/product\/soho-s-2-witryna-wiszaca\/","title":{"rendered":"SOHO S-2 \u2013 Pakabinama vitrina"},"content":{"rendered":"<p>SOHO S-2 \u2013 Pakabinama vitrina su 1 durel\u0117mis<br \/>\nSOHO serijos baldai yra \u012fvairi\u0173 spalv\u0173.<br \/>\nVitrina turi vienas universalias stiklines duris, montuojamas kair\u0117je arba de\u0161in\u0117je, o u\u017e dur\u0173 yra dvi stiklin\u0117s lentynos su LED foniniu ap\u0161vietimu (galima \u012fsigyti u\u017e papildom\u0105 mokest\u012f).<br \/>\nSOHO S-2 pakabinama vitrina pasi\u017eymi paprastu, minimalistiniu dizainu, kuris dera prie modernaus interjero.<br \/>\nSOHO bald\u0173 kolekcija pasi\u017eymi labai eleganti\u0161ka ir modernia i\u0161vaizda. Bald\u0173 gamyboje naudojama auk\u0161tos kokyb\u0117s laminuota plok\u0161t\u0117 ir furnit\u016bra, u\u017etikrinanti j\u0173 ilgaam\u017ei\u0161kum\u0105 ir tvirtum\u0105.<br \/>\nMed\u017eiaga:<br \/>\nR\u0117mai \u2013 auk\u0161tos kokyb\u0117s laminuota plok\u0161t\u0117<br \/>\nPriekin\u0117s dalys \u2013 auk\u0161tos kokyb\u0117s laminuota plok\u0161t\u0117<\/p>","protected":false},"excerpt":{"rendered":"<p>\u016agis cm: 115,5<br \/>\nPlotis cm: 60<br \/>\nGylis cm: 29<br \/>\nDur\u0173 skai\u010dius: 1<br \/>\nAp\u0161vietimas: Pasirinktinai u\u017e papildom\u0105 mokest\u012f<\/p>","protected":false},"featured_media":232765,"comment_status":"open","ping_status":"open","template":"","meta":[],"product_brand":[],"product_cat":[8388,2006],"product_tag":[],"class_list":{"0":"post-232764","1":"product","2":"type-product","3":"status-publish","4":"has-post-thumbnail","6":"product_cat-cama-meble","7":"product_cat-vitrines","9":"first","10":"instock","11":"purchasable","12":"product-type-simple"},"_links":{"self":[{"href":"https:\/\/baldumarket.lt\/lt\/wp-json\/wp\/v2\/product\/232764","targetHints":{"allow":["GET"]}}],"collection":[{"href":"https:\/\/baldumarket.lt\/lt\/wp-json\/wp\/v2\/product"}],"about":[{"href":"https:\/\/baldumarket.lt\/lt\/wp-json\/wp\/v2\/types\/product"}],"replies":[{"embeddable":true,"href":"https:\/\/baldumarket.lt\/lt\/wp-json\/wp\/v2\/comments?post=232764"}],"wp:featuredmedia":[{"embeddable":true,"href":"https:\/\/baldumarket.lt\/lt\/wp-json\/wp\/v2\/media\/232765"}],"wp:attachment":[{"href":"https:\/\/baldumarket.lt\/lt\/wp-json\/wp\/v2\/media?parent=232764"}],"wp:term":[{"taxonomy":"product_brand","embeddable":true,"href":"https:\/\/baldumarket.lt\/lt\/wp-json\/wp\/v2\/product_brand?post=232764"},{"taxonomy":"product_cat","embeddable":true,"href":"https:\/\/baldumarket.lt\/lt\/wp-json\/wp\/v2\/product_cat?post=232764"},{"taxonomy":"product_tag","embeddable":true,"href":"https:\/\/baldumarket.lt\/lt\/wp-json\/wp\/v2\/product_tag?post=232764"}],"curies":[{"name":"wp","href":"https:\/\/api.w.org\/{rel}","templated":true}]}}