{"id":232758,"date":"2025-12-29T02:12:56","date_gmt":"2025-12-28T23:12:56","guid":{"rendered":"https:\/\/baldumarket.lt\/product\/soho-s-1-witryna-wysoka\/"},"modified":"2026-02-11T18:35:52","modified_gmt":"2026-02-11T15:35:52","slug":"soho-s-1-witryna-wysoka","status":"publish","type":"product","link":"https:\/\/baldumarket.lt\/lt\/product\/soho-s-1-witryna-wysoka\/","title":{"rendered":"SOHO S-1 \u2013 Auk\u0161ta vitrina"},"content":{"rendered":"<p>SOHO S-1 \u2013 Auk\u0161ta vitrina, 1 durys, 3 stal\u010diai<br \/>\nSOHO serijos baldai yra \u012fvairi\u0173 spalv\u0173.<br \/>\nVitrina turi vienas universalias stiklines duris, kurias galima rinktis i\u0161 kair\u0117s arba de\u0161in\u0117s pus\u0117s, o u\u017e dur\u0173 yra trys stiklin\u0117s lentynos su LED foniniu ap\u0161vietimu (u\u017e papildom\u0105 mokest\u012f). Apa\u010dioje yra trys stal\u010diai.<br \/>\n\u00a0<br \/>\n\u0160i vitrina i\u0161 SOHO bald\u0173 kolekcijos \u2013 tai moderni, eleganti\u0161k\u0173 form\u0173 sistema. \u0160ioje vien\u0173 dureli\u0173 vitrinoje galima eksponuoti dekoratyvinius daiktus ar stikl\u0105. Vitrinos dizainas leid\u017eia surinkti fasadus pagal j\u016bs\u0173 pageidavimus.<br \/>\n\u00a0<br \/>\nSOHO bald\u0173 kolekcija pasi\u017eymi labai eleganti\u0161ka ir modernia i\u0161vaizda. Bald\u0173 gamyboje naudojamos auk\u0161tos kokyb\u0117s bald\u0173 lentos ir furnit\u016bra, u\u017etikrinan\u010dios ilgaam\u017ei\u0161kum\u0105 ir tvirtum\u0105.<br \/>\n\u00a0<br \/>\nPagaminta i\u0161:<br \/>\n\u00a0<br \/>\nr\u0117mai ir fasadai \u2013 auk\u0161tos kokyb\u0117s laminuota plok\u0161t\u0117<\/p>","protected":false},"excerpt":{"rendered":"<p>\u016agis cm: 192<br \/>\nPlotis cm: 60<br \/>\nGylis cm: 41<br \/>\nDur\u0173 skai\u010dius: 1<br \/>\nStal\u010di\u0173 skai\u010dius: 3<br \/>\nAp\u0161vietimas: Pasirinktinai u\u017e papildom\u0105 mokest\u012f<\/p>","protected":false},"featured_media":232759,"comment_status":"open","ping_status":"open","template":"","meta":[],"product_brand":[],"product_cat":[8388,2006],"product_tag":[],"class_list":{"0":"post-232758","1":"product","2":"type-product","3":"status-publish","4":"has-post-thumbnail","6":"product_cat-cama-meble","7":"product_cat-vitrines","9":"first","10":"instock","11":"purchasable","12":"product-type-simple"},"_links":{"self":[{"href":"https:\/\/baldumarket.lt\/lt\/wp-json\/wp\/v2\/product\/232758","targetHints":{"allow":["GET"]}}],"collection":[{"href":"https:\/\/baldumarket.lt\/lt\/wp-json\/wp\/v2\/product"}],"about":[{"href":"https:\/\/baldumarket.lt\/lt\/wp-json\/wp\/v2\/types\/product"}],"replies":[{"embeddable":true,"href":"https:\/\/baldumarket.lt\/lt\/wp-json\/wp\/v2\/comments?post=232758"}],"wp:featuredmedia":[{"embeddable":true,"href":"https:\/\/baldumarket.lt\/lt\/wp-json\/wp\/v2\/media\/232759"}],"wp:attachment":[{"href":"https:\/\/baldumarket.lt\/lt\/wp-json\/wp\/v2\/media?parent=232758"}],"wp:term":[{"taxonomy":"product_brand","embeddable":true,"href":"https:\/\/baldumarket.lt\/lt\/wp-json\/wp\/v2\/product_brand?post=232758"},{"taxonomy":"product_cat","embeddable":true,"href":"https:\/\/baldumarket.lt\/lt\/wp-json\/wp\/v2\/product_cat?post=232758"},{"taxonomy":"product_tag","embeddable":true,"href":"https:\/\/baldumarket.lt\/lt\/wp-json\/wp\/v2\/product_tag?post=232758"}],"curies":[{"name":"wp","href":"https:\/\/api.w.org\/{rel}","templated":true}]}}