{"id":232754,"date":"2025-12-29T02:12:50","date_gmt":"2025-12-28T23:12:50","guid":{"rendered":"https:\/\/baldumarket.lt\/product\/soho-kaszmir-witryna-wiszaca-s-2\/"},"modified":"2026-02-11T18:35:52","modified_gmt":"2026-02-11T15:35:52","slug":"soho-kaszmir-witryna-wiszaca-s-2","status":"publish","type":"product","link":"https:\/\/baldumarket.lt\/lt\/product\/soho-kaszmir-witryna-wiszaca-s-2\/","title":{"rendered":"SOHO KA\u0160MYRO PAKABINAMAS EKRANAS S-2"},"content":{"rendered":"<p>Kolekcija: SOHO KASZMIR Surinkti baldai: Ne Plotis: 60 Auk\u0161tis: 115,5 Gylis: 29 Dur\u0173 skai\u010dius: 1<br \/>\nSOHO KASZMIR SIENOS EKSPINUOTA S-2<br \/>\nSOHO sienin\u0117 vitrina \u2013 modernus ka\u0161myro akcentas<br \/>\n\u0160i pakabinama SOHO kolekcijos vitrina \u2013 eleganti\u0161kas baldas, \u017eavintis moderniu ka\u0161myro ir kontrasting\u0173 juod\u0173 akcent\u0173 deriniu. Paprastas, ta\u010diau stilingas dizainas puikiai tinka tiek moderniam, tiek minimalistiniam interjerui.<br \/>\nSpintel\u0117 atsidaro \u012f \u0161on\u0105, o u\u017e priekin\u0117s dalies yra dvi stiklin\u0117s lentynos, puikiai tinkan\u010dios eksponuoti stiklinius indus, porcelian\u0105 ar dekoratyvinius aksesuarus. Juoda galin\u0117 panel\u0117 ir juoda apatin\u0117 vidin\u0117 dalis gra\u017eiai i\u0161ry\u0161kina viduje esan\u010dius daiktus, suteikdamos visai konstrukcijai gylio ir elegancijos.<br \/>\nLengvas, prie sienos pakabinamas baldas taupo viet\u0105 ir leid\u017eia lanks\u010diai i\u0161d\u0117styti sienas \u2013 jis puikiai tinka tiek atskirai, tiek kaip didesnio baldo dalis. Tai prakti\u0161kas ir stilingas pasirinkimas svetainei, valgomajam ar virtuvei \u2013 visur, kur svarbus modernus dizainas ir funkcionalumas.<\/p>","protected":false},"excerpt":{"rendered":"<p>Kolekcija: SOHO KA\u0160MYRAS<br \/>\nPlotis: 60<br \/>\n\u016agis: 115,5<br \/>\nGylis: 29<br \/>\nDur\u0173 skai\u010dius: 1<\/p>","protected":false},"featured_media":232755,"comment_status":"open","ping_status":"open","template":"","meta":[],"product_brand":[],"product_cat":[8388,2006],"product_tag":[],"class_list":{"0":"post-232754","1":"product","2":"type-product","3":"status-publish","4":"has-post-thumbnail","6":"product_cat-cama-meble","7":"product_cat-vitrines","9":"first","10":"instock","11":"purchasable","12":"product-type-simple"},"_links":{"self":[{"href":"https:\/\/baldumarket.lt\/lt\/wp-json\/wp\/v2\/product\/232754","targetHints":{"allow":["GET"]}}],"collection":[{"href":"https:\/\/baldumarket.lt\/lt\/wp-json\/wp\/v2\/product"}],"about":[{"href":"https:\/\/baldumarket.lt\/lt\/wp-json\/wp\/v2\/types\/product"}],"replies":[{"embeddable":true,"href":"https:\/\/baldumarket.lt\/lt\/wp-json\/wp\/v2\/comments?post=232754"}],"wp:featuredmedia":[{"embeddable":true,"href":"https:\/\/baldumarket.lt\/lt\/wp-json\/wp\/v2\/media\/232755"}],"wp:attachment":[{"href":"https:\/\/baldumarket.lt\/lt\/wp-json\/wp\/v2\/media?parent=232754"}],"wp:term":[{"taxonomy":"product_brand","embeddable":true,"href":"https:\/\/baldumarket.lt\/lt\/wp-json\/wp\/v2\/product_brand?post=232754"},{"taxonomy":"product_cat","embeddable":true,"href":"https:\/\/baldumarket.lt\/lt\/wp-json\/wp\/v2\/product_cat?post=232754"},{"taxonomy":"product_tag","embeddable":true,"href":"https:\/\/baldumarket.lt\/lt\/wp-json\/wp\/v2\/product_tag?post=232754"}],"curies":[{"name":"wp","href":"https:\/\/api.w.org\/{rel}","templated":true}]}}