{"id":232750,"date":"2025-12-29T02:12:44","date_gmt":"2025-12-28T23:12:44","guid":{"rendered":"https:\/\/baldumarket.lt\/product\/soho-kaszmir-witryna-waska-s-1\/"},"modified":"2026-02-11T18:35:52","modified_gmt":"2026-02-11T15:35:52","slug":"soho-kaszmir-witryna-waska-s-1","status":"publish","type":"product","link":"https:\/\/baldumarket.lt\/lt\/product\/soho-kaszmir-witryna-waska-s-1\/","title":{"rendered":"SOHO KA\u0160MYRO SIAUROS VITRINA S-1"},"content":{"rendered":"<p>Kolekcija: SOHO KASZMIR Surinkta: Ne Plotis: 60 Auk\u0161tis: 192 Gylis: 41 Dur\u0173 skai\u010dius: 1 Stal\u010di\u0173 skai\u010dius: 3<br \/>\nSOHO KASZMIR SIAURA EKSPERT\u0116 S-1<br \/>\nSOHO S1 laisvai pastatoma vitrina \u2013 plona eleganti\u0161ka<br \/>\nModerni, auk\u0161ta SOHO S1 vitrina \u2013 stilingas ir funkcionalus sprendimas bet kokiam interjerui. Grak\u0161ti, eleganti\u0161kos ka\u0161myro spalvos, pary\u0161kinta kontrastingomis juodomis detal\u0117mis, suteikia spintelei unikal\u0173, modern\u0173 charakter\u012f.<br \/>\nVitrina turi \u012fstiklint\u0105 ekspozicijos pavir\u0161i\u0173 su gr\u016bdinto stiklo lentynomis, puikiai tinkan\u010diomis stalo \u012frankiams, stiklin\u0117ms ar dekoratyviniams daiktams eksponuoti. Apatin\u0117je spintel\u0117s dalyje yra trys erdv\u016bs stal\u010diai, kurie pad\u0117s palaikyti tvark\u0105 ir sutalpins daugyb\u0119 kasdieni\u0173 daikt\u0173.<br \/>\nJuoda galin\u0117 sienel\u0117 u\u017e stiklo subtiliai i\u0161ry\u0161kina eksponuojamus daiktus, suteikdama gylio ir elegancijos. D\u0117l plonos vitrinos formos ji puikiai tinka valgomajam, svetainei ir virtuvei \u2013 ypa\u010d ten, kur svarbu taupyti viet\u0105.<\/p>","protected":false},"excerpt":{"rendered":"<p>Kolekcija: SOHO KA\u0160MYRAS<br \/>\nPlotis: 60<br \/>\n\u016agis: 192<br \/>\nGylis: 41<br \/>\nDur\u0173 skai\u010dius: 1<br \/>\nStal\u010di\u0173 skai\u010dius: 3<\/p>","protected":false},"featured_media":232751,"comment_status":"open","ping_status":"open","template":"","meta":[],"product_brand":[],"product_cat":[8388,2006],"product_tag":[],"class_list":{"0":"post-232750","1":"product","2":"type-product","3":"status-publish","4":"has-post-thumbnail","6":"product_cat-cama-meble","7":"product_cat-vitrines","9":"first","10":"instock","11":"purchasable","12":"product-type-simple"},"_links":{"self":[{"href":"https:\/\/baldumarket.lt\/lt\/wp-json\/wp\/v2\/product\/232750","targetHints":{"allow":["GET"]}}],"collection":[{"href":"https:\/\/baldumarket.lt\/lt\/wp-json\/wp\/v2\/product"}],"about":[{"href":"https:\/\/baldumarket.lt\/lt\/wp-json\/wp\/v2\/types\/product"}],"replies":[{"embeddable":true,"href":"https:\/\/baldumarket.lt\/lt\/wp-json\/wp\/v2\/comments?post=232750"}],"wp:featuredmedia":[{"embeddable":true,"href":"https:\/\/baldumarket.lt\/lt\/wp-json\/wp\/v2\/media\/232751"}],"wp:attachment":[{"href":"https:\/\/baldumarket.lt\/lt\/wp-json\/wp\/v2\/media?parent=232750"}],"wp:term":[{"taxonomy":"product_brand","embeddable":true,"href":"https:\/\/baldumarket.lt\/lt\/wp-json\/wp\/v2\/product_brand?post=232750"},{"taxonomy":"product_cat","embeddable":true,"href":"https:\/\/baldumarket.lt\/lt\/wp-json\/wp\/v2\/product_cat?post=232750"},{"taxonomy":"product_tag","embeddable":true,"href":"https:\/\/baldumarket.lt\/lt\/wp-json\/wp\/v2\/product_tag?post=232750"}],"curies":[{"name":"wp","href":"https:\/\/api.w.org\/{rel}","templated":true}]}}