{"id":232746,"date":"2025-12-29T02:12:38","date_gmt":"2025-12-28T23:12:38","guid":{"rendered":"https:\/\/baldumarket.lt\/product\/soho-kaszmir-witryna-szeroka-s-6\/"},"modified":"2026-02-11T18:35:52","modified_gmt":"2026-02-11T15:35:52","slug":"soho-kaszmir-witryna-szeroka-s-6","status":"publish","type":"product","link":"https:\/\/baldumarket.lt\/lt\/product\/soho-kaszmir-witryna-szeroka-s-6\/","title":{"rendered":"SOHO KA\u0160MYRO PLATI VITRINA S-6"},"content":{"rendered":"<p>Kolekcija: SOHO KASZMIR Surinkti baldai: Ne Plotis: 80 Auk\u0161tis: 192 Gylis: 41 Dur\u0173 skai\u010dius: 2 Stal\u010di\u0173 skai\u010dius: 2<br \/>\nSOHO KASZMIR PLA\u010cIUS EKRANAS S-6<br \/>\nSOHO S6 laisvai pastatoma vitrina \u2013 modernus dizainas ir prakti\u0161ki sprendimai<br \/>\nPlati SOHO S6 vitrina \u2013 tobulas stiliaus ir funkcionalumo derinys. Eleganti\u0161ka ka\u0161myro spalvos forma su i\u0161skirtiniais juodais akcentais traukia ak\u012f ir puikiai dera prie modernaus interjero dizaino.<br \/>\nVitrina turi dvi duris \u2013 vienas stiklines, kitas tvirtas \u2013 kurios sukuria patraukl\u0173 ekspozicijos erdv\u0117s ir prakti\u0161kos daikt\u0173 laikymo vietos derin\u012f. U\u017e stiklinio priekio yra gr\u016bdinto stiklo lentynos, idealiai tinkan\u010dios eksponuoti stiklinius indus, dekoracijas ar kolekcijas. Tvirtos durys savo ruo\u017etu slepia funkcionalias med\u017eio dro\u017eli\u0173 lentynas, kuriose galima laikyti stalo \u012frankius, tekstil\u0119 ar kitus kasdienius daiktus. Spintel\u0117s apa\u010dioje yra du erdv\u016bs stal\u010diai, puikiai tinkantys nieku\u010diams, dokumentams ar servet\u0117l\u0117ms laikyti. Juoda galin\u0117 sienel\u0117 ekspozicijos srityje subtiliai i\u0161ry\u0161kina eksponuojamus daiktus, suteikdama interjerui gylio ir elegancijos.<br \/>\nSOHO S6 vitrina puikiai tinka svetainei, valgomajam ar moderniai virtuvei \u2013 visur, kur svarbiausias dizainas ir prakti\u0161kumas.<\/p>","protected":false},"excerpt":{"rendered":"<p>Kolekcija: SOHO KA\u0160MYRAS<br \/>\nPlotis: 80<br \/>\n\u016agis: 192<br \/>\nGylis: 41<br \/>\nDur\u0173 skai\u010dius: 2<br \/>\nStal\u010di\u0173 skai\u010dius: 2<\/p>","protected":false},"featured_media":232747,"comment_status":"open","ping_status":"open","template":"","meta":[],"product_brand":[],"product_cat":[8388,2006],"product_tag":[],"class_list":{"0":"post-232746","1":"product","2":"type-product","3":"status-publish","4":"has-post-thumbnail","6":"product_cat-cama-meble","7":"product_cat-vitrines","9":"first","10":"instock","11":"purchasable","12":"product-type-simple"},"_links":{"self":[{"href":"https:\/\/baldumarket.lt\/lt\/wp-json\/wp\/v2\/product\/232746","targetHints":{"allow":["GET"]}}],"collection":[{"href":"https:\/\/baldumarket.lt\/lt\/wp-json\/wp\/v2\/product"}],"about":[{"href":"https:\/\/baldumarket.lt\/lt\/wp-json\/wp\/v2\/types\/product"}],"replies":[{"embeddable":true,"href":"https:\/\/baldumarket.lt\/lt\/wp-json\/wp\/v2\/comments?post=232746"}],"wp:featuredmedia":[{"embeddable":true,"href":"https:\/\/baldumarket.lt\/lt\/wp-json\/wp\/v2\/media\/232747"}],"wp:attachment":[{"href":"https:\/\/baldumarket.lt\/lt\/wp-json\/wp\/v2\/media?parent=232746"}],"wp:term":[{"taxonomy":"product_brand","embeddable":true,"href":"https:\/\/baldumarket.lt\/lt\/wp-json\/wp\/v2\/product_brand?post=232746"},{"taxonomy":"product_cat","embeddable":true,"href":"https:\/\/baldumarket.lt\/lt\/wp-json\/wp\/v2\/product_cat?post=232746"},{"taxonomy":"product_tag","embeddable":true,"href":"https:\/\/baldumarket.lt\/lt\/wp-json\/wp\/v2\/product_tag?post=232746"}],"curies":[{"name":"wp","href":"https:\/\/api.w.org\/{rel}","templated":true}]}}