{"id":232741,"date":"2025-12-29T02:12:32","date_gmt":"2025-12-28T23:12:32","guid":{"rendered":"https:\/\/baldumarket.lt\/product\/soho-kaszmir-szafka-rtv-180\/"},"modified":"2026-02-11T18:35:52","modified_gmt":"2026-02-11T15:35:52","slug":"soho-kaszmir-szafka-rtv-180","status":"publish","type":"product","link":"https:\/\/baldumarket.lt\/lt\/product\/soho-kaszmir-szafka-rtv-180\/","title":{"rendered":"SOHO KA\u0160MYRO TV SPINTEL\u0116 180"},"content":{"rendered":"<p>Kolekcija: SOHO KASZMIR Surinkta: Ne Plotis: 180 Auk\u0161tis: 37 Gylis: 43 cm<br \/>\nSOHO KASZMIR TV SPINTEL\u0116 180<br \/>\nSOHO TV SPINTEL\u0116 180 \u2013 Ka\u0161myro ir juodos spalvos modernus dizainas<br \/>\n180 cm plo\u010dio SOHO televizoriaus spintel\u0117 \u2013 tai tobulas modernaus dizaino ir funkcionalumo derinys. Eleganti\u0161ka ka\u0161myro apdaila, derinama su kontrastingais juodais elementais, sukuria unikaliai stiling\u0105 bald\u0105, kuris puikiai papildys modern\u0173, minimalistin\u012f ir lofto stili\u0173 interjerus.<br \/>\nSpintel\u0117 turi dvi erdvias spinteles su varstomais fasadais ir atviromis lentynomis multimedijos \u012frangai, knygoms ar dekoracijoms. Stabili konstrukcija ir \u017eemos kojel\u0117s u\u017etikrina patvarum\u0105 ir modern\u0173 vaizd\u0105.<br \/>\nTai ne tik daikt\u0173 laikymo spintel\u0117, bet ir dizainerio akcentas, kuris suteiks j\u016bs\u0173 svetainei charakterio.<\/p>","protected":false},"excerpt":{"rendered":"<p>Kolekcija: SOHO KA\u0160MYRAS<br \/>\nPlotis: 180<br \/>\n\u016agis: 37<br \/>\nGylis: 43<\/p>","protected":false},"featured_media":232742,"comment_status":"open","ping_status":"open","template":"","meta":[],"product_brand":[],"product_cat":[8388,1175],"product_tag":[],"class_list":{"0":"post-232741","1":"product","2":"type-product","3":"status-publish","4":"has-post-thumbnail","6":"product_cat-cama-meble","7":"product_cat-tv-stands","9":"first","10":"instock","11":"purchasable","12":"product-type-simple"},"_links":{"self":[{"href":"https:\/\/baldumarket.lt\/lt\/wp-json\/wp\/v2\/product\/232741","targetHints":{"allow":["GET"]}}],"collection":[{"href":"https:\/\/baldumarket.lt\/lt\/wp-json\/wp\/v2\/product"}],"about":[{"href":"https:\/\/baldumarket.lt\/lt\/wp-json\/wp\/v2\/types\/product"}],"replies":[{"embeddable":true,"href":"https:\/\/baldumarket.lt\/lt\/wp-json\/wp\/v2\/comments?post=232741"}],"wp:featuredmedia":[{"embeddable":true,"href":"https:\/\/baldumarket.lt\/lt\/wp-json\/wp\/v2\/media\/232742"}],"wp:attachment":[{"href":"https:\/\/baldumarket.lt\/lt\/wp-json\/wp\/v2\/media?parent=232741"}],"wp:term":[{"taxonomy":"product_brand","embeddable":true,"href":"https:\/\/baldumarket.lt\/lt\/wp-json\/wp\/v2\/product_brand?post=232741"},{"taxonomy":"product_cat","embeddable":true,"href":"https:\/\/baldumarket.lt\/lt\/wp-json\/wp\/v2\/product_cat?post=232741"},{"taxonomy":"product_tag","embeddable":true,"href":"https:\/\/baldumarket.lt\/lt\/wp-json\/wp\/v2\/product_tag?post=232741"}],"curies":[{"name":"wp","href":"https:\/\/api.w.org\/{rel}","templated":true}]}}