{"id":232727,"date":"2025-12-29T02:12:13","date_gmt":"2025-12-28T23:12:13","guid":{"rendered":"https:\/\/baldumarket.lt\/product\/soho-kaszmir-komoda-s-7\/"},"modified":"2026-02-11T18:35:53","modified_gmt":"2026-02-11T15:35:53","slug":"soho-kaszmir-komoda-s-7","status":"publish","type":"product","link":"https:\/\/baldumarket.lt\/lt\/product\/soho-kaszmir-komoda-s-7\/","title":{"rendered":"SOHO KA\u0160MYRO KOMODOS S-7"},"content":{"rendered":"<p>Kolekcija: SOHO KASZMIR Surinkta: Ne Plotis: 120 Auk\u0161tis: 80 Gylis: 41 Dur\u0173 skai\u010dius: 3<br \/>\nKomoda SOHO KASZMIR S-7<br \/>\nSOHO komoda \u2013 modernus eleganti\u0161kas ka\u0161myro spalvos<br \/>\n\u0160i stilinga SOHO kolekcijos komoda derina modern\u0173 dizain\u0105 ir auk\u0161t\u0105 funkcionalum\u0105. Pagaminta i\u0161 madingo ka\u0161myro atspalvio ir papuo\u0161ta juodomis detal\u0117mis, ji suteikia elegancijos bet kokiam interjerui \u2013 nuo svetain\u0117s iki valgomojo ir miegamojo.<br \/>\nKomoda turi tris fasadus: \u0161onuose yra dvejos tvirtos durel\u0117s, u\u017e kuri\u0173 pasl\u0117ptos prakti\u0161kos med\u017eio dro\u017eli\u0173 lentynos \u2013 idealiai tinka dokumentams, tekstilei ar kitiems nam\u0173 aksesuarams laikyti. Centrin\u0119 spintel\u0117s dal\u012f sudaro stiklin\u0117s durel\u0117s, u\u017e kuri\u0173 yra stiklin\u0117s lentynos, puikiai tinkan\u010dios dekoratyviniams daiktams, stiklo dirbiniams ar porcelianui eksponuoti.<br \/>\nJuoda galin\u0117 sienel\u0117 ekspozicijos srityje ir juodi strukt\u016briniai akcentai pabr\u0117\u017eia modern\u0173 baldo charakter\u012f ir suteikia gylio. SOHO komoda ne tik sutvarko erdv\u0119, bet ir padidina interjero estetin\u0119 vert\u0119.<\/p>","protected":false},"excerpt":{"rendered":"<p>Kolekcija: SOHO KA\u0160MYRAS<br \/>\nPlotis: 120<br \/>\n\u016agis: 80<br \/>\nGylis: 41<br \/>\nDur\u0173 skai\u010dius: 3<\/p>","protected":false},"featured_media":232728,"comment_status":"open","ping_status":"open","template":"","meta":[],"product_brand":[],"product_cat":[8388,1173],"product_tag":[],"class_list":{"0":"post-232727","1":"product","2":"type-product","3":"status-publish","4":"has-post-thumbnail","6":"product_cat-cama-meble","7":"product_cat-chests-of-drawers","9":"first","10":"instock","11":"purchasable","12":"product-type-simple"},"_links":{"self":[{"href":"https:\/\/baldumarket.lt\/lt\/wp-json\/wp\/v2\/product\/232727","targetHints":{"allow":["GET"]}}],"collection":[{"href":"https:\/\/baldumarket.lt\/lt\/wp-json\/wp\/v2\/product"}],"about":[{"href":"https:\/\/baldumarket.lt\/lt\/wp-json\/wp\/v2\/types\/product"}],"replies":[{"embeddable":true,"href":"https:\/\/baldumarket.lt\/lt\/wp-json\/wp\/v2\/comments?post=232727"}],"wp:featuredmedia":[{"embeddable":true,"href":"https:\/\/baldumarket.lt\/lt\/wp-json\/wp\/v2\/media\/232728"}],"wp:attachment":[{"href":"https:\/\/baldumarket.lt\/lt\/wp-json\/wp\/v2\/media?parent=232727"}],"wp:term":[{"taxonomy":"product_brand","embeddable":true,"href":"https:\/\/baldumarket.lt\/lt\/wp-json\/wp\/v2\/product_brand?post=232727"},{"taxonomy":"product_cat","embeddable":true,"href":"https:\/\/baldumarket.lt\/lt\/wp-json\/wp\/v2\/product_cat?post=232727"},{"taxonomy":"product_tag","embeddable":true,"href":"https:\/\/baldumarket.lt\/lt\/wp-json\/wp\/v2\/product_tag?post=232727"}],"curies":[{"name":"wp","href":"https:\/\/api.w.org\/{rel}","templated":true}]}}