{"id":232713,"date":"2025-12-29T02:11:55","date_gmt":"2025-12-28T23:11:55","guid":{"rendered":"https:\/\/baldumarket.lt\/product\/slide-rtv-200-cm-bialy-polysk\/"},"modified":"2026-02-11T18:35:53","modified_gmt":"2026-02-11T15:35:53","slug":"slide-rtv-200-cm-bialy-polysk","status":"publish","type":"product","link":"https:\/\/baldumarket.lt\/lt\/product\/slide-rtv-200-cm-bialy-polysk\/","title":{"rendered":"SLIED\u0116 RTV 200 cm balta blizgi"},"content":{"rendered":"<p>TV SKAIDYKL\u0116 200 cm<br \/>\nDizainas:<br \/>\nVir\u0161us, \u0161onai ir priekis: 16 mm storio blizgi balta MDF plok\u0161t\u0117<br \/>\nBriauna: blizgi balta<br \/>\nApa\u010dia: 16 mm matin\u0117 balta lenta<br \/>\nRankenos: n\u0117ra, PUSH-CLICK sistema<br \/>\nSpalva:<br \/>\nblizgi balta<br \/>\nTelevizoriaus spintel\u0117 turi \u017eemyn atsidaran\u010dius atvartus kair\u0117je ir de\u0161in\u0117je pus\u0117se, blizgius priekius, blizgius \u0161onus ir vir\u0161\u0173 bei prie sienos tvirtinam\u0105 spintel\u0119 (prisukam\u0105 prie sienos kai\u0161\u010diais).<br \/>\nGalima \u012frengti lentyn\u0105 arba \u017eidin\u012f.<br \/>\n\u017didinys parduodamas atskirai \u2013 papildomas pasirinkimas.<br \/>\n\u017didinio parametrai:<br \/>\nLiepsnos spalvos:<br \/>\nm\u0117lyna<br \/>\nraudona<br \/>\nvioletin\u0117\/ro\u017ein\u0117<br \/>\nMaitinimo \u0161altinis: 220\u2013240 V \/ 50 Hz<br \/>\nGalia: 1400 W\u20131600 W<br \/>\n\u0160ildymo funkcija: 16\u201328 \u00b0C<\/p>","protected":false},"excerpt":{"rendered":"<p>\u016agis cm: 37<br \/>\nPlotis cm: 200<br \/>\nGylis cm: 40<br \/>\nDur\u0173 skai\u010dius: 2<\/p>","protected":false},"featured_media":232714,"comment_status":"open","ping_status":"open","template":"","meta":[],"product_brand":[],"product_cat":[8388,1175],"product_tag":[],"class_list":{"0":"post-232713","1":"product","2":"type-product","3":"status-publish","4":"has-post-thumbnail","6":"product_cat-cama-meble","7":"product_cat-tv-stands","9":"first","10":"instock","11":"purchasable","12":"product-type-simple"},"_links":{"self":[{"href":"https:\/\/baldumarket.lt\/lt\/wp-json\/wp\/v2\/product\/232713","targetHints":{"allow":["GET"]}}],"collection":[{"href":"https:\/\/baldumarket.lt\/lt\/wp-json\/wp\/v2\/product"}],"about":[{"href":"https:\/\/baldumarket.lt\/lt\/wp-json\/wp\/v2\/types\/product"}],"replies":[{"embeddable":true,"href":"https:\/\/baldumarket.lt\/lt\/wp-json\/wp\/v2\/comments?post=232713"}],"wp:featuredmedia":[{"embeddable":true,"href":"https:\/\/baldumarket.lt\/lt\/wp-json\/wp\/v2\/media\/232714"}],"wp:attachment":[{"href":"https:\/\/baldumarket.lt\/lt\/wp-json\/wp\/v2\/media?parent=232713"}],"wp:term":[{"taxonomy":"product_brand","embeddable":true,"href":"https:\/\/baldumarket.lt\/lt\/wp-json\/wp\/v2\/product_brand?post=232713"},{"taxonomy":"product_cat","embeddable":true,"href":"https:\/\/baldumarket.lt\/lt\/wp-json\/wp\/v2\/product_cat?post=232713"},{"taxonomy":"product_tag","embeddable":true,"href":"https:\/\/baldumarket.lt\/lt\/wp-json\/wp\/v2\/product_tag?post=232713"}],"curies":[{"name":"wp","href":"https:\/\/api.w.org\/{rel}","templated":true}]}}