{"id":232709,"date":"2025-12-29T02:11:50","date_gmt":"2025-12-28T23:11:50","guid":{"rendered":"https:\/\/baldumarket.lt\/product\/siena-szafki-nocne-czarny-mat\/"},"modified":"2026-02-11T18:35:53","modified_gmt":"2026-02-11T15:35:53","slug":"siena-szafki-nocne-czarny-mat","status":"publish","type":"product","link":"https:\/\/baldumarket.lt\/lt\/product\/siena-szafki-nocne-czarny-mat\/","title":{"rendered":"SIENA NAKTIN\u0116S SPINTEL\u0116S, MATIN\u0116S JUODOS SPALVOS"},"content":{"rendered":"<p>SIENA NAKTIN\u0116S SPINTEL\u0116S, MATINIS JUODAS<br \/>\nMed\u017eiaga:<br \/>\nKarkasas: 16 mm storio laminuota plok\u0161t\u0117<br \/>\nPriekin\u0117 dalis: 16 mm storio MDF plok\u0161t\u0117 su matomais grioveliais<br \/>\nKojel\u0117s: metalin\u0117s, dera prie bald\u0173 spalvos, 20 cm auk\u0161\u010dio<br \/>\nRankenos: n\u0117ra, atidarymo sistema \u201ePUSH TO OPERATION\u201c<br \/>\nSpalvos:<br \/>\nMatin\u0117 juoda arba matin\u0117 sm\u0117lio spalvos<\/p>","protected":false},"excerpt":{"rendered":"<p>Kolekcija: SIENA<br \/>\nPlotis: 44,5<br \/>\n\u016agis: 59<br \/>\nGylis: 40<\/p>","protected":false},"featured_media":232710,"comment_status":"open","ping_status":"open","template":"","meta":[],"product_brand":[],"product_cat":[1176,8388],"product_tag":[],"class_list":{"0":"post-232709","1":"product","2":"type-product","3":"status-publish","4":"has-post-thumbnail","6":"product_cat-bedside-tables","7":"product_cat-cama-meble","9":"first","10":"instock","11":"purchasable","12":"product-type-simple"},"_links":{"self":[{"href":"https:\/\/baldumarket.lt\/lt\/wp-json\/wp\/v2\/product\/232709","targetHints":{"allow":["GET"]}}],"collection":[{"href":"https:\/\/baldumarket.lt\/lt\/wp-json\/wp\/v2\/product"}],"about":[{"href":"https:\/\/baldumarket.lt\/lt\/wp-json\/wp\/v2\/types\/product"}],"replies":[{"embeddable":true,"href":"https:\/\/baldumarket.lt\/lt\/wp-json\/wp\/v2\/comments?post=232709"}],"wp:featuredmedia":[{"embeddable":true,"href":"https:\/\/baldumarket.lt\/lt\/wp-json\/wp\/v2\/media\/232710"}],"wp:attachment":[{"href":"https:\/\/baldumarket.lt\/lt\/wp-json\/wp\/v2\/media?parent=232709"}],"wp:term":[{"taxonomy":"product_brand","embeddable":true,"href":"https:\/\/baldumarket.lt\/lt\/wp-json\/wp\/v2\/product_brand?post=232709"},{"taxonomy":"product_cat","embeddable":true,"href":"https:\/\/baldumarket.lt\/lt\/wp-json\/wp\/v2\/product_cat?post=232709"},{"taxonomy":"product_tag","embeddable":true,"href":"https:\/\/baldumarket.lt\/lt\/wp-json\/wp\/v2\/product_tag?post=232709"}],"curies":[{"name":"wp","href":"https:\/\/api.w.org\/{rel}","templated":true}]}}