{"id":232701,"date":"2025-12-29T02:11:40","date_gmt":"2025-12-28T23:11:40","guid":{"rendered":"https:\/\/baldumarket.lt\/product\/siena-rtv-200-czarny-mat\/"},"modified":"2026-02-11T18:35:53","modified_gmt":"2026-02-11T15:35:53","slug":"siena-rtv-200-czarny-mat","status":"publish","type":"product","link":"https:\/\/baldumarket.lt\/lt\/product\/siena-rtv-200-czarny-mat\/","title":{"rendered":"SIENA RTV 200 RYTIN\u0116 JUODA"},"content":{"rendered":"<p>SIENA TV 200 MATIN\u0116 JUODA<br \/>\n\u0160is baldas b\u016bt\u0173 eleganti\u0161kas ir modernus, puikiai tinkantis minimalistiniam interjerui. Juoda apdaila suteikt\u0173 klas\u0117s, o frezuotas fasadas \u2013 \u012fdomios tekst\u016bros. Kojel\u0117s suteikt\u0173 spintelei lengvumo ir subtilumo, o tai atitinka \u0161iuolaikines interjero dizaino tendencijas.<br \/>\nMed\u017eiaga:<br \/>\nKorpusas: 16 mm storio laminuota plok\u0161t\u0117<br \/>\nPriekin\u0117s dalys: 16 mm storio MDF plok\u0161t\u0117 su matomu frezavimu<br \/>\nKojel\u0117s: metalin\u0117s, dera prie baldo spalvos, 20 cm auk\u0161\u010dio<br \/>\nRankenos: n\u0117ra, atidarymo sistema \u201ePUSH TO OPERATION\u201c<br \/>\nSpalvos:<br \/>\nMatin\u0117 juoda arba matin\u0117 sm\u0117lio spalvos<\/p>","protected":false},"excerpt":{"rendered":"<p>Kolekcija: SIENA<br \/>\nPlotis: 200,5<br \/>\n\u016agis: 60<br \/>\nGylis: 40<br \/>\nDur\u0173 skai\u010dius: 4<\/p>","protected":false},"featured_media":232702,"comment_status":"open","ping_status":"open","template":"","meta":[],"product_brand":[],"product_cat":[8388,1175],"product_tag":[],"class_list":{"0":"post-232701","1":"product","2":"type-product","3":"status-publish","4":"has-post-thumbnail","6":"product_cat-cama-meble","7":"product_cat-tv-stands","9":"first","10":"instock","11":"purchasable","12":"product-type-simple"},"_links":{"self":[{"href":"https:\/\/baldumarket.lt\/lt\/wp-json\/wp\/v2\/product\/232701","targetHints":{"allow":["GET"]}}],"collection":[{"href":"https:\/\/baldumarket.lt\/lt\/wp-json\/wp\/v2\/product"}],"about":[{"href":"https:\/\/baldumarket.lt\/lt\/wp-json\/wp\/v2\/types\/product"}],"replies":[{"embeddable":true,"href":"https:\/\/baldumarket.lt\/lt\/wp-json\/wp\/v2\/comments?post=232701"}],"wp:featuredmedia":[{"embeddable":true,"href":"https:\/\/baldumarket.lt\/lt\/wp-json\/wp\/v2\/media\/232702"}],"wp:attachment":[{"href":"https:\/\/baldumarket.lt\/lt\/wp-json\/wp\/v2\/media?parent=232701"}],"wp:term":[{"taxonomy":"product_brand","embeddable":true,"href":"https:\/\/baldumarket.lt\/lt\/wp-json\/wp\/v2\/product_brand?post=232701"},{"taxonomy":"product_cat","embeddable":true,"href":"https:\/\/baldumarket.lt\/lt\/wp-json\/wp\/v2\/product_cat?post=232701"},{"taxonomy":"product_tag","embeddable":true,"href":"https:\/\/baldumarket.lt\/lt\/wp-json\/wp\/v2\/product_tag?post=232701"}],"curies":[{"name":"wp","href":"https:\/\/api.w.org\/{rel}","templated":true}]}}