{"id":232652,"date":"2025-12-29T02:10:25","date_gmt":"2025-12-28T23:10:25","guid":{"rendered":"https:\/\/baldumarket.lt\/product\/rtv-merci-180-ef\/"},"modified":"2026-02-11T18:35:53","modified_gmt":"2026-02-11T15:35:53","slug":"rtv-merci-180-ef","status":"publish","type":"product","link":"https:\/\/baldumarket.lt\/lt\/product\/rtv-merci-180-ef\/","title":{"rendered":"RTV MERCI &#039;180&#039; EF"},"content":{"rendered":"<p>A\u010cI\u016a \u2018180\u2019 EF televizoriui<br \/>\nApra\u0161ymas ir specifikacijos<br \/>\nMERCI kolekcija pasi\u017eymi moderniu stiliumi ir \u012fdomiu dizainu. Lygi\u0173 meni\u0161ko \u0105\u017euolo fasad\u0173 ir vertikaliai frezuoto juodo intarpo derinys i\u0161skiria j\u0105 i\u0161 kit\u0173 bald\u0173. Stilingos kojel\u0117s kartu su \u012fdomia spalv\u0173 gama papuo\u0161 daugel\u012f i\u0161d\u0117stym\u0173.<br \/>\nMed\u017eiaga:<br \/>\nKorpusas: 16 mm plok\u0161t\u0117<br \/>\nPriekin\u0117s dalys: 16 mm plok\u0161t\u0117 + 16 mm laminuotas MDF \u012fd\u0117klas<br \/>\nRankenos: n\u0117ra, atidarymo sistema \u201ePUSH TO OPERATION\u201c<br \/>\nKojel\u0117s: juodo metalo, 14 cm auk\u0161\u010dio<br \/>\nProdukto apra\u0161ymas:<br \/>\nDu \u0161oniniai atidaromi fasadai<br \/>\nViena lentyna viduje<br \/>\nCentrin\u0117 lentyna<\/p>","protected":false},"excerpt":{"rendered":"<p>Kolekcija: A\u010cI\u016a<br \/>\nPlotis: 180<br \/>\n\u016agis: 53,5<br \/>\nGylis: 40<br \/>\nDur\u0173 skai\u010dius: 2<\/p>","protected":false},"featured_media":232653,"comment_status":"open","ping_status":"open","template":"","meta":[],"product_brand":[],"product_cat":[8388,1175],"product_tag":[],"class_list":{"0":"post-232652","1":"product","2":"type-product","3":"status-publish","4":"has-post-thumbnail","6":"product_cat-cama-meble","7":"product_cat-tv-stands","9":"first","10":"instock","11":"purchasable","12":"product-type-simple"},"_links":{"self":[{"href":"https:\/\/baldumarket.lt\/lt\/wp-json\/wp\/v2\/product\/232652","targetHints":{"allow":["GET"]}}],"collection":[{"href":"https:\/\/baldumarket.lt\/lt\/wp-json\/wp\/v2\/product"}],"about":[{"href":"https:\/\/baldumarket.lt\/lt\/wp-json\/wp\/v2\/types\/product"}],"replies":[{"embeddable":true,"href":"https:\/\/baldumarket.lt\/lt\/wp-json\/wp\/v2\/comments?post=232652"}],"wp:featuredmedia":[{"embeddable":true,"href":"https:\/\/baldumarket.lt\/lt\/wp-json\/wp\/v2\/media\/232653"}],"wp:attachment":[{"href":"https:\/\/baldumarket.lt\/lt\/wp-json\/wp\/v2\/media?parent=232652"}],"wp:term":[{"taxonomy":"product_brand","embeddable":true,"href":"https:\/\/baldumarket.lt\/lt\/wp-json\/wp\/v2\/product_brand?post=232652"},{"taxonomy":"product_cat","embeddable":true,"href":"https:\/\/baldumarket.lt\/lt\/wp-json\/wp\/v2\/product_cat?post=232652"},{"taxonomy":"product_tag","embeddable":true,"href":"https:\/\/baldumarket.lt\/lt\/wp-json\/wp\/v2\/product_tag?post=232652"}],"curies":[{"name":"wp","href":"https:\/\/api.w.org\/{rel}","templated":true}]}}