{"id":232638,"date":"2025-12-29T02:09:55","date_gmt":"2025-12-28T23:09:55","guid":{"rendered":"https:\/\/baldumarket.lt\/product\/rtv-lara-bialy-kominek-elektryczny\/"},"modified":"2026-02-11T18:35:54","modified_gmt":"2026-02-11T15:35:54","slug":"rtv-lara-bialy-kominek-elektryczny","status":"publish","type":"product","link":"https:\/\/baldumarket.lt\/lt\/product\/rtv-lara-bialy-kominek-elektryczny\/","title":{"rendered":"LARA baltas televizorius + elektrinis \u017eidinys"},"content":{"rendered":"<p>LARA televizoriaus staliukas su \u017eidiniu \u2013 puikus svetain\u0117s papildymas. Jo dizainas ir elektrinis \u017eidinys suteiks elegancijos bet kuriam kambariui. \u0160is staliukas \u2013 idealus sprendimas kambariams, kuriuose n\u0117ra vietos \u017eidiniui.<br \/>\nMed\u017eiaga:<br \/>\nVir\u0161utin\u0117 ir apatin\u0117 plok\u0161t\u0117s: 16 mm laminuota plok\u0161t\u0117<br \/>\n\u0160onai: 18 mm MDF su matomais grioveliais + PVC folija<br \/>\nPriekin\u0117s dalys: 18 mm MDF su matomais grioveliais + PVC folija<br \/>\nKojel\u0117s: n\u0117ra, montuojamas ant sienos<br \/>\nRankenos: n\u0117ra, priekin\u0117s dalys i\u0161siki\u0161a u\u017e stalvir\u0161io rib\u0173<br \/>\nTelevizoriaus apra\u0161ymas:<br \/>\nDu \u0161oniniai atidaromi fasadai<br \/>\nMatiniai fasadai<br \/>\nElektrinis \u017eidinys centre<br \/>\nPrie sienos tvirtinamas \u012frenginys (prisukamas prie sienos kai\u0161\u010diais)<br \/>\nElektrinio \u017eidinio apra\u0161ymas:<br \/>\nMaitinimo \u0161altinis: 220\u2013240 V \/ 50 Hz<br \/>\nNominali galia: 1400 W\u20131600 W<br \/>\n\u0160ildymo funkcija: 16\u201328 \u2103<br \/>\nLiepsnos spalvos: raudona, m\u0117lyna, violetin\u0117\/ro\u017ein\u0117 \u2013 kei\u010diamos nuotolinio valdymo pultu<\/p>","protected":false},"excerpt":{"rendered":"<p>\u016agis cm: 37<br \/>\nPlotis cm: 183<br \/>\nGylis cm: 35<\/p>","protected":false},"featured_media":232639,"comment_status":"open","ping_status":"open","template":"","meta":[],"product_brand":[],"product_cat":[8388,1175],"product_tag":[],"class_list":{"0":"post-232638","1":"product","2":"type-product","3":"status-publish","4":"has-post-thumbnail","6":"product_cat-cama-meble","7":"product_cat-tv-stands","9":"first","10":"instock","11":"purchasable","12":"product-type-simple"},"_links":{"self":[{"href":"https:\/\/baldumarket.lt\/lt\/wp-json\/wp\/v2\/product\/232638","targetHints":{"allow":["GET"]}}],"collection":[{"href":"https:\/\/baldumarket.lt\/lt\/wp-json\/wp\/v2\/product"}],"about":[{"href":"https:\/\/baldumarket.lt\/lt\/wp-json\/wp\/v2\/types\/product"}],"replies":[{"embeddable":true,"href":"https:\/\/baldumarket.lt\/lt\/wp-json\/wp\/v2\/comments?post=232638"}],"wp:featuredmedia":[{"embeddable":true,"href":"https:\/\/baldumarket.lt\/lt\/wp-json\/wp\/v2\/media\/232639"}],"wp:attachment":[{"href":"https:\/\/baldumarket.lt\/lt\/wp-json\/wp\/v2\/media?parent=232638"}],"wp:term":[{"taxonomy":"product_brand","embeddable":true,"href":"https:\/\/baldumarket.lt\/lt\/wp-json\/wp\/v2\/product_brand?post=232638"},{"taxonomy":"product_cat","embeddable":true,"href":"https:\/\/baldumarket.lt\/lt\/wp-json\/wp\/v2\/product_cat?post=232638"},{"taxonomy":"product_tag","embeddable":true,"href":"https:\/\/baldumarket.lt\/lt\/wp-json\/wp\/v2\/product_tag?post=232638"}],"curies":[{"name":"wp","href":"https:\/\/api.w.org\/{rel}","templated":true}]}}