{"id":232631,"date":"2025-12-29T02:09:47","date_gmt":"2025-12-28T23:09:47","guid":{"rendered":"https:\/\/baldumarket.lt\/product\/rova-szafka-rtv-z-kominkiem\/"},"modified":"2026-02-11T18:35:54","modified_gmt":"2026-02-11T15:35:54","slug":"rova-szafka-rtv-z-kominkiem","status":"publish","type":"product","link":"https:\/\/baldumarket.lt\/lt\/product\/rova-szafka-rtv-z-kominkiem\/","title":{"rendered":"ROVA TV spintel\u0117 su \u017eidiniu"},"content":{"rendered":"<p>ROVA TV STOV\u0116LIS BALTOS ARBA JUODOS SPALVOS SU \u017dIDINIU<br \/>\nROVA EF televizoriaus staliukas i\u0161siskiria i\u0161 kit\u0173 modeli\u0173 stikliniu stalvir\u0161iu, kuriame \u012fmontuotas ap\u0161vietimas, suteikiantis charakterio. Kartu su elektriniu \u017eidiniu gal\u0117site patogiai \u012fsitaisyti fotelyje ir atsipalaiduoti. \u017didinys su\u0161ildys j\u016bs\u0173 namus \u0161altomis dienomis ir atv\u0117sins kar\u0161tomis. Tai puikus sprendimas, norint, kad j\u016bs\u0173 namai b\u016bt\u0173 jauk\u016bs ir eleganti\u0161ki. Med\u017eiaga:<br \/>\nKorpusas: 16 mm matin\u0117 laminuota med\u017eio dro\u017eli\u0173 plok\u0161t\u0117<br \/>\nPriekin\u0117s dalys: 16 mm blizgios MDF plok\u0161t\u0117s<br \/>\nStiklinis vir\u0161us: 8 mm stiklas<br \/>\nRankenos: plastikin\u0117s<br \/>\nTelevizoriaus spintel\u0117s apra\u0161ymas:<br \/>\nDu \u017eemyn atsidarantys atvartai<br \/>\nViena vidin\u0117 erdv\u0117<br \/>\nElektrinis \u017eidinys centre<br \/>\nElektrinio \u017eidinio apra\u0161ymas:<br \/>\nMaitinimo \u0161altinis: 220\u2013240 V \/ 50 Hz<br \/>\nNominali galia: 1400 W\u20131600 W<br \/>\n\u0160ildymo funkcija: 16\u201328 \u2103<br \/>\nLiepsnos spalvos: raudona, m\u0117lyna, violetin\u0117\/ro\u017ein\u0117 \u2013 kei\u010diamos nuotolinio valdymo pulteliu<br \/>\n\u012eskai\u010diuotas \u017eidinys<br \/>\nVir\u0161utinio stiklo ap\u0161vietimas neprivalomas<\/p>","protected":false},"excerpt":{"rendered":"<p>\u016agis cm: 48<br \/>\nPlotis cm: 190<br \/>\nGylis cm: 37<br \/>\nDur\u0173 skai\u010dius: 2<br \/>\nAp\u0161vietimas: Pasirinktinai u\u017e papildom\u0105 mokest\u012f<\/p>","protected":false},"featured_media":232632,"comment_status":"open","ping_status":"open","template":"","meta":[],"product_brand":[],"product_cat":[8388,1175],"product_tag":[],"class_list":{"0":"post-232631","1":"product","2":"type-product","3":"status-publish","4":"has-post-thumbnail","6":"product_cat-cama-meble","7":"product_cat-tv-stands","9":"first","10":"instock","11":"purchasable","12":"product-type-simple"},"_links":{"self":[{"href":"https:\/\/baldumarket.lt\/lt\/wp-json\/wp\/v2\/product\/232631","targetHints":{"allow":["GET"]}}],"collection":[{"href":"https:\/\/baldumarket.lt\/lt\/wp-json\/wp\/v2\/product"}],"about":[{"href":"https:\/\/baldumarket.lt\/lt\/wp-json\/wp\/v2\/types\/product"}],"replies":[{"embeddable":true,"href":"https:\/\/baldumarket.lt\/lt\/wp-json\/wp\/v2\/comments?post=232631"}],"wp:featuredmedia":[{"embeddable":true,"href":"https:\/\/baldumarket.lt\/lt\/wp-json\/wp\/v2\/media\/232632"}],"wp:attachment":[{"href":"https:\/\/baldumarket.lt\/lt\/wp-json\/wp\/v2\/media?parent=232631"}],"wp:term":[{"taxonomy":"product_brand","embeddable":true,"href":"https:\/\/baldumarket.lt\/lt\/wp-json\/wp\/v2\/product_brand?post=232631"},{"taxonomy":"product_cat","embeddable":true,"href":"https:\/\/baldumarket.lt\/lt\/wp-json\/wp\/v2\/product_cat?post=232631"},{"taxonomy":"product_tag","embeddable":true,"href":"https:\/\/baldumarket.lt\/lt\/wp-json\/wp\/v2\/product_tag?post=232631"}],"curies":[{"name":"wp","href":"https:\/\/api.w.org\/{rel}","templated":true}]}}