{"id":232603,"date":"2025-12-29T02:09:11","date_gmt":"2025-12-28T23:09:11","guid":{"rendered":"https:\/\/baldumarket.lt\/product\/rafael-komoda-200-4d\/"},"modified":"2026-02-11T18:35:54","modified_gmt":"2026-02-11T15:35:54","slug":"rafael-komoda-200-4d","status":"publish","type":"product","link":"https:\/\/baldumarket.lt\/lt\/product\/rafael-komoda-200-4d\/","title":{"rendered":"RAFAEL CHEST 200 4D"},"content":{"rendered":"<p>Kolekcija: RAFAEL Surinkti baldai: Ne Plotis: 200 Auk\u0161tis: 75 Gylis: 42 Dur\u0173 skai\u010dius: 4<br \/>\nRAFAEL 200 4-D komoda<br \/>\nRAFAEL kolekcija \u2013 modernus dizainas ir funkcionalumas<br \/>\n\u201eRAFAEL\u201c kolekcija apjungia minimalistines formas, eleganti\u0161kas apdailas ir prakti\u0161kus sprendimus j\u016bs\u0173 interjerui. Kiekvienas baldas sukurtas taip, kad derint\u0173 estetik\u0105 ir komfort\u0105. Med\u017eiagos:<br \/>\nKorpusas: 16 mm laminuota plok\u0161t\u0117 \u2013 patvari ir atspari pa\u017eeidimams<br \/>\nPriekin\u0117s dalys: 16 mm MDF plok\u0161t\u0117, padengta PVC pl\u0117vele \u2013 lygi ir lengvai valoma<br \/>\nKojel\u0117s: metalin\u0117s, baldo spalvos, 20 cm auk\u0161\u010dio \u2013 stabilios ir lengvos<br \/>\nAtidarymo sistema: SPAUSKITE, KAD ATIDARYTUM\u0116TE \u2013 be ranken\u0117li\u0173, visi\u0161ka elegancija<br \/>\nSpalvos:<br \/>\nINDIGO (tamsiai m\u0117lyna) \u2013 sodrus, modernus atspalvis<br \/>\nRAUDONA TOSKANO (russet) \u2013 \u0161ilta, energinga spalva<br \/>\nKa\u0161myras \u2013 subtilus ir eleganti\u0161kas<br \/>\nTurimi RAFAEL kolekcijos gaminiai:<br \/>\n200 cm televizoriaus staliukas, 4 dur\u0173<br \/>\nDviej\u0173 dur\u0173 televizoriaus staliukas su \u017eidiniu<br \/>\n4 dur\u0173 komoda<br \/>\nKiekvienas modelis yra trij\u0173 spalv\u0173, tod\u0117l baldus galite derinti prie savo interjero.<\/p>","protected":false},"excerpt":{"rendered":"<p>Kolekcija: RAFAEL<br \/>\nPlotis: 200<br \/>\n\u016agis: 75<br \/>\nGylis: 42<br \/>\nDur\u0173 skai\u010dius: 4<\/p>","protected":false},"featured_media":232604,"comment_status":"open","ping_status":"open","template":"","meta":[],"product_brand":[],"product_cat":[8388,1173],"product_tag":[],"class_list":{"0":"post-232603","1":"product","2":"type-product","3":"status-publish","4":"has-post-thumbnail","6":"product_cat-cama-meble","7":"product_cat-chests-of-drawers","9":"first","10":"instock","11":"purchasable","12":"product-type-simple"},"_links":{"self":[{"href":"https:\/\/baldumarket.lt\/lt\/wp-json\/wp\/v2\/product\/232603","targetHints":{"allow":["GET"]}}],"collection":[{"href":"https:\/\/baldumarket.lt\/lt\/wp-json\/wp\/v2\/product"}],"about":[{"href":"https:\/\/baldumarket.lt\/lt\/wp-json\/wp\/v2\/types\/product"}],"replies":[{"embeddable":true,"href":"https:\/\/baldumarket.lt\/lt\/wp-json\/wp\/v2\/comments?post=232603"}],"wp:featuredmedia":[{"embeddable":true,"href":"https:\/\/baldumarket.lt\/lt\/wp-json\/wp\/v2\/media\/232604"}],"wp:attachment":[{"href":"https:\/\/baldumarket.lt\/lt\/wp-json\/wp\/v2\/media?parent=232603"}],"wp:term":[{"taxonomy":"product_brand","embeddable":true,"href":"https:\/\/baldumarket.lt\/lt\/wp-json\/wp\/v2\/product_brand?post=232603"},{"taxonomy":"product_cat","embeddable":true,"href":"https:\/\/baldumarket.lt\/lt\/wp-json\/wp\/v2\/product_cat?post=232603"},{"taxonomy":"product_tag","embeddable":true,"href":"https:\/\/baldumarket.lt\/lt\/wp-json\/wp\/v2\/product_tag?post=232603"}],"curies":[{"name":"wp","href":"https:\/\/api.w.org\/{rel}","templated":true}]}}