{"id":232593,"date":"2025-12-29T02:08:59","date_gmt":"2025-12-28T23:08:59","guid":{"rendered":"https:\/\/baldumarket.lt\/product\/qiu-szafki-nocne-biale-z-led\/"},"modified":"2026-02-11T18:35:54","modified_gmt":"2026-02-11T15:35:54","slug":"qiu-szafki-nocne-biale-z-led","status":"publish","type":"product","link":"https:\/\/baldumarket.lt\/lt\/product\/qiu-szafki-nocne-biale-z-led\/","title":{"rendered":"QIU baltiniai naktiniai staleliai su LED lempomis"},"content":{"rendered":"<p>QIU balti naktiniai staleliai<br \/>\n\u201eQIU\u201c naktinis staliukas sukurtas tiems, kurie vertina unikal\u0173 stili\u0173. Netaisyklingai frezuotos korpuso ir fasad\u0173 linijos suteikia jam futuristin\u012f charakter\u012f. Spintel\u0117 puikiai dera prie daugumos moderni\u0173 miegam\u0173j\u0173 dizain\u0173.<br \/>\nDizainas:<br \/>\nKorpusas (vir\u0161us, \u0161onai): 16 mm storio blizgi balta lenta<br \/>\nPriekin\u0117s pus\u0117s (atvartai): 16 mm storio blizgi balta lenta<br \/>\nVir\u0161us: 1 mm blizgi balta MDF plok\u0161t\u0117<br \/>\nRankenos: n\u0117ra, priekin\u0117 dalis ma\u017edaug 3 mm persidengia su centrine pertvara<br \/>\nProdukto apra\u0161ymas:<br \/>\nVienas priekis atsidaro \u012f de\u0161in\u0119 arba \u012f kair\u0119, su dviem vidiniais skyriais<br \/>\n2 vnt. rinkinys<br \/>\nStandarti\u0161kai komplektuojamas m\u0117lynas LED ap\u0161vietimas<\/p>","protected":false},"excerpt":{"rendered":"<p>\u016agis cm: 53<br \/>\nPlotis cm: 46<br \/>\nGylis cm: 41,5<br \/>\nDur\u0173 skai\u010dius: 1<br \/>\nAp\u0161vietimas \u012ftrauktas<\/p>","protected":false},"featured_media":232594,"comment_status":"open","ping_status":"open","template":"","meta":[],"product_brand":[],"product_cat":[1176,8388],"product_tag":[],"class_list":{"0":"post-232593","1":"product","2":"type-product","3":"status-publish","4":"has-post-thumbnail","6":"product_cat-bedside-tables","7":"product_cat-cama-meble","9":"first","10":"instock","11":"purchasable","12":"product-type-simple"},"_links":{"self":[{"href":"https:\/\/baldumarket.lt\/lt\/wp-json\/wp\/v2\/product\/232593","targetHints":{"allow":["GET"]}}],"collection":[{"href":"https:\/\/baldumarket.lt\/lt\/wp-json\/wp\/v2\/product"}],"about":[{"href":"https:\/\/baldumarket.lt\/lt\/wp-json\/wp\/v2\/types\/product"}],"replies":[{"embeddable":true,"href":"https:\/\/baldumarket.lt\/lt\/wp-json\/wp\/v2\/comments?post=232593"}],"wp:featuredmedia":[{"embeddable":true,"href":"https:\/\/baldumarket.lt\/lt\/wp-json\/wp\/v2\/media\/232594"}],"wp:attachment":[{"href":"https:\/\/baldumarket.lt\/lt\/wp-json\/wp\/v2\/media?parent=232593"}],"wp:term":[{"taxonomy":"product_brand","embeddable":true,"href":"https:\/\/baldumarket.lt\/lt\/wp-json\/wp\/v2\/product_brand?post=232593"},{"taxonomy":"product_cat","embeddable":true,"href":"https:\/\/baldumarket.lt\/lt\/wp-json\/wp\/v2\/product_cat?post=232593"},{"taxonomy":"product_tag","embeddable":true,"href":"https:\/\/baldumarket.lt\/lt\/wp-json\/wp\/v2\/product_tag?post=232593"}],"curies":[{"name":"wp","href":"https:\/\/api.w.org\/{rel}","templated":true}]}}