{"id":232579,"date":"2025-12-29T02:08:41","date_gmt":"2025-12-28T23:08:41","guid":{"rendered":"https:\/\/baldumarket.lt\/product\/qiu-rtv-160-cm-biala-z-led\/"},"modified":"2026-02-11T18:35:54","modified_gmt":"2026-02-11T15:35:54","slug":"qiu-rtv-160-cm-biala-z-led","status":"publish","type":"product","link":"https:\/\/baldumarket.lt\/lt\/product\/qiu-rtv-160-cm-biala-z-led\/","title":{"rendered":"QIU RTV 160 cm baltas su LED"},"content":{"rendered":"<p>QIU 160 cm televizoriaus staliukas, baltas + LED<br \/>\nQIU 160 cm televizoriaus staliukas yra modernus baldas, kurio originalus dizainas puikiai papildys modernias svetaines ar miegamuosius. Netolygus lentos frezavimas suteikia baldui unikal\u0173 charakter\u012f.<br \/>\nMed\u017eiaga:<br \/>\nKorpusas (vir\u0161us, \u0161onai): 16 mm storio blizgi balta lenta<br \/>\nPriekin\u0117s pus\u0117s (atvartai): 16 mm storio blizgi balta lenta<br \/>\nVir\u0161us: 1 mm blizgi balta MDF plok\u0161t\u0117<br \/>\nRankenos: n\u0117ra, priekin\u0117 dalis ma\u017edaug 3 mm persidengia su centrine pertvara<br \/>\nProdukto apra\u0161ymas:<br \/>\nPriekin\u0117s pus\u0117s atsidaro \u012f \u0161onus,<br \/>\npo 1 lentyn\u0105 kiekvieno viduje,<br \/>\n\u0160onai ir fasadai su matomais frezavimais,<br \/>\nBlizgus pavir\u0161ius be frezavimo,<br \/>\nPertvaros ir pagrindas: matinis,<br \/>\n\u0160velniai u\u017esidarantys vyriai,<br \/>\nStandartinis m\u0117lynas LED ap\u0161vietimas<\/p>","protected":false},"excerpt":{"rendered":"<p>\u016agis cm: 57<br \/>\nPlotis cm: 160<br \/>\nGylis cm: 42<br \/>\nDur\u0173 skai\u010dius: 2<br \/>\nAp\u0161vietimas \u012ftrauktas<\/p>","protected":false},"featured_media":232580,"comment_status":"open","ping_status":"open","template":"","meta":[],"product_brand":[],"product_cat":[8388,1175],"product_tag":[],"class_list":{"0":"post-232579","1":"product","2":"type-product","3":"status-publish","4":"has-post-thumbnail","6":"product_cat-cama-meble","7":"product_cat-tv-stands","9":"first","10":"instock","11":"purchasable","12":"product-type-simple"},"_links":{"self":[{"href":"https:\/\/baldumarket.lt\/lt\/wp-json\/wp\/v2\/product\/232579","targetHints":{"allow":["GET"]}}],"collection":[{"href":"https:\/\/baldumarket.lt\/lt\/wp-json\/wp\/v2\/product"}],"about":[{"href":"https:\/\/baldumarket.lt\/lt\/wp-json\/wp\/v2\/types\/product"}],"replies":[{"embeddable":true,"href":"https:\/\/baldumarket.lt\/lt\/wp-json\/wp\/v2\/comments?post=232579"}],"wp:featuredmedia":[{"embeddable":true,"href":"https:\/\/baldumarket.lt\/lt\/wp-json\/wp\/v2\/media\/232580"}],"wp:attachment":[{"href":"https:\/\/baldumarket.lt\/lt\/wp-json\/wp\/v2\/media?parent=232579"}],"wp:term":[{"taxonomy":"product_brand","embeddable":true,"href":"https:\/\/baldumarket.lt\/lt\/wp-json\/wp\/v2\/product_brand?post=232579"},{"taxonomy":"product_cat","embeddable":true,"href":"https:\/\/baldumarket.lt\/lt\/wp-json\/wp\/v2\/product_cat?post=232579"},{"taxonomy":"product_tag","embeddable":true,"href":"https:\/\/baldumarket.lt\/lt\/wp-json\/wp\/v2\/product_tag?post=232579"}],"curies":[{"name":"wp","href":"https:\/\/api.w.org\/{rel}","templated":true}]}}