{"id":232574,"date":"2025-12-29T02:08:35","date_gmt":"2025-12-28T23:08:35","guid":{"rendered":"https:\/\/baldumarket.lt\/product\/qiu-komoda-150-cm-czarna-z-led\/"},"modified":"2026-02-11T18:35:54","modified_gmt":"2026-02-11T15:35:54","slug":"qiu-komoda-150-cm-czarna-z-led","status":"publish","type":"product","link":"https:\/\/baldumarket.lt\/lt\/product\/qiu-komoda-150-cm-czarna-z-led\/","title":{"rendered":"QIU komoda, 150 cm, juoda, su LED lempute"},"content":{"rendered":"<p>QIU 150 cm juoda komoda su stal\u010diais<br \/>\nQIU komoda sukurta tiems, kurie vertina unikal\u0173 stili\u0173. Netaisyklingai frezuotos korpuso ir fasad\u0173 linijos suteikia jai futuristin\u012f charakter\u012f. Komoda puikiai dera prie daugumos moderni\u0173 interjer\u0173.<br \/>\nDizainas:<br \/>\nKorpusas (vir\u0161us, \u0161onai): 16 mm storio blizgi juoda plok\u0161t\u0117<br \/>\nPriekin\u0117s dalys (atvartai): 16 mm storio blizgi juoda plok\u0161t\u0117<br \/>\nVir\u0161us: 1 mm blizgi juoda MDF plok\u0161t\u0117<br \/>\nRankenos: n\u0117ra, priekin\u0117 dalis ma\u017edaug 3 mm persidengia su centrine pertvara<br \/>\nProdukto apra\u0161ymas:<br \/>\nPriekin\u0117s durys atsiveria \u012f \u0161onus,<br \/>\npo 1 lentyn\u0105 kiekvieno viduje,<br \/>\n1 atvartas centre, kuris atsidaro \u017eemyn,<br \/>\nerdv\u0117 vir\u0161 atvarto su stikline lentyna,<br \/>\n\u0161onai ir fasadai su matomu frezavimu,<br \/>\nblizgus pavir\u0161ius be frezavimo,<br \/>\npertvaros ir pagrindas: matinis,<br \/>\n\u0161velniai u\u017esidarantys vyriai,<br \/>\nstandartinis m\u0117lynas LED ap\u0161vietimas<\/p>","protected":false},"excerpt":{"rendered":"<p>Auk\u0161tis cm: 75<br \/>\nPlotis cm: 150<br \/>\nGylis cm: 41,5<br \/>\nDur\u0173 skai\u010dius: 3<br \/>\nAp\u0161vietimas \u012ftrauktas<\/p>","protected":false},"featured_media":232575,"comment_status":"open","ping_status":"open","template":"","meta":[],"product_brand":[],"product_cat":[8388,1173],"product_tag":[],"class_list":{"0":"post-232574","1":"product","2":"type-product","3":"status-publish","4":"has-post-thumbnail","6":"product_cat-cama-meble","7":"product_cat-chests-of-drawers","9":"first","10":"instock","11":"purchasable","12":"product-type-simple"},"_links":{"self":[{"href":"https:\/\/baldumarket.lt\/lt\/wp-json\/wp\/v2\/product\/232574","targetHints":{"allow":["GET"]}}],"collection":[{"href":"https:\/\/baldumarket.lt\/lt\/wp-json\/wp\/v2\/product"}],"about":[{"href":"https:\/\/baldumarket.lt\/lt\/wp-json\/wp\/v2\/types\/product"}],"replies":[{"embeddable":true,"href":"https:\/\/baldumarket.lt\/lt\/wp-json\/wp\/v2\/comments?post=232574"}],"wp:featuredmedia":[{"embeddable":true,"href":"https:\/\/baldumarket.lt\/lt\/wp-json\/wp\/v2\/media\/232575"}],"wp:attachment":[{"href":"https:\/\/baldumarket.lt\/lt\/wp-json\/wp\/v2\/media?parent=232574"}],"wp:term":[{"taxonomy":"product_brand","embeddable":true,"href":"https:\/\/baldumarket.lt\/lt\/wp-json\/wp\/v2\/product_brand?post=232574"},{"taxonomy":"product_cat","embeddable":true,"href":"https:\/\/baldumarket.lt\/lt\/wp-json\/wp\/v2\/product_cat?post=232574"},{"taxonomy":"product_tag","embeddable":true,"href":"https:\/\/baldumarket.lt\/lt\/wp-json\/wp\/v2\/product_tag?post=232574"}],"curies":[{"name":"wp","href":"https:\/\/api.w.org\/{rel}","templated":true}]}}