{"id":232561,"date":"2025-12-29T02:08:17","date_gmt":"2025-12-28T23:08:17","guid":{"rendered":"https:\/\/baldumarket.lt\/product\/porto-szafka-rtv-150-2d\/"},"modified":"2026-02-11T18:35:54","modified_gmt":"2026-02-11T15:35:54","slug":"porto-szafka-rtv-150-2d","status":"publish","type":"product","link":"https:\/\/baldumarket.lt\/lt\/product\/porto-szafka-rtv-150-2d\/","title":{"rendered":"PORTO TV SPINTEL\u0116 150 2D"},"content":{"rendered":"<p>PORTO TV SPINTEL\u0116 150D<br \/>\nJuodi frezuoti svetain\u0117s baldai kartu su Kremonos \u0105\u017euolu \u2013 stilingas ir modernus sprendimas. Frezuoti fasadai suteikia elegancijos ir unikalaus charakterio, o derinys su \u0161iltu Kremonos \u0105\u017euolo atspalviu suteikia interjerui jaukumo ir nat\u016bralumo. \u0160ie baldai puikiai tinka moderniam interjerui.<br \/>\nMed\u017eiaga:<br \/>\nKarkasas: 16 mm laminuota plok\u0161t\u0117<br \/>\nPriekin\u0117s dalys: 16 mm laminuota plok\u0161t\u0117 + 16 mm MDF plok\u0161t\u0117<br \/>\nKojel\u0117s: 16 mm cokolis<br \/>\nRankenos: n\u0117ra, ATIDARYTI PASPAUSKITE<br \/>\nSpalvos:<br \/>\nKremonos \u0105\u017euolas + juodas<\/p>","protected":false},"excerpt":{"rendered":"<p>Kolekcija: PORTO<br \/>\nPlotis: 150<br \/>\n\u016agis: 50<br \/>\nGylis: 38<br \/>\nDur\u0173 skai\u010dius: 2<\/p>","protected":false},"featured_media":232562,"comment_status":"open","ping_status":"open","template":"","meta":[],"product_brand":[],"product_cat":[8388,1175],"product_tag":[],"class_list":{"0":"post-232561","1":"product","2":"type-product","3":"status-publish","4":"has-post-thumbnail","6":"product_cat-cama-meble","7":"product_cat-tv-stands","9":"first","10":"instock","11":"purchasable","12":"product-type-simple"},"_links":{"self":[{"href":"https:\/\/baldumarket.lt\/lt\/wp-json\/wp\/v2\/product\/232561","targetHints":{"allow":["GET"]}}],"collection":[{"href":"https:\/\/baldumarket.lt\/lt\/wp-json\/wp\/v2\/product"}],"about":[{"href":"https:\/\/baldumarket.lt\/lt\/wp-json\/wp\/v2\/types\/product"}],"replies":[{"embeddable":true,"href":"https:\/\/baldumarket.lt\/lt\/wp-json\/wp\/v2\/comments?post=232561"}],"wp:featuredmedia":[{"embeddable":true,"href":"https:\/\/baldumarket.lt\/lt\/wp-json\/wp\/v2\/media\/232562"}],"wp:attachment":[{"href":"https:\/\/baldumarket.lt\/lt\/wp-json\/wp\/v2\/media?parent=232561"}],"wp:term":[{"taxonomy":"product_brand","embeddable":true,"href":"https:\/\/baldumarket.lt\/lt\/wp-json\/wp\/v2\/product_brand?post=232561"},{"taxonomy":"product_cat","embeddable":true,"href":"https:\/\/baldumarket.lt\/lt\/wp-json\/wp\/v2\/product_cat?post=232561"},{"taxonomy":"product_tag","embeddable":true,"href":"https:\/\/baldumarket.lt\/lt\/wp-json\/wp\/v2\/product_tag?post=232561"}],"curies":[{"name":"wp","href":"https:\/\/api.w.org\/{rel}","templated":true}]}}