{"id":232524,"date":"2025-12-29T02:07:23","date_gmt":"2025-12-28T23:07:23","guid":{"rendered":"https:\/\/baldumarket.lt\/product\/polo-rtv-180-czarny-z-kominkiem\/"},"modified":"2026-02-11T18:35:55","modified_gmt":"2026-02-11T15:35:55","slug":"polo-rtv-180-czarny-z-kominkiem","status":"publish","type":"product","link":"https:\/\/baldumarket.lt\/lt\/product\/polo-rtv-180-czarny-z-kominkiem\/","title":{"rendered":"POLO RTV 180 JUODA SU \u017dIDINIU"},"content":{"rendered":"<p>POLO TV 180 MATIN\u0116S JUODO SPALVOS SU \u017dIDINIU<br \/>\nDizainas:<br \/>\nVir\u0161utinis ir apatinis stalvir\u0161is: 16 mm matin\u0117s juodos plok\u0161t\u0117s<br \/>\n2 cm auk\u0161\u010dio plastikin\u0117s kojel\u0117s<br \/>\nSpintel\u0117 gali b\u016bti laisvai pastatoma arba montuojama ant sienos<br \/>\nSpalva:<br \/>\nMatin\u0117 juoda<br \/>\n\u017didinys gali b\u016bti baltos arba juodos spalvos;<br \/>\n\u017didinio parametrai:<br \/>\nLiepsnos spalvos:<br \/>\nm\u0117lyna<br \/>\nraudona<br \/>\nvioletin\u0117\/ro\u017ein\u0117<br \/>\nMaitinimo \u0161altinis: 220\u2013240 V \/ 50 Hz<br \/>\nGalia: 1400 W\u20131600 W<br \/>\n\u0160ildymo funkcija: 16\u201328 \u00b0C<\/p>","protected":false},"excerpt":{"rendered":"<p>\u016agis cm: 37<br \/>\nPlotis cm: 180<br \/>\nGylis cm: 33<\/p>","protected":false},"featured_media":232525,"comment_status":"open","ping_status":"open","template":"","meta":[],"product_brand":[],"product_cat":[8388,1175],"product_tag":[],"class_list":{"0":"post-232524","1":"product","2":"type-product","3":"status-publish","4":"has-post-thumbnail","6":"product_cat-cama-meble","7":"product_cat-tv-stands","9":"first","10":"instock","11":"purchasable","12":"product-type-simple"},"_links":{"self":[{"href":"https:\/\/baldumarket.lt\/lt\/wp-json\/wp\/v2\/product\/232524","targetHints":{"allow":["GET"]}}],"collection":[{"href":"https:\/\/baldumarket.lt\/lt\/wp-json\/wp\/v2\/product"}],"about":[{"href":"https:\/\/baldumarket.lt\/lt\/wp-json\/wp\/v2\/types\/product"}],"replies":[{"embeddable":true,"href":"https:\/\/baldumarket.lt\/lt\/wp-json\/wp\/v2\/comments?post=232524"}],"wp:featuredmedia":[{"embeddable":true,"href":"https:\/\/baldumarket.lt\/lt\/wp-json\/wp\/v2\/media\/232525"}],"wp:attachment":[{"href":"https:\/\/baldumarket.lt\/lt\/wp-json\/wp\/v2\/media?parent=232524"}],"wp:term":[{"taxonomy":"product_brand","embeddable":true,"href":"https:\/\/baldumarket.lt\/lt\/wp-json\/wp\/v2\/product_brand?post=232524"},{"taxonomy":"product_cat","embeddable":true,"href":"https:\/\/baldumarket.lt\/lt\/wp-json\/wp\/v2\/product_cat?post=232524"},{"taxonomy":"product_tag","embeddable":true,"href":"https:\/\/baldumarket.lt\/lt\/wp-json\/wp\/v2\/product_tag?post=232524"}],"curies":[{"name":"wp","href":"https:\/\/api.w.org\/{rel}","templated":true}]}}