{"id":232514,"date":"2025-12-29T02:07:09","date_gmt":"2025-12-28T23:07:09","guid":{"rendered":"https:\/\/baldumarket.lt\/product\/polka-merci-110\/"},"modified":"2026-02-11T18:35:55","modified_gmt":"2026-02-11T15:35:55","slug":"polka-merci-110","status":"publish","type":"product","link":"https:\/\/baldumarket.lt\/lt\/product\/polka-merci-110\/","title":{"rendered":"A\u010cI\u016a \u201e110\u201c lentyna"},"content":{"rendered":"<p>MERCI &#039;110&#039; lentyna<br \/>\nApra\u0161ymas ir specifikacijos<br \/>\nMERCI kolekcija pasi\u017eymi moderniu stiliumi ir \u012fdomiu dizainu. Lygi\u0173 meni\u0161ko \u0105\u017euolo element\u0173 ir vertikaliai frezuoto juodo \u012fd\u0117klo derinys i\u0161skiria j\u0105 i\u0161 kit\u0173 bald\u0173. Stilingos kojel\u0117s kartu su \u012fdomia spalv\u0173 gama papuo\u0161 daugel\u012f i\u0161d\u0117stym\u0173.<br \/>\nMed\u017eiaga:<br \/>\nKorpusas: 16 mm plok\u0161t\u0117 + 16 mm laminuotas MDF \u012fd\u0117klas<\/p>","protected":false},"excerpt":{"rendered":"<p>Kolekcija: A\u010cI\u016a<br \/>\nPlotis: 110<br \/>\n\u016agis: 25<br \/>\nGylis: 20<\/p>","protected":false},"featured_media":232515,"comment_status":"open","ping_status":"open","template":"","meta":[],"product_brand":[],"product_cat":[8388,1174],"product_tag":[],"class_list":{"0":"post-232514","1":"product","2":"type-product","3":"status-publish","4":"has-post-thumbnail","6":"product_cat-cama-meble","7":"product_cat-hanging-shelves","9":"first","10":"instock","11":"purchasable","12":"product-type-simple"},"_links":{"self":[{"href":"https:\/\/baldumarket.lt\/lt\/wp-json\/wp\/v2\/product\/232514","targetHints":{"allow":["GET"]}}],"collection":[{"href":"https:\/\/baldumarket.lt\/lt\/wp-json\/wp\/v2\/product"}],"about":[{"href":"https:\/\/baldumarket.lt\/lt\/wp-json\/wp\/v2\/types\/product"}],"replies":[{"embeddable":true,"href":"https:\/\/baldumarket.lt\/lt\/wp-json\/wp\/v2\/comments?post=232514"}],"wp:featuredmedia":[{"embeddable":true,"href":"https:\/\/baldumarket.lt\/lt\/wp-json\/wp\/v2\/media\/232515"}],"wp:attachment":[{"href":"https:\/\/baldumarket.lt\/lt\/wp-json\/wp\/v2\/media?parent=232514"}],"wp:term":[{"taxonomy":"product_brand","embeddable":true,"href":"https:\/\/baldumarket.lt\/lt\/wp-json\/wp\/v2\/product_brand?post=232514"},{"taxonomy":"product_cat","embeddable":true,"href":"https:\/\/baldumarket.lt\/lt\/wp-json\/wp\/v2\/product_cat?post=232514"},{"taxonomy":"product_tag","embeddable":true,"href":"https:\/\/baldumarket.lt\/lt\/wp-json\/wp\/v2\/product_tag?post=232514"}],"curies":[{"name":"wp","href":"https:\/\/api.w.org\/{rel}","templated":true}]}}