{"id":232508,"date":"2025-12-29T02:07:01","date_gmt":"2025-12-28T23:07:01","guid":{"rendered":"https:\/\/baldumarket.lt\/product\/philippe-witryna-szklo-kaszmir\/"},"modified":"2026-02-11T18:35:55","modified_gmt":"2026-02-11T15:35:55","slug":"philippe-witryna-szklo-kaszmir","status":"publish","type":"product","link":"https:\/\/baldumarket.lt\/lt\/product\/philippe-witryna-szklo-kaszmir\/","title":{"rendered":"PHILIPPE VITRINA STIKLIN\u0116 KA\u0160MYRO"},"content":{"rendered":"<p>PHILIPPE STIKLIN\u0116 VITRINA KA\u0160MYRO<br \/>\n\u201ePhilippe\u201c baldai \u2013 tai pasirinkimas tiems, kurie vertina funkcionalum\u0105, ilgaam\u017ei\u0161kum\u0105 ir modern\u0173 dizain\u0105. Baldo korpusas pagamintas i\u0161 16 mm storio laminuotos plok\u0161t\u0117s, o fasadai \u2013 16 mm laminuotos plok\u0161t\u0117s ir 16 mm MDF deriniai, u\u017etikrinantys esteti\u0161k\u0105 i\u0161vaizd\u0105 ir tvirt\u0105 konstrukcij\u0105.<br \/>\n\u0160ie baldai priklauso pakabinam\u0173 bald\u0173 kolekcijai, kuri sukuria \u0161viesumo poj\u016bt\u012f kambaryje ir palengvina valym\u0105 po jais. Atidarymo spustel\u0117jus sistema panaikina ranken\u0173 poreik\u012f, taip pabr\u0117\u017edama minimalistin\u012f bald\u0173 charakter\u012f. Visas baldas apdailintas eleganti\u0161ka ka\u0161myro spalva, kuri puikiai dera prie \u012fvairi\u0173 interjero dizain\u0173. Pagrindin\u0117s savyb\u0117s:<br \/>\nKorpusas: 16 mm laminuota plok\u0161t\u0117<br \/>\nPriekin\u0117s dalys: 16 mm laminuota plok\u0161t\u0117 + 16 mm MDF plok\u0161t\u0117<br \/>\nPakabinama kolekcija \u2013 be kojeli\u0173, lengva ir moderni<br \/>\nAtidarymo stumiant sistema \u2013 be ranken\u0117li\u0173, minimalistinis dizainas<br \/>\nSpalva: ka\u0161myras<br \/>\nLengvai valomas ir atsparus kasdieniam naudojimui<br \/>\n\u201ePhilippe\u201c baldai derina patvarum\u0105, funkcionalum\u0105 ir moderni\u0105 estetik\u0105 \u2013 puikiai tinka tiems, kurie nori savo interjerui suteikti elegancijos be nereikaling\u0173 puo\u0161men\u0173.<\/p>","protected":false},"excerpt":{"rendered":"<p>Kolekcija: PHILIPPE<br \/>\nPlotis: 35<br \/>\n\u016agis: 163<br \/>\nGylis: 30<\/p>","protected":false},"featured_media":232509,"comment_status":"open","ping_status":"open","template":"","meta":[],"product_brand":[],"product_cat":[8388,2006],"product_tag":[],"class_list":{"0":"post-232508","1":"product","2":"type-product","3":"status-publish","4":"has-post-thumbnail","6":"product_cat-cama-meble","7":"product_cat-vitrines","9":"first","10":"instock","11":"purchasable","12":"product-type-simple"},"_links":{"self":[{"href":"https:\/\/baldumarket.lt\/lt\/wp-json\/wp\/v2\/product\/232508","targetHints":{"allow":["GET"]}}],"collection":[{"href":"https:\/\/baldumarket.lt\/lt\/wp-json\/wp\/v2\/product"}],"about":[{"href":"https:\/\/baldumarket.lt\/lt\/wp-json\/wp\/v2\/types\/product"}],"replies":[{"embeddable":true,"href":"https:\/\/baldumarket.lt\/lt\/wp-json\/wp\/v2\/comments?post=232508"}],"wp:featuredmedia":[{"embeddable":true,"href":"https:\/\/baldumarket.lt\/lt\/wp-json\/wp\/v2\/media\/232509"}],"wp:attachment":[{"href":"https:\/\/baldumarket.lt\/lt\/wp-json\/wp\/v2\/media?parent=232508"}],"wp:term":[{"taxonomy":"product_brand","embeddable":true,"href":"https:\/\/baldumarket.lt\/lt\/wp-json\/wp\/v2\/product_brand?post=232508"},{"taxonomy":"product_cat","embeddable":true,"href":"https:\/\/baldumarket.lt\/lt\/wp-json\/wp\/v2\/product_cat?post=232508"},{"taxonomy":"product_tag","embeddable":true,"href":"https:\/\/baldumarket.lt\/lt\/wp-json\/wp\/v2\/product_tag?post=232508"}],"curies":[{"name":"wp","href":"https:\/\/api.w.org\/{rel}","templated":true}]}}