{"id":232472,"date":"2025-12-29T02:06:14","date_gmt":"2025-12-28T23:06:14","guid":{"rendered":"https:\/\/baldumarket.lt\/product\/palazzo-szafki-nocne-czarne\/"},"modified":"2026-02-11T18:35:55","modified_gmt":"2026-02-11T15:35:55","slug":"palazzo-szafki-nocne-czarne","status":"publish","type":"product","link":"https:\/\/baldumarket.lt\/lt\/product\/palazzo-szafki-nocne-czarne\/","title":{"rendered":"PALAZZO JUODOSIOS NAKTINIS SPINTEL\u0116S"},"content":{"rendered":"<p>Palazzo naktinis staliukas<br \/>\nKorpusas: 16 mm matin\u0117 laminuota plok\u0161t\u0117<br \/>\nPriekin\u0117 dalis: laminuota MDF plok\u0161t\u0117 su 16 mm PVC pl\u0117vele ir matomais grioveliais<br \/>\nKojel\u0117s: 20 cm auk\u0161\u010dio juodas metalas<br \/>\nRankenos: n\u0117ra, PUSH-CLICK sistema<br \/>\nSpalvos:<br \/>\nmatin\u0117 juoda \/ matin\u0117 juoda + \u0105\u017euolas<br \/>\nPapildoma informacija:<br \/>\n\u2013 Baldai pristatomi plok\u0161\u010diose pakuot\u0117se, skirtose savaranki\u0161kam surinkimui (pridedami surinkimo priedai ir ai\u0161kios instrukcijos)<\/p>","protected":false},"excerpt":{"rendered":"<p>\u016agis cm: 59<br \/>\nPlotis cm: 45<br \/>\nGylis cm: 40<\/p>","protected":false},"featured_media":232473,"comment_status":"open","ping_status":"open","template":"","meta":[],"product_brand":[],"product_cat":[1176,8388],"product_tag":[],"class_list":{"0":"post-232472","1":"product","2":"type-product","3":"status-publish","4":"has-post-thumbnail","6":"product_cat-bedside-tables","7":"product_cat-cama-meble","9":"first","10":"instock","11":"purchasable","12":"product-type-simple"},"_links":{"self":[{"href":"https:\/\/baldumarket.lt\/lt\/wp-json\/wp\/v2\/product\/232472","targetHints":{"allow":["GET"]}}],"collection":[{"href":"https:\/\/baldumarket.lt\/lt\/wp-json\/wp\/v2\/product"}],"about":[{"href":"https:\/\/baldumarket.lt\/lt\/wp-json\/wp\/v2\/types\/product"}],"replies":[{"embeddable":true,"href":"https:\/\/baldumarket.lt\/lt\/wp-json\/wp\/v2\/comments?post=232472"}],"wp:featuredmedia":[{"embeddable":true,"href":"https:\/\/baldumarket.lt\/lt\/wp-json\/wp\/v2\/media\/232473"}],"wp:attachment":[{"href":"https:\/\/baldumarket.lt\/lt\/wp-json\/wp\/v2\/media?parent=232472"}],"wp:term":[{"taxonomy":"product_brand","embeddable":true,"href":"https:\/\/baldumarket.lt\/lt\/wp-json\/wp\/v2\/product_brand?post=232472"},{"taxonomy":"product_cat","embeddable":true,"href":"https:\/\/baldumarket.lt\/lt\/wp-json\/wp\/v2\/product_cat?post=232472"},{"taxonomy":"product_tag","embeddable":true,"href":"https:\/\/baldumarket.lt\/lt\/wp-json\/wp\/v2\/product_tag?post=232472"}],"curies":[{"name":"wp","href":"https:\/\/api.w.org\/{rel}","templated":true}]}}