{"id":232448,"date":"2025-12-29T02:05:40","date_gmt":"2025-12-28T23:05:40","guid":{"rendered":"https:\/\/baldumarket.lt\/product\/palazzo-bis-szafka-rtv-150-3d\/"},"modified":"2026-02-11T18:35:55","modified_gmt":"2026-02-11T15:35:55","slug":"palazzo-bis-szafka-rtv-150-3d","status":"publish","type":"product","link":"https:\/\/baldumarket.lt\/lt\/product\/palazzo-bis-szafka-rtv-150-3d\/","title":{"rendered":"PALAZZO BIS TV SPINTEL\u0116 150 3D"},"content":{"rendered":"<p>Kolekcija: PALAZZO BIS Surinkti baldai: Ne Plotis: 151 Auk\u0161tis: 60 Gylis: 40 Dur\u0173 skai\u010dius: 3 Rankena: metalin\u0117 ir stiklin\u0117 Palazzo Bis TV staliukas 150 R\u0117mas: 16 mm matin\u0117 laminuota plok\u0161t\u0117 Priekin\u0117s dalys: 16 mm MDF su matomais frezavimais Kojel\u0117s: 20 cm auk\u0161\u010dio juodas metalas Rankenos: juodas metalas Spalvos: matin\u0117 juoda matin\u0117 balta Papildoma informacija: Baldai pristatomi plok\u0161\u010diose pakuot\u0117se, skirtose savaranki\u0161kam surinkimui (pridedami surinkimo priedai ir ai\u0161kios instrukcijos)<\/p>","protected":false},"excerpt":{"rendered":"<p>Kolekcija: PALAZZO BIS<br \/>\nPlotis: 151<br \/>\n\u016agis: 60<br \/>\nGylis: 40<br \/>\nDur\u0173 skai\u010dius: 3<br \/>\nMetalin\u0117 ir stiklin\u0117 rankena<\/p>","protected":false},"featured_media":232449,"comment_status":"open","ping_status":"open","template":"","meta":[],"product_brand":[],"product_cat":[8388,1175],"product_tag":[],"class_list":{"0":"post-232448","1":"product","2":"type-product","3":"status-publish","4":"has-post-thumbnail","6":"product_cat-cama-meble","7":"product_cat-tv-stands","9":"first","10":"instock","11":"purchasable","12":"product-type-simple"},"_links":{"self":[{"href":"https:\/\/baldumarket.lt\/lt\/wp-json\/wp\/v2\/product\/232448","targetHints":{"allow":["GET"]}}],"collection":[{"href":"https:\/\/baldumarket.lt\/lt\/wp-json\/wp\/v2\/product"}],"about":[{"href":"https:\/\/baldumarket.lt\/lt\/wp-json\/wp\/v2\/types\/product"}],"replies":[{"embeddable":true,"href":"https:\/\/baldumarket.lt\/lt\/wp-json\/wp\/v2\/comments?post=232448"}],"wp:featuredmedia":[{"embeddable":true,"href":"https:\/\/baldumarket.lt\/lt\/wp-json\/wp\/v2\/media\/232449"}],"wp:attachment":[{"href":"https:\/\/baldumarket.lt\/lt\/wp-json\/wp\/v2\/media?parent=232448"}],"wp:term":[{"taxonomy":"product_brand","embeddable":true,"href":"https:\/\/baldumarket.lt\/lt\/wp-json\/wp\/v2\/product_brand?post=232448"},{"taxonomy":"product_cat","embeddable":true,"href":"https:\/\/baldumarket.lt\/lt\/wp-json\/wp\/v2\/product_cat?post=232448"},{"taxonomy":"product_tag","embeddable":true,"href":"https:\/\/baldumarket.lt\/lt\/wp-json\/wp\/v2\/product_tag?post=232448"}],"curies":[{"name":"wp","href":"https:\/\/api.w.org\/{rel}","templated":true}]}}