{"id":232441,"date":"2025-12-29T02:05:31","date_gmt":"2025-12-28T23:05:31","guid":{"rendered":"https:\/\/baldumarket.lt\/product\/palazzo-bis-szafka-nocna-kpl-2szt\/"},"modified":"2026-02-11T18:35:55","modified_gmt":"2026-02-11T15:35:55","slug":"palazzo-bis-szafka-nocna-kpl-2szt","status":"publish","type":"product","link":"https:\/\/baldumarket.lt\/lt\/product\/palazzo-bis-szafka-nocna-kpl-2szt\/","title":{"rendered":"PALAZZO BIS naktini\u0173 spinteli\u0173 rinkinys, 2 vnt"},"content":{"rendered":"<p>Palazzo Bis naktiniai staleliai, 2 vnt. komplektas<br \/>\nKorpusas: 16 mm matin\u0117 laminuota plok\u0161t\u0117<br \/>\nPriekin\u0117s dalys: 16 mm MDF plok\u0161t\u0117s su matomais grioveliais<br \/>\nKojel\u0117s: 20 cm auk\u0161\u010dio juodas metalas<br \/>\nRankenos: juodas metalas<br \/>\nSpalvos:<br \/>\nmatin\u0117 juoda<br \/>\nmatin\u0117 balta<br \/>\nPapildoma informacija:<br \/>\n\u2013 Baldai pristatomi plok\u0161\u010diose pakuot\u0117se, skirtose savaranki\u0161kam surinkimui (pridedami surinkimo priedai ir ai\u0161kios instrukcijos)<\/p>","protected":false},"excerpt":{"rendered":"<p>Kolekcija: PALAZZO BIS<br \/>\nPlotis: 45<br \/>\n\u016agis: 59<br \/>\nGylis: 39<br \/>\nDur\u0173 skai\u010dius: 1<\/p>","protected":false},"featured_media":232442,"comment_status":"open","ping_status":"open","template":"","meta":[],"product_brand":[],"product_cat":[1176,8388],"product_tag":[],"class_list":{"0":"post-232441","1":"product","2":"type-product","3":"status-publish","4":"has-post-thumbnail","6":"product_cat-bedside-tables","7":"product_cat-cama-meble","9":"first","10":"instock","11":"purchasable","12":"product-type-simple"},"_links":{"self":[{"href":"https:\/\/baldumarket.lt\/lt\/wp-json\/wp\/v2\/product\/232441","targetHints":{"allow":["GET"]}}],"collection":[{"href":"https:\/\/baldumarket.lt\/lt\/wp-json\/wp\/v2\/product"}],"about":[{"href":"https:\/\/baldumarket.lt\/lt\/wp-json\/wp\/v2\/types\/product"}],"replies":[{"embeddable":true,"href":"https:\/\/baldumarket.lt\/lt\/wp-json\/wp\/v2\/comments?post=232441"}],"wp:featuredmedia":[{"embeddable":true,"href":"https:\/\/baldumarket.lt\/lt\/wp-json\/wp\/v2\/media\/232442"}],"wp:attachment":[{"href":"https:\/\/baldumarket.lt\/lt\/wp-json\/wp\/v2\/media?parent=232441"}],"wp:term":[{"taxonomy":"product_brand","embeddable":true,"href":"https:\/\/baldumarket.lt\/lt\/wp-json\/wp\/v2\/product_brand?post=232441"},{"taxonomy":"product_cat","embeddable":true,"href":"https:\/\/baldumarket.lt\/lt\/wp-json\/wp\/v2\/product_cat?post=232441"},{"taxonomy":"product_tag","embeddable":true,"href":"https:\/\/baldumarket.lt\/lt\/wp-json\/wp\/v2\/product_tag?post=232441"}],"curies":[{"name":"wp","href":"https:\/\/api.w.org\/{rel}","templated":true}]}}