{"id":232422,"date":"2025-12-29T02:05:04","date_gmt":"2025-12-28T23:05:04","guid":{"rendered":"https:\/\/baldumarket.lt\/product\/palazzo-bis-komoda-150-3d\/"},"modified":"2026-02-11T18:35:56","modified_gmt":"2026-02-11T15:35:56","slug":"palazzo-bis-komoda-150-3d","status":"publish","type":"product","link":"https:\/\/baldumarket.lt\/lt\/product\/palazzo-bis-komoda-150-3d\/","title":{"rendered":"PALAZZO BIS KOMODOS 150 3D"},"content":{"rendered":"<p>Palazzo Bis komoda su stal\u010diais 150 cm<br \/>\nKorpusas: 16 mm matin\u0117 laminuota plok\u0161t\u0117<br \/>\nPriekin\u0117s dalys: 16 mm MDF plok\u0161t\u0117s su matomais grioveliais<br \/>\nKojel\u0117s: 20 cm auk\u0161\u010dio juodas metalas<br \/>\nRankenos: juodas metalas<br \/>\nSpalvos:<br \/>\nmatin\u0117 juoda<br \/>\nmatin\u0117 balta<br \/>\nPapildoma informacija:<br \/>\nBaldai pristatomi plok\u0161\u010diai supakuoti, kad b\u016bt\u0173 galima surinkti savaranki\u0161kai (pridedami surinkimo priedai ir ai\u0161kios instrukcijos)<\/p>","protected":false},"excerpt":{"rendered":"<p>Kolekcija: PALAZZO BIS<br \/>\nPlotis: 151<br \/>\n\u016agis: 75<br \/>\nGylis: 40<br \/>\nDur\u0173 skai\u010dius: 3<br \/>\nRankena: matin\u0117 juoda metalin\u0117, matin\u0117 juoda metalin\u0117<\/p>","protected":false},"featured_media":232423,"comment_status":"open","ping_status":"open","template":"","meta":[],"product_brand":[],"product_cat":[8388,1173],"product_tag":[],"class_list":{"0":"post-232422","1":"product","2":"type-product","3":"status-publish","4":"has-post-thumbnail","6":"product_cat-cama-meble","7":"product_cat-chests-of-drawers","9":"first","10":"instock","11":"purchasable","12":"product-type-simple"},"_links":{"self":[{"href":"https:\/\/baldumarket.lt\/lt\/wp-json\/wp\/v2\/product\/232422","targetHints":{"allow":["GET"]}}],"collection":[{"href":"https:\/\/baldumarket.lt\/lt\/wp-json\/wp\/v2\/product"}],"about":[{"href":"https:\/\/baldumarket.lt\/lt\/wp-json\/wp\/v2\/types\/product"}],"replies":[{"embeddable":true,"href":"https:\/\/baldumarket.lt\/lt\/wp-json\/wp\/v2\/comments?post=232422"}],"wp:featuredmedia":[{"embeddable":true,"href":"https:\/\/baldumarket.lt\/lt\/wp-json\/wp\/v2\/media\/232423"}],"wp:attachment":[{"href":"https:\/\/baldumarket.lt\/lt\/wp-json\/wp\/v2\/media?parent=232422"}],"wp:term":[{"taxonomy":"product_brand","embeddable":true,"href":"https:\/\/baldumarket.lt\/lt\/wp-json\/wp\/v2\/product_brand?post=232422"},{"taxonomy":"product_cat","embeddable":true,"href":"https:\/\/baldumarket.lt\/lt\/wp-json\/wp\/v2\/product_cat?post=232422"},{"taxonomy":"product_tag","embeddable":true,"href":"https:\/\/baldumarket.lt\/lt\/wp-json\/wp\/v2\/product_tag?post=232422"}],"curies":[{"name":"wp","href":"https:\/\/api.w.org\/{rel}","templated":true}]}}