{"id":232418,"date":"2025-12-29T02:04:58","date_gmt":"2025-12-28T23:04:58","guid":{"rendered":"https:\/\/baldumarket.lt\/product\/pafos-witryna-czarna\/"},"modified":"2026-02-11T18:35:56","modified_gmt":"2026-02-11T15:35:56","slug":"pafos-witryna-czarna","status":"publish","type":"product","link":"https:\/\/baldumarket.lt\/lt\/product\/pafos-witryna-czarna\/","title":{"rendered":"PAFOS juoda vitrina"},"content":{"rendered":"<p>\u201ePafos\u201c auk\u0161ta vitrina, juoda<br \/>\nSpalvos:<br \/>\nMatin\u0117 juoda priekin\u0117 dalis<br \/>\nMatin\u0117s juodos spalvos korpusas<br \/>\nAuksin\u0117s kojos<br \/>\nKorpusas: 16 mm matin\u0117 laminuota plok\u0161t\u0117<br \/>\nPriekin\u0117 dalis: laminuota MDF plok\u0161t\u0117, padengta 16 mm PVC folija su matomais grioveliais<br \/>\nRankenos: n\u0117ra, PUSH-CLICK sistema<br \/>\nPapildoma informacija:<br \/>\n\u0160i moderni vitrina su vertikaliais grioveliais eleganti\u0161kai der\u0117s prie bet kokio modernaus interjero.<br \/>\nGalite u\u017esisakyti 150 cm ir 200 cm televizoriaus staliukus, 150 cm ir 200 cm komodas, vitrin\u0105, kavos staliuk\u0105 ir naktinius staliukus, kurie papildys vitrin\u0105.<\/p>","protected":false},"excerpt":{"rendered":"<p>\u016agis cm: 182<br \/>\nPlotis cm: 59,6<br \/>\nGylis cm: 42<br \/>\nDur\u0173 skai\u010dius: 1<\/p>","protected":false},"featured_media":232419,"comment_status":"open","ping_status":"open","template":"","meta":[],"product_brand":[],"product_cat":[8388,2006],"product_tag":[],"class_list":{"0":"post-232418","1":"product","2":"type-product","3":"status-publish","4":"has-post-thumbnail","6":"product_cat-cama-meble","7":"product_cat-vitrines","9":"first","10":"instock","11":"purchasable","12":"product-type-simple"},"_links":{"self":[{"href":"https:\/\/baldumarket.lt\/lt\/wp-json\/wp\/v2\/product\/232418","targetHints":{"allow":["GET"]}}],"collection":[{"href":"https:\/\/baldumarket.lt\/lt\/wp-json\/wp\/v2\/product"}],"about":[{"href":"https:\/\/baldumarket.lt\/lt\/wp-json\/wp\/v2\/types\/product"}],"replies":[{"embeddable":true,"href":"https:\/\/baldumarket.lt\/lt\/wp-json\/wp\/v2\/comments?post=232418"}],"wp:featuredmedia":[{"embeddable":true,"href":"https:\/\/baldumarket.lt\/lt\/wp-json\/wp\/v2\/media\/232419"}],"wp:attachment":[{"href":"https:\/\/baldumarket.lt\/lt\/wp-json\/wp\/v2\/media?parent=232418"}],"wp:term":[{"taxonomy":"product_brand","embeddable":true,"href":"https:\/\/baldumarket.lt\/lt\/wp-json\/wp\/v2\/product_brand?post=232418"},{"taxonomy":"product_cat","embeddable":true,"href":"https:\/\/baldumarket.lt\/lt\/wp-json\/wp\/v2\/product_cat?post=232418"},{"taxonomy":"product_tag","embeddable":true,"href":"https:\/\/baldumarket.lt\/lt\/wp-json\/wp\/v2\/product_tag?post=232418"}],"curies":[{"name":"wp","href":"https:\/\/api.w.org\/{rel}","templated":true}]}}