{"id":232403,"date":"2025-12-29T02:04:37","date_gmt":"2025-12-28T23:04:37","guid":{"rendered":"https:\/\/baldumarket.lt\/product\/pafos-toaletka-biala\/"},"modified":"2026-02-11T18:35:56","modified_gmt":"2026-02-11T15:35:56","slug":"pafos-toaletka-biala","status":"publish","type":"product","link":"https:\/\/baldumarket.lt\/lt\/product\/pafos-toaletka-biala\/","title":{"rendered":"PAFOS baltas tualetinis staliukas"},"content":{"rendered":"<p>Pafos tualetinis staliukas su veidrod\u017eiu<br \/>\nSpalvos:<br \/>\nMatin\u0117 balta priekin\u0117 dalis<br \/>\nMatin\u0117s baltos spalvos korpusas<br \/>\nKorpusas: 16 mm matin\u0117 laminuota plok\u0161t\u0117<br \/>\nPriekin\u0117s dalys: laminuota MDF plok\u0161t\u0117, padengta 16 mm PVC pl\u0117vele su matomais grioveliais<br \/>\nRankenos: n\u0117ra, PUSH-CLICK sistema<br \/>\nVeidrod\u017eio matmenys:<br \/>\nPlotis: 53,6 cm<br \/>\nAuk\u0161tis: 80 cm<br \/>\nD; 2 cm<br \/>\nPapildoma informacija:<br \/>\n\u0160is modernus tualetinis staliukas su vienu stal\u010diumi ir vertikaliais grioveliais eleganti\u0161kai der\u0117s prie bet kokio modernaus interjero.<br \/>\nGalite u\u017esisakyti deran\u010di\u0173 naktini\u0173 staliuk\u0173, 150 cm ir 200 cm televizoriaus staliuk\u0173, 150 cm ir 200 cm komod\u0173, vitrinos ir kavos staliuk\u0173.<\/p>","protected":false},"excerpt":{"rendered":"<p>Auk\u0161tis cm: 17<br \/>\nPlotis cm: 80<br \/>\nGylis cm: 41,6<br \/>\nStal\u010di\u0173 skai\u010dius: 1<\/p>","protected":false},"featured_media":232404,"comment_status":"open","ping_status":"open","template":"","meta":[],"product_brand":[],"product_cat":[8388,1237],"product_tag":[],"class_list":{"0":"post-232403","1":"product","2":"type-product","3":"status-publish","4":"has-post-thumbnail","6":"product_cat-cama-meble","7":"product_cat-dressing-tables","9":"first","10":"instock","11":"purchasable","12":"product-type-simple"},"_links":{"self":[{"href":"https:\/\/baldumarket.lt\/lt\/wp-json\/wp\/v2\/product\/232403","targetHints":{"allow":["GET"]}}],"collection":[{"href":"https:\/\/baldumarket.lt\/lt\/wp-json\/wp\/v2\/product"}],"about":[{"href":"https:\/\/baldumarket.lt\/lt\/wp-json\/wp\/v2\/types\/product"}],"replies":[{"embeddable":true,"href":"https:\/\/baldumarket.lt\/lt\/wp-json\/wp\/v2\/comments?post=232403"}],"wp:featuredmedia":[{"embeddable":true,"href":"https:\/\/baldumarket.lt\/lt\/wp-json\/wp\/v2\/media\/232404"}],"wp:attachment":[{"href":"https:\/\/baldumarket.lt\/lt\/wp-json\/wp\/v2\/media?parent=232403"}],"wp:term":[{"taxonomy":"product_brand","embeddable":true,"href":"https:\/\/baldumarket.lt\/lt\/wp-json\/wp\/v2\/product_brand?post=232403"},{"taxonomy":"product_cat","embeddable":true,"href":"https:\/\/baldumarket.lt\/lt\/wp-json\/wp\/v2\/product_cat?post=232403"},{"taxonomy":"product_tag","embeddable":true,"href":"https:\/\/baldumarket.lt\/lt\/wp-json\/wp\/v2\/product_tag?post=232403"}],"curies":[{"name":"wp","href":"https:\/\/api.w.org\/{rel}","templated":true}]}}