{"id":232398,"date":"2025-12-29T02:04:30","date_gmt":"2025-12-28T23:04:30","guid":{"rendered":"https:\/\/baldumarket.lt\/product\/pafos-szafki-nocne-czarne-z-ladowarka\/"},"modified":"2026-02-11T18:35:56","modified_gmt":"2026-02-11T15:35:56","slug":"pafos-szafki-nocne-czarne-z-ladowarka","status":"publish","type":"product","link":"https:\/\/baldumarket.lt\/lt\/product\/pafos-szafki-nocne-czarne-z-ladowarka\/","title":{"rendered":"PAFOS JUODOSIOS NAKTINIS SPINTEL\u0116S SU \u012eKROVIKLIU"},"content":{"rendered":"<p>PAFOS naktinis staliukas su \u012fmontuotu \u012fkrovikliu \u2013 juodas<br \/>\nEleganti\u0161kas ir modernus PAFOS naktinis staliukas \u2013 tai tobulas stiliaus ir funkcionalumo derinys. Minimalistinis dizainas, pary\u0161kintas matin\u0117s juodos spalvos apdaila ir vertikaliais grioveliais priekin\u0117je dalyje, puikiai papildo \u0161iuolaikinio interjero estetik\u0105. Spintel\u0117 turi integruot\u0105 \u012fkrovikl\u012f, leid\u017eiant\u012f patogiai \u012fkrauti elektroninius prietaisus be papildom\u0173 laid\u0173.<br \/>\nAuksin\u0117s kojel\u0117s suteikia prabangos, kartu u\u017etikrindamos stabilum\u0105 ir ilgaam\u017ei\u0161kum\u0105. D\u0117l kompakti\u0161k\u0173 matmen\u0173 jis puikiai tinka tiek kaip naktinis staliukas miegamajame, tiek kaip eleganti\u0161kas baldas svetain\u0117je. Tvirta konstrukcija ir auk\u0161tos kokyb\u0117s med\u017eiagos garantuoja ilgaam\u017ei\u0161kum\u0105.<br \/>\nPuikus pasirinkimas tiems, kurie vertina funkcionalius sprendimus su gra\u017eiu dizainu.<br \/>\nMaksimali \u012fkrovimo srov\u0117: 2 x 1A arba 1 x 2A<br \/>\nBe ranken\u0117li\u0173; fasadai i\u0161siki\u0161a u\u017e stalvir\u0161io rib\u0173.<\/p>","protected":false},"excerpt":{"rendered":"<p>Kolekcija: Pafosas<br \/>\nPlotis: 44,5<br \/>\n\u016agis: 51<br \/>\nGylis: 40<\/p>","protected":false},"featured_media":232399,"comment_status":"open","ping_status":"open","template":"","meta":[],"product_brand":[],"product_cat":[1176,8388],"product_tag":[],"class_list":{"0":"post-232398","1":"product","2":"type-product","3":"status-publish","4":"has-post-thumbnail","6":"product_cat-bedside-tables","7":"product_cat-cama-meble","9":"first","10":"instock","11":"purchasable","12":"product-type-simple"},"_links":{"self":[{"href":"https:\/\/baldumarket.lt\/lt\/wp-json\/wp\/v2\/product\/232398","targetHints":{"allow":["GET"]}}],"collection":[{"href":"https:\/\/baldumarket.lt\/lt\/wp-json\/wp\/v2\/product"}],"about":[{"href":"https:\/\/baldumarket.lt\/lt\/wp-json\/wp\/v2\/types\/product"}],"replies":[{"embeddable":true,"href":"https:\/\/baldumarket.lt\/lt\/wp-json\/wp\/v2\/comments?post=232398"}],"wp:featuredmedia":[{"embeddable":true,"href":"https:\/\/baldumarket.lt\/lt\/wp-json\/wp\/v2\/media\/232399"}],"wp:attachment":[{"href":"https:\/\/baldumarket.lt\/lt\/wp-json\/wp\/v2\/media?parent=232398"}],"wp:term":[{"taxonomy":"product_brand","embeddable":true,"href":"https:\/\/baldumarket.lt\/lt\/wp-json\/wp\/v2\/product_brand?post=232398"},{"taxonomy":"product_cat","embeddable":true,"href":"https:\/\/baldumarket.lt\/lt\/wp-json\/wp\/v2\/product_cat?post=232398"},{"taxonomy":"product_tag","embeddable":true,"href":"https:\/\/baldumarket.lt\/lt\/wp-json\/wp\/v2\/product_tag?post=232398"}],"curies":[{"name":"wp","href":"https:\/\/api.w.org\/{rel}","templated":true}]}}