{"id":232393,"date":"2025-12-29T02:04:24","date_gmt":"2025-12-28T23:04:24","guid":{"rendered":"https:\/\/baldumarket.lt\/product\/pafos-szafki-nocne-biale-z-ladowarka\/"},"modified":"2026-02-11T18:35:56","modified_gmt":"2026-02-11T15:35:56","slug":"pafos-szafki-nocne-biale-z-ladowarka","status":"publish","type":"product","link":"https:\/\/baldumarket.lt\/lt\/product\/pafos-szafki-nocne-biale-z-ladowarka\/","title":{"rendered":"PAPHOS BALTOS NAKTIN\u0116S SPINTEL\u0116S SU \u012eKROVIKLIU"},"content":{"rendered":"<p>PAFOS naktinis staliukas su \u012fmontuotu \u012fkrovikliu \u2013 baltas<br \/>\n\u0160is eleganti\u0161kas ir funkcionalus baltas naktinis staliukas su frezuotu priekiu puikiai tiks bet kuriame miegamajame. Stilingos juodos kojel\u0117s suteikia modernumo, o vir\u0161uje \u012fmontuotas USB \u012fkroviklis leid\u017eia patogiai \u012fkrauti elektroninius prietaisus be papildom\u0173 laid\u0173. Puikus dizaino ir prakti\u0161kumo derinys!<br \/>\nPuikus pasirinkimas tiems, kurie vertina funkcionalius sprendimus su gra\u017eiu dizainu.<br \/>\nMaksimali \u012fkrovimo srov\u0117: 2 x 1A arba 1 x 2A<br \/>\nN\u0117ra ranken\u0117li\u0173; priekin\u0117s dalys t\u0119siasi u\u017e vir\u0161aus.<\/p>","protected":false},"excerpt":{"rendered":"<p>Kolekcija: Pafosas<br \/>\nPlotis: 44,5<br \/>\n\u016agis: 51<br \/>\nGylis: 40<\/p>","protected":false},"featured_media":232394,"comment_status":"open","ping_status":"open","template":"","meta":[],"product_brand":[],"product_cat":[1176,8388],"product_tag":[],"class_list":{"0":"post-232393","1":"product","2":"type-product","3":"status-publish","4":"has-post-thumbnail","6":"product_cat-bedside-tables","7":"product_cat-cama-meble","9":"first","10":"instock","11":"purchasable","12":"product-type-simple"},"_links":{"self":[{"href":"https:\/\/baldumarket.lt\/lt\/wp-json\/wp\/v2\/product\/232393","targetHints":{"allow":["GET"]}}],"collection":[{"href":"https:\/\/baldumarket.lt\/lt\/wp-json\/wp\/v2\/product"}],"about":[{"href":"https:\/\/baldumarket.lt\/lt\/wp-json\/wp\/v2\/types\/product"}],"replies":[{"embeddable":true,"href":"https:\/\/baldumarket.lt\/lt\/wp-json\/wp\/v2\/comments?post=232393"}],"wp:featuredmedia":[{"embeddable":true,"href":"https:\/\/baldumarket.lt\/lt\/wp-json\/wp\/v2\/media\/232394"}],"wp:attachment":[{"href":"https:\/\/baldumarket.lt\/lt\/wp-json\/wp\/v2\/media?parent=232393"}],"wp:term":[{"taxonomy":"product_brand","embeddable":true,"href":"https:\/\/baldumarket.lt\/lt\/wp-json\/wp\/v2\/product_brand?post=232393"},{"taxonomy":"product_cat","embeddable":true,"href":"https:\/\/baldumarket.lt\/lt\/wp-json\/wp\/v2\/product_cat?post=232393"},{"taxonomy":"product_tag","embeddable":true,"href":"https:\/\/baldumarket.lt\/lt\/wp-json\/wp\/v2\/product_tag?post=232393"}],"curies":[{"name":"wp","href":"https:\/\/api.w.org\/{rel}","templated":true}]}}