{"id":232381,"date":"2025-12-29T02:04:08","date_gmt":"2025-12-28T23:04:08","guid":{"rendered":"https:\/\/baldumarket.lt\/product\/pafos-szafka-rtv-180-cm-czarna-z-kominkiem\/"},"modified":"2026-02-11T18:35:56","modified_gmt":"2026-02-11T15:35:56","slug":"pafos-szafka-rtv-180-cm-czarna-z-kominkiem","status":"publish","type":"product","link":"https:\/\/baldumarket.lt\/lt\/product\/pafos-szafka-rtv-180-cm-czarna-z-kominkiem\/","title":{"rendered":"PAFOS TV spintel\u0117 180 cm juoda su \u017eidiniu"},"content":{"rendered":"<p>Pafos 180 cm televizoriaus staliukas su \u017eidiniu<br \/>\n\u017didinio specifikacijos:<br \/>\nLiepsnos spalvos: m\u0117lyna, raudona, violetin\u0117\/ro\u017ein\u0117<br \/>\nMaitinimo \u0161altinis: 220\u2013240 V \/ 50 Hz<br \/>\nGalia: 1400 W\u20131600 W<br \/>\n\u0160ildymo funkcija: 16\u201328 \u00b0C<br \/>\nSpalvos:<br \/>\nMatin\u0117 juoda priekin\u0117 dalis<br \/>\nMatin\u0117s juodos spalvos korpusas<br \/>\nAuksin\u0117s kojos<br \/>\nKorpusas: 16 mm matin\u0117 laminuota plok\u0161t\u0117<br \/>\nPriekin\u0117 dalis: laminuota MDF plok\u0161t\u0117, padengta 16 mm PVC folija su matomais grioveliais<br \/>\nRankenos: n\u0117ra, PUSH-CLICK sistema<br \/>\nPapildoma informacija:<br \/>\nModernus televizoriaus staliukas su vertikaliais grioveliais. \u0160is eleganti\u0161kas staliukas tiks bet kokiam moderniam interjerui. Svarbus spintel\u0117s privalumas \u2013 \u017eidinys, kuris suteikia \u017eavesio ir sukuria jauki\u0105 bei \u0161ilt\u0105 atmosfer\u0105. Prie televizoriaus staliuko galima prid\u0117ti 150 cm, 180 cm ir 200 cm komodas, lentyn\u0105, kavos staliuk\u0105 ir vitrin\u0105.<\/p>","protected":false},"excerpt":{"rendered":"<p>\u016agis cm: 49<br \/>\nPlotis cm: 180,5<br \/>\nGylis cm: 42<br \/>\nDur\u0173 skai\u010dius: 2<\/p>","protected":false},"featured_media":232382,"comment_status":"open","ping_status":"open","template":"","meta":[],"product_brand":[],"product_cat":[8388,1175],"product_tag":[],"class_list":{"0":"post-232381","1":"product","2":"type-product","3":"status-publish","4":"has-post-thumbnail","6":"product_cat-cama-meble","7":"product_cat-tv-stands","9":"first","10":"instock","11":"purchasable","12":"product-type-simple"},"_links":{"self":[{"href":"https:\/\/baldumarket.lt\/lt\/wp-json\/wp\/v2\/product\/232381","targetHints":{"allow":["GET"]}}],"collection":[{"href":"https:\/\/baldumarket.lt\/lt\/wp-json\/wp\/v2\/product"}],"about":[{"href":"https:\/\/baldumarket.lt\/lt\/wp-json\/wp\/v2\/types\/product"}],"replies":[{"embeddable":true,"href":"https:\/\/baldumarket.lt\/lt\/wp-json\/wp\/v2\/comments?post=232381"}],"wp:featuredmedia":[{"embeddable":true,"href":"https:\/\/baldumarket.lt\/lt\/wp-json\/wp\/v2\/media\/232382"}],"wp:attachment":[{"href":"https:\/\/baldumarket.lt\/lt\/wp-json\/wp\/v2\/media?parent=232381"}],"wp:term":[{"taxonomy":"product_brand","embeddable":true,"href":"https:\/\/baldumarket.lt\/lt\/wp-json\/wp\/v2\/product_brand?post=232381"},{"taxonomy":"product_cat","embeddable":true,"href":"https:\/\/baldumarket.lt\/lt\/wp-json\/wp\/v2\/product_cat?post=232381"},{"taxonomy":"product_tag","embeddable":true,"href":"https:\/\/baldumarket.lt\/lt\/wp-json\/wp\/v2\/product_tag?post=232381"}],"curies":[{"name":"wp","href":"https:\/\/api.w.org\/{rel}","templated":true}]}}