{"id":232372,"date":"2025-12-29T02:03:57","date_gmt":"2025-12-28T23:03:57","guid":{"rendered":"https:\/\/baldumarket.lt\/product\/pafos-szafka-rtv-150-cm-czarna\/"},"modified":"2026-02-11T18:35:56","modified_gmt":"2026-02-11T15:35:56","slug":"pafos-szafka-rtv-150-cm-czarna","status":"publish","type":"product","link":"https:\/\/baldumarket.lt\/lt\/product\/pafos-szafka-rtv-150-cm-czarna\/","title":{"rendered":"PAFOS TV spintel\u0117, 150 cm, juoda"},"content":{"rendered":"<p>Pafos TV staliukas, 150 cm, juodas<br \/>\nSpalva:<br \/>\nMatin\u0117 juoda priekin\u0117 dalis<br \/>\nMatin\u0117s juodos spalvos korpusas<br \/>\nAuksin\u0117 koja<br \/>\nKorpusas: 16 mm matin\u0117 laminuota plok\u0161t\u0117<br \/>\nPriekin\u0117 dalis: laminuota MDF plok\u0161t\u0117 su 16 mm PVC folija ir matomais grioveliais<br \/>\nRankenos: n\u0117ra, PUSH-CLICK sistema<br \/>\nPapildoma informacija:<br \/>\nModernus televizoriaus staliukas su vertikaliais grioveliais. \u0160is eleganti\u0161kas staliukas tiks bet kokiam moderniam interjerui.<br \/>\nPagrindinis \u0161io stovo privalumas yra galimyb\u0117 pasirinkti atvir\u0105 sand\u0117liavimo variant\u0105.<br \/>\nPrie televizoriaus staliuko galima prid\u0117ti 150 cm ir 200 cm komodas.<\/p>","protected":false},"excerpt":{"rendered":"<p>\u016agis cm: 52<br \/>\nPlotis cm: 150<br \/>\nGylis cm: 42<br \/>\nDur\u0173 skai\u010dius: 2<\/p>","protected":false},"featured_media":232373,"comment_status":"open","ping_status":"open","template":"","meta":[],"product_brand":[],"product_cat":[8388,1175],"product_tag":[],"class_list":{"0":"post-232372","1":"product","2":"type-product","3":"status-publish","4":"has-post-thumbnail","6":"product_cat-cama-meble","7":"product_cat-tv-stands","9":"first","10":"instock","11":"purchasable","12":"product-type-simple"},"_links":{"self":[{"href":"https:\/\/baldumarket.lt\/lt\/wp-json\/wp\/v2\/product\/232372","targetHints":{"allow":["GET"]}}],"collection":[{"href":"https:\/\/baldumarket.lt\/lt\/wp-json\/wp\/v2\/product"}],"about":[{"href":"https:\/\/baldumarket.lt\/lt\/wp-json\/wp\/v2\/types\/product"}],"replies":[{"embeddable":true,"href":"https:\/\/baldumarket.lt\/lt\/wp-json\/wp\/v2\/comments?post=232372"}],"wp:featuredmedia":[{"embeddable":true,"href":"https:\/\/baldumarket.lt\/lt\/wp-json\/wp\/v2\/media\/232373"}],"wp:attachment":[{"href":"https:\/\/baldumarket.lt\/lt\/wp-json\/wp\/v2\/media?parent=232372"}],"wp:term":[{"taxonomy":"product_brand","embeddable":true,"href":"https:\/\/baldumarket.lt\/lt\/wp-json\/wp\/v2\/product_brand?post=232372"},{"taxonomy":"product_cat","embeddable":true,"href":"https:\/\/baldumarket.lt\/lt\/wp-json\/wp\/v2\/product_cat?post=232372"},{"taxonomy":"product_tag","embeddable":true,"href":"https:\/\/baldumarket.lt\/lt\/wp-json\/wp\/v2\/product_tag?post=232372"}],"curies":[{"name":"wp","href":"https:\/\/api.w.org\/{rel}","templated":true}]}}