{"id":232364,"date":"2025-12-29T02:03:47","date_gmt":"2025-12-28T23:03:47","guid":{"rendered":"https:\/\/baldumarket.lt\/product\/pafos-szafka-nocna-czarna-2-sztuki\/"},"modified":"2026-02-11T18:35:56","modified_gmt":"2026-02-11T15:35:56","slug":"pafos-szafka-nocna-czarna-2-sztuki","status":"publish","type":"product","link":"https:\/\/baldumarket.lt\/lt\/product\/pafos-szafka-nocna-czarna-2-sztuki\/","title":{"rendered":"PAFOS juodas naktinis staliukas \u2013 2 dalys"},"content":{"rendered":"<p>\u201ePafos\u201c naktiniai staleliai, 2 vnt. rinkinys, juodi<br \/>\nSpalvos:<br \/>\nMatin\u0117 juoda priekin\u0117 dalis<br \/>\nMatin\u0117s juodos spalvos korpusas<br \/>\nAuksin\u0117s kojos<br \/>\nKorpusas: 16 mm matin\u0117 laminuota plok\u0161t\u0117<br \/>\nPriekin\u0117 dalis: laminuota MDF plok\u0161t\u0117 su 16 mm PVC pl\u0117vele ir matomomis i\u0161pjovomis<br \/>\nRankenos: n\u0117ra, PUSH-CLICK sistema<br \/>\nPapildoma informacija:<br \/>\n\u0160is modernus naktinis staliukas su vertikaliais i\u0161pjovimais eleganti\u0161kai papildys bet kok\u012f modern\u0173 interjer\u0105.<br \/>\nTaip pat galite u\u017esisakyti 150 cm ir 200 cm televizoriaus staliukus, 150 cm ir 200 cm komodas, vitrin\u0105 ir kavos staliuk\u0105.<\/p>","protected":false},"excerpt":{"rendered":"<p>\u016agis cm: 51<br \/>\nPlotis cm: 44,5<br \/>\nGylis cm: 40<br \/>\nDur\u0173 skai\u010dius: 1<\/p>","protected":false},"featured_media":232365,"comment_status":"open","ping_status":"open","template":"","meta":[],"product_brand":[],"product_cat":[1176,8388],"product_tag":[],"class_list":{"0":"post-232364","1":"product","2":"type-product","3":"status-publish","4":"has-post-thumbnail","6":"product_cat-bedside-tables","7":"product_cat-cama-meble","9":"first","10":"instock","11":"purchasable","12":"product-type-simple"},"_links":{"self":[{"href":"https:\/\/baldumarket.lt\/lt\/wp-json\/wp\/v2\/product\/232364","targetHints":{"allow":["GET"]}}],"collection":[{"href":"https:\/\/baldumarket.lt\/lt\/wp-json\/wp\/v2\/product"}],"about":[{"href":"https:\/\/baldumarket.lt\/lt\/wp-json\/wp\/v2\/types\/product"}],"replies":[{"embeddable":true,"href":"https:\/\/baldumarket.lt\/lt\/wp-json\/wp\/v2\/comments?post=232364"}],"wp:featuredmedia":[{"embeddable":true,"href":"https:\/\/baldumarket.lt\/lt\/wp-json\/wp\/v2\/media\/232365"}],"wp:attachment":[{"href":"https:\/\/baldumarket.lt\/lt\/wp-json\/wp\/v2\/media?parent=232364"}],"wp:term":[{"taxonomy":"product_brand","embeddable":true,"href":"https:\/\/baldumarket.lt\/lt\/wp-json\/wp\/v2\/product_brand?post=232364"},{"taxonomy":"product_cat","embeddable":true,"href":"https:\/\/baldumarket.lt\/lt\/wp-json\/wp\/v2\/product_cat?post=232364"},{"taxonomy":"product_tag","embeddable":true,"href":"https:\/\/baldumarket.lt\/lt\/wp-json\/wp\/v2\/product_tag?post=232364"}],"curies":[{"name":"wp","href":"https:\/\/api.w.org\/{rel}","templated":true}]}}