{"id":232359,"date":"2025-12-29T02:03:40","date_gmt":"2025-12-28T23:03:40","guid":{"rendered":"https:\/\/baldumarket.lt\/product\/pafos-szafka-nocna-biala-2-sztuki\/"},"modified":"2026-02-11T18:35:56","modified_gmt":"2026-02-11T15:35:56","slug":"pafos-szafka-nocna-biala-2-sztuki","status":"publish","type":"product","link":"https:\/\/baldumarket.lt\/lt\/product\/pafos-szafka-nocna-biala-2-sztuki\/","title":{"rendered":"PAFOS baltas naktinis staliukas \u2013 2 dalys"},"content":{"rendered":"<p>Pafos naktiniai staliukai, 2 vnt. komplektas, balti<br \/>\nSpalvos:<br \/>\nMatin\u0117 balta priekin\u0117 dalis<br \/>\nMatin\u0117s baltos spalvos korpusas<br \/>\nJuodos kojos<br \/>\nKorpusas: 16 mm matin\u0117 laminuota plok\u0161t\u0117<br \/>\nPriekin\u0117 dalis: laminuota MDF plok\u0161t\u0117 su 16 mm PVC folija ir matomais grioveliais<br \/>\nRankenos: n\u0117ra, PUSH-CLICK sistema<br \/>\nPapildoma informacija:<br \/>\n\u0160is modernus naktinis staliukas su vertikaliais grioveliais eleganti\u0161kai papildys bet kok\u012f modern\u0173 interjer\u0105.<br \/>\nGalite u\u017esisakyti deran\u010di\u0173 televizoriaus staliuk\u0173 (150 cm ir 200 cm), 150 cm ir 200 cm komod\u0173, vitrinos tipo spintel\u0119 ir kavos staliuk\u0105.<\/p>","protected":false},"excerpt":{"rendered":"<p>\u016agis cm: 51<br \/>\nPlotis cm: 44,5<br \/>\nGylis cm: 40<br \/>\nDur\u0173 skai\u010dius: 1<\/p>","protected":false},"featured_media":232360,"comment_status":"open","ping_status":"open","template":"","meta":[],"product_brand":[],"product_cat":[1176,8388],"product_tag":[],"class_list":{"0":"post-232359","1":"product","2":"type-product","3":"status-publish","4":"has-post-thumbnail","6":"product_cat-bedside-tables","7":"product_cat-cama-meble","9":"first","10":"instock","11":"purchasable","12":"product-type-simple"},"_links":{"self":[{"href":"https:\/\/baldumarket.lt\/lt\/wp-json\/wp\/v2\/product\/232359","targetHints":{"allow":["GET"]}}],"collection":[{"href":"https:\/\/baldumarket.lt\/lt\/wp-json\/wp\/v2\/product"}],"about":[{"href":"https:\/\/baldumarket.lt\/lt\/wp-json\/wp\/v2\/types\/product"}],"replies":[{"embeddable":true,"href":"https:\/\/baldumarket.lt\/lt\/wp-json\/wp\/v2\/comments?post=232359"}],"wp:featuredmedia":[{"embeddable":true,"href":"https:\/\/baldumarket.lt\/lt\/wp-json\/wp\/v2\/media\/232360"}],"wp:attachment":[{"href":"https:\/\/baldumarket.lt\/lt\/wp-json\/wp\/v2\/media?parent=232359"}],"wp:term":[{"taxonomy":"product_brand","embeddable":true,"href":"https:\/\/baldumarket.lt\/lt\/wp-json\/wp\/v2\/product_brand?post=232359"},{"taxonomy":"product_cat","embeddable":true,"href":"https:\/\/baldumarket.lt\/lt\/wp-json\/wp\/v2\/product_cat?post=232359"},{"taxonomy":"product_tag","embeddable":true,"href":"https:\/\/baldumarket.lt\/lt\/wp-json\/wp\/v2\/product_tag?post=232359"}],"curies":[{"name":"wp","href":"https:\/\/api.w.org\/{rel}","templated":true}]}}