{"id":232339,"date":"2025-12-29T02:03:15","date_gmt":"2025-12-28T23:03:15","guid":{"rendered":"https:\/\/baldumarket.lt\/product\/pafos-szafa-45-czarna\/"},"modified":"2026-02-11T18:35:57","modified_gmt":"2026-02-11T15:35:57","slug":"pafos-szafa-45-czarna","status":"publish","type":"product","link":"https:\/\/baldumarket.lt\/lt\/product\/pafos-szafa-45-czarna\/","title":{"rendered":"PAFOS spinta 45 juoda"},"content":{"rendered":"<p>PAFOS spinta 45 cm, juoda<br \/>\nKorpusas: 16 mm matin\u0117 laminuota plok\u0161t\u0117<br \/>\nPriekin\u0117s dalys: laminuota MDF plok\u0161t\u0117, padengta 16 mm PVC pl\u0117vele su matomais grioveliais<br \/>\nDe\u0161in\u0117s pus\u0117s spintel\u0117.<br \/>\nRankenos: n\u0117ra, PUSH-CLICK sistema<br \/>\nSpalva: matin\u0117 juoda\/matin\u0117 juoda<br \/>\nPapildoma informacija:<br \/>\n\u0160i moderni spinta su vertikaliais grioveliais eleganti\u0161kai der\u0117s prie bet kokio modernaus interjero. Galite u\u017esisakyti 45 cm spint\u0105, lentyn\u0105, 150 cm ir 200 cm televizoriaus staliuk\u0105, 150 cm ir 200 cm komodas, kavos staliuk\u0105 ir vitrin\u0105.<br \/>\nGalima \u012fsigyti pasirenkam\u0105 i\u0161pl\u0117timo \u012frengin\u012f.<br \/>\nPrapl\u0117timo bloko matmenys:<br \/>\nAuk\u0161tis: 45 cm<br \/>\nPlotis: 90 cm<br \/>\nPlotis: 55,5 cm<br \/>\n\u2013 Plok\u0161\u010diapakuoti baldai, skirti savaranki\u0161kam surinkimui (pridedami surinkimo priedai ir ai\u0161kios instrukcijos)<\/p>","protected":false},"excerpt":{"rendered":"<p>\u016agis cm: 198,5 arba 243,5<br \/>\nPlotis cm: 45<br \/>\nGylis cm: 55,5<\/p>","protected":false},"featured_media":232340,"comment_status":"open","ping_status":"open","template":"","meta":[],"product_brand":[],"product_cat":[8388,1177],"product_tag":[],"class_list":{"0":"post-232339","1":"product","2":"type-product","3":"status-publish","4":"has-post-thumbnail","6":"product_cat-cama-meble","7":"product_cat-wardrobes","9":"first","10":"instock","11":"purchasable","12":"product-type-simple"},"_links":{"self":[{"href":"https:\/\/baldumarket.lt\/lt\/wp-json\/wp\/v2\/product\/232339","targetHints":{"allow":["GET"]}}],"collection":[{"href":"https:\/\/baldumarket.lt\/lt\/wp-json\/wp\/v2\/product"}],"about":[{"href":"https:\/\/baldumarket.lt\/lt\/wp-json\/wp\/v2\/types\/product"}],"replies":[{"embeddable":true,"href":"https:\/\/baldumarket.lt\/lt\/wp-json\/wp\/v2\/comments?post=232339"}],"wp:featuredmedia":[{"embeddable":true,"href":"https:\/\/baldumarket.lt\/lt\/wp-json\/wp\/v2\/media\/232340"}],"wp:attachment":[{"href":"https:\/\/baldumarket.lt\/lt\/wp-json\/wp\/v2\/media?parent=232339"}],"wp:term":[{"taxonomy":"product_brand","embeddable":true,"href":"https:\/\/baldumarket.lt\/lt\/wp-json\/wp\/v2\/product_brand?post=232339"},{"taxonomy":"product_cat","embeddable":true,"href":"https:\/\/baldumarket.lt\/lt\/wp-json\/wp\/v2\/product_cat?post=232339"},{"taxonomy":"product_tag","embeddable":true,"href":"https:\/\/baldumarket.lt\/lt\/wp-json\/wp\/v2\/product_tag?post=232339"}],"curies":[{"name":"wp","href":"https:\/\/api.w.org\/{rel}","templated":true}]}}