{"id":232316,"date":"2025-12-29T02:02:47","date_gmt":"2025-12-28T23:02:47","guid":{"rendered":"https:\/\/baldumarket.lt\/product\/pafos-szafa-135-biala\/"},"modified":"2026-02-11T18:35:57","modified_gmt":"2026-02-11T15:35:57","slug":"pafos-szafa-135-biala","status":"publish","type":"product","link":"https:\/\/baldumarket.lt\/lt\/product\/pafos-szafa-135-biala\/","title":{"rendered":"PAFOS spinta 135 balta"},"content":{"rendered":"<p>PAFOS spinta \u201990\u2019 + \u201945\u2019 matin\u0117 balta<br \/>\nKorpusas: 16 mm matin\u0117 laminuota plok\u0161t\u0117<br \/>\nPriekin\u0117s dalys: laminuota MDF plok\u0161t\u0117, padengta 16 mm PVC pl\u0117vele su matomais grioveliais<br \/>\nRankenos: n\u0117ra, PUSH-CLICK sistema<br \/>\nSpalvos: matin\u0117 balta\/matin\u0117 balta<br \/>\nPapildoma informacija:<br \/>\n\u0160i moderni spinta su vertikaliais grioveliais eleganti\u0161kai der\u0117s prie bet kokio modernaus interjero. Galite u\u017esisakyti 45 cm spint\u0105, lentyn\u0105, 150 cm ir 200 cm televizoriaus staliuk\u0105, 150 cm ir 200 cm komodas, kavos staliuk\u0105 ir vitrin\u0105. Spinta susideda i\u0161 \u0161i\u0173 komponent\u0173:<br \/>\n\u201990-\u0173j\u0173 drabu\u017ei\u0173 spinta:<br \/>\n2 \u0161oniniai atidaromi fasadai<br \/>\nvidinis b\u0117gelis ir 2 lentynos<br \/>\n\u201945\u2019 spinta: De\u0161in\u0117s pus\u0117s spintel\u0117.<br \/>\n1 \u0161oninis priekinis atidarymas<br \/>\n4 lentynos viduje<br \/>\n\u2013 Plok\u0161\u010diapakuoti baldai, skirti savaranki\u0161kam surinkimui (pridedami surinkimo priedai ir ai\u0161kios instrukcijos)<\/p>","protected":false},"excerpt":{"rendered":"<p>\u016agis cm: 198,5<br \/>\nPlotis cm: 135<br \/>\nGylis cm: 55,5<br \/>\nDur\u0173 tipas: Atidaromos<br \/>\nDur\u0173 skai\u010dius: 3<br \/>\nVeidrod\u017eiai: Ne<\/p>","protected":false},"featured_media":232317,"comment_status":"open","ping_status":"open","template":"","meta":[],"product_brand":[],"product_cat":[8388,1177],"product_tag":[],"class_list":{"0":"post-232316","1":"product","2":"type-product","3":"status-publish","4":"has-post-thumbnail","6":"product_cat-cama-meble","7":"product_cat-wardrobes","9":"first","10":"instock","11":"purchasable","12":"product-type-simple"},"_links":{"self":[{"href":"https:\/\/baldumarket.lt\/lt\/wp-json\/wp\/v2\/product\/232316","targetHints":{"allow":["GET"]}}],"collection":[{"href":"https:\/\/baldumarket.lt\/lt\/wp-json\/wp\/v2\/product"}],"about":[{"href":"https:\/\/baldumarket.lt\/lt\/wp-json\/wp\/v2\/types\/product"}],"replies":[{"embeddable":true,"href":"https:\/\/baldumarket.lt\/lt\/wp-json\/wp\/v2\/comments?post=232316"}],"wp:featuredmedia":[{"embeddable":true,"href":"https:\/\/baldumarket.lt\/lt\/wp-json\/wp\/v2\/media\/232317"}],"wp:attachment":[{"href":"https:\/\/baldumarket.lt\/lt\/wp-json\/wp\/v2\/media?parent=232316"}],"wp:term":[{"taxonomy":"product_brand","embeddable":true,"href":"https:\/\/baldumarket.lt\/lt\/wp-json\/wp\/v2\/product_brand?post=232316"},{"taxonomy":"product_cat","embeddable":true,"href":"https:\/\/baldumarket.lt\/lt\/wp-json\/wp\/v2\/product_cat?post=232316"},{"taxonomy":"product_tag","embeddable":true,"href":"https:\/\/baldumarket.lt\/lt\/wp-json\/wp\/v2\/product_tag?post=232316"}],"curies":[{"name":"wp","href":"https:\/\/api.w.org\/{rel}","templated":true}]}}