{"id":232306,"date":"2025-12-29T02:02:35","date_gmt":"2025-12-28T23:02:35","guid":{"rendered":"https:\/\/baldumarket.lt\/product\/pafos-regal-na-nozkach-100-cm-bialy\/"},"modified":"2026-02-11T18:35:57","modified_gmt":"2026-02-11T15:35:57","slug":"pafos-regal-na-nozkach-100-cm-bialy","status":"publish","type":"product","link":"https:\/\/baldumarket.lt\/lt\/product\/pafos-regal-na-nozkach-100-cm-bialy\/","title":{"rendered":"PAFOS lentyna su kojel\u0117mis, 100 cm, balta"},"content":{"rendered":"<p>PAFOS 100 cm lentyna \u2013 balta<br \/>\nSpalvos:<br \/>\nMatin\u0117 balta priekin\u0117 dalis<br \/>\nMatin\u0117s baltos spalvos korpusas<br \/>\nJuodos kojos<br \/>\nKorpusas: 16 mm matin\u0117 laminuota plok\u0161t\u0117<br \/>\nPriekin\u0117s dalys: laminuota MDF plok\u0161t\u0117, padengta 16 mm PVC pl\u0117vele su matomais grioveliais<br \/>\nRankenos: n\u0117ra, PUSH-CLICK sistema<br \/>\nPapildoma informacija:<br \/>\n\u0160i moderni lentyn\u0173 sistema su vertikaliais grioveliais eleganti\u0161kai der\u0117s prie bet kokio modernaus interjero.<br \/>\nGalite u\u017esisakyti 150 cm ir 200 cm televizoriaus staliukus, 150 cm ir 200 cm komodas, kavos staliuk\u0105 ir vitrin\u0105.<br \/>\nStandartiniai yra du fasadai.<br \/>\nJei pageidaujate u\u017edar\u0173 lentyn\u0173, galite \u012fsigyti vis\u0105 fasad\u0173 komplekt\u0105.<\/p>","protected":false},"excerpt":{"rendered":"<p>\u016agis cm: 176,5<br \/>\nPlotis cm: 100,5<br \/>\nGylis cm: 42<br \/>\nDur\u0173 skai\u010dius: 2<\/p>","protected":false},"featured_media":232307,"comment_status":"open","ping_status":"open","template":"","meta":[],"product_brand":[],"product_cat":[8388,1987],"product_tag":[],"class_list":{"0":"post-232306","1":"product","2":"type-product","3":"status-publish","4":"has-post-thumbnail","6":"product_cat-cama-meble","7":"product_cat-shelving-units","9":"first","10":"instock","11":"purchasable","12":"product-type-simple"},"_links":{"self":[{"href":"https:\/\/baldumarket.lt\/lt\/wp-json\/wp\/v2\/product\/232306","targetHints":{"allow":["GET"]}}],"collection":[{"href":"https:\/\/baldumarket.lt\/lt\/wp-json\/wp\/v2\/product"}],"about":[{"href":"https:\/\/baldumarket.lt\/lt\/wp-json\/wp\/v2\/types\/product"}],"replies":[{"embeddable":true,"href":"https:\/\/baldumarket.lt\/lt\/wp-json\/wp\/v2\/comments?post=232306"}],"wp:featuredmedia":[{"embeddable":true,"href":"https:\/\/baldumarket.lt\/lt\/wp-json\/wp\/v2\/media\/232307"}],"wp:attachment":[{"href":"https:\/\/baldumarket.lt\/lt\/wp-json\/wp\/v2\/media?parent=232306"}],"wp:term":[{"taxonomy":"product_brand","embeddable":true,"href":"https:\/\/baldumarket.lt\/lt\/wp-json\/wp\/v2\/product_brand?post=232306"},{"taxonomy":"product_cat","embeddable":true,"href":"https:\/\/baldumarket.lt\/lt\/wp-json\/wp\/v2\/product_cat?post=232306"},{"taxonomy":"product_tag","embeddable":true,"href":"https:\/\/baldumarket.lt\/lt\/wp-json\/wp\/v2\/product_tag?post=232306"}],"curies":[{"name":"wp","href":"https:\/\/api.w.org\/{rel}","templated":true}]}}