{"id":232302,"date":"2025-12-29T02:02:30","date_gmt":"2025-12-28T23:02:30","guid":{"rendered":"https:\/\/baldumarket.lt\/product\/pafos-lawa-120-cm-czarna\/"},"modified":"2026-02-11T18:35:57","modified_gmt":"2026-02-11T15:35:57","slug":"pafos-lawa-120-cm-czarna","status":"publish","type":"product","link":"https:\/\/baldumarket.lt\/lt\/product\/pafos-lawa-120-cm-czarna\/","title":{"rendered":"PAFOS suolas 120 cm, juodas"},"content":{"rendered":"<p>Pafos kavos staliukas, 120 cm, juodas<br \/>\nSpalva:<br \/>\nPriekis: matin\u0117 juoda<br \/>\nKorpusas: matin\u0117 juoda<br \/>\nKorpusas: 16 mm laminuota plok\u0161t\u0117<br \/>\nPriekin\u0117 dalis: laminuota MDF plok\u0161t\u0117, padengta 16 mm PVC folija su matomais grioveliais<br \/>\nPapildoma informacija:<br \/>\n\u0160is modernus kavos staliukas su vertikaliais grioveliais ir lentyna yra eleganti\u0161kas ir tiks bet kokiam moderniam interjerui.<br \/>\nGalima u\u017esisakyti 150 cm, 180 cm ir 200 cm televizoriaus staliukus, 150 cm, 180 cm ir 200 cm komodas, naktinius staliukus, vitrin\u0105 ir lentyn\u0105.<\/p>","protected":false},"excerpt":{"rendered":"<p>Auk\u0161tis cm: 50<br \/>\nPlotis cm: 120<br \/>\nGylis cm: 50,5<\/p>","protected":false},"featured_media":232303,"comment_status":"open","ping_status":"open","template":"","meta":[],"product_brand":[],"product_cat":[8388,866],"product_tag":[],"class_list":{"0":"post-232302","1":"product","2":"type-product","3":"status-publish","4":"has-post-thumbnail","6":"product_cat-cama-meble","7":"product_cat-coffee-tables","9":"first","10":"instock","11":"purchasable","12":"product-type-simple"},"_links":{"self":[{"href":"https:\/\/baldumarket.lt\/lt\/wp-json\/wp\/v2\/product\/232302","targetHints":{"allow":["GET"]}}],"collection":[{"href":"https:\/\/baldumarket.lt\/lt\/wp-json\/wp\/v2\/product"}],"about":[{"href":"https:\/\/baldumarket.lt\/lt\/wp-json\/wp\/v2\/types\/product"}],"replies":[{"embeddable":true,"href":"https:\/\/baldumarket.lt\/lt\/wp-json\/wp\/v2\/comments?post=232302"}],"wp:featuredmedia":[{"embeddable":true,"href":"https:\/\/baldumarket.lt\/lt\/wp-json\/wp\/v2\/media\/232303"}],"wp:attachment":[{"href":"https:\/\/baldumarket.lt\/lt\/wp-json\/wp\/v2\/media?parent=232302"}],"wp:term":[{"taxonomy":"product_brand","embeddable":true,"href":"https:\/\/baldumarket.lt\/lt\/wp-json\/wp\/v2\/product_brand?post=232302"},{"taxonomy":"product_cat","embeddable":true,"href":"https:\/\/baldumarket.lt\/lt\/wp-json\/wp\/v2\/product_cat?post=232302"},{"taxonomy":"product_tag","embeddable":true,"href":"https:\/\/baldumarket.lt\/lt\/wp-json\/wp\/v2\/product_tag?post=232302"}],"curies":[{"name":"wp","href":"https:\/\/api.w.org\/{rel}","templated":true}]}}