{"id":232294,"date":"2025-12-29T02:02:19","date_gmt":"2025-12-28T23:02:19","guid":{"rendered":"https:\/\/baldumarket.lt\/product\/pafos-komoda-200-cm-czarna\/"},"modified":"2026-02-11T18:35:57","modified_gmt":"2026-02-11T15:35:57","slug":"pafos-komoda-200-cm-czarna","status":"publish","type":"product","link":"https:\/\/baldumarket.lt\/lt\/product\/pafos-komoda-200-cm-czarna\/","title":{"rendered":"PAFOS komoda, 200 cm, juoda"},"content":{"rendered":"<p>Pafos komoda 200 cm su 4 durel\u0117mis<br \/>\nSpalvos:<br \/>\nMatin\u0117 juoda priekin\u0117 dalis<br \/>\nMatin\u0117s juodos spalvos korpusas<br \/>\nAuksin\u0117s kojos<br \/>\nKorpusas: 16 mm matin\u0117 laminuota plok\u0161t\u0117<br \/>\nPriekin\u0117s dalys: laminuota MDF plok\u0161t\u0117, padengta 16 mm PVC pl\u0117vele su matomais grioveliais<br \/>\nRankenos: n\u0117ra, PUSH-CLICK sistema<br \/>\nPapildoma informacija:<br \/>\nModerni komoda su vertikaliais grioveliais. \u0160i eleganti\u0161ka komoda tiks bet kokiam moderniam interjerui.<br \/>\nPrie komodos yra 150 cm, 180 cm ir 200 cm televizoriaus staliukai, lentyna, kavos staliukas ir vitrina.<\/p>","protected":false},"excerpt":{"rendered":"<p>\u016agis cm: 82<br \/>\nPlotis cm: 200<br \/>\nGylis cm: 42<br \/>\nDur\u0173 skai\u010dius: 4<\/p>","protected":false},"featured_media":232295,"comment_status":"open","ping_status":"open","template":"","meta":[],"product_brand":[],"product_cat":[8388,1173],"product_tag":[],"class_list":{"0":"post-232294","1":"product","2":"type-product","3":"status-publish","4":"has-post-thumbnail","6":"product_cat-cama-meble","7":"product_cat-chests-of-drawers","9":"first","10":"instock","11":"purchasable","12":"product-type-simple"},"_links":{"self":[{"href":"https:\/\/baldumarket.lt\/lt\/wp-json\/wp\/v2\/product\/232294","targetHints":{"allow":["GET"]}}],"collection":[{"href":"https:\/\/baldumarket.lt\/lt\/wp-json\/wp\/v2\/product"}],"about":[{"href":"https:\/\/baldumarket.lt\/lt\/wp-json\/wp\/v2\/types\/product"}],"replies":[{"embeddable":true,"href":"https:\/\/baldumarket.lt\/lt\/wp-json\/wp\/v2\/comments?post=232294"}],"wp:featuredmedia":[{"embeddable":true,"href":"https:\/\/baldumarket.lt\/lt\/wp-json\/wp\/v2\/media\/232295"}],"wp:attachment":[{"href":"https:\/\/baldumarket.lt\/lt\/wp-json\/wp\/v2\/media?parent=232294"}],"wp:term":[{"taxonomy":"product_brand","embeddable":true,"href":"https:\/\/baldumarket.lt\/lt\/wp-json\/wp\/v2\/product_brand?post=232294"},{"taxonomy":"product_cat","embeddable":true,"href":"https:\/\/baldumarket.lt\/lt\/wp-json\/wp\/v2\/product_cat?post=232294"},{"taxonomy":"product_tag","embeddable":true,"href":"https:\/\/baldumarket.lt\/lt\/wp-json\/wp\/v2\/product_tag?post=232294"}],"curies":[{"name":"wp","href":"https:\/\/api.w.org\/{rel}","templated":true}]}}