{"id":232286,"date":"2025-12-29T02:02:08","date_gmt":"2025-12-28T23:02:08","guid":{"rendered":"https:\/\/baldumarket.lt\/product\/pafos-komoda-180-cm-czarna-z-kominkiem\/"},"modified":"2026-02-11T18:35:57","modified_gmt":"2026-02-11T15:35:57","slug":"pafos-komoda-180-cm-czarna-z-kominkiem","status":"publish","type":"product","link":"https:\/\/baldumarket.lt\/lt\/product\/pafos-komoda-180-cm-czarna-z-kominkiem\/","title":{"rendered":"PAFOS komoda 180 cm juoda su \u017eidiniu"},"content":{"rendered":"<p>Pafos 180 cm komoda su \u017eidiniu<br \/>\n\u017didinio specifikacijos:<br \/>\nLiepsnos spalvos: m\u0117lyna, raudona, violetin\u0117\/ro\u017ein\u0117<br \/>\nMaitinimo \u0161altinis: 220\u2013240 V \/ 50 Hz<br \/>\nGalia: 1400 W\u20131600 W<br \/>\n\u0160ildymo funkcija: 16\u201328 \u00b0C<br \/>\nSpalvos:<br \/>\nMatin\u0117 juoda priekin\u0117 dalis<br \/>\nMatin\u0117s juodos spalvos korpusas<br \/>\nAuksin\u0117s kojos<br \/>\nKorpusas: 16 mm matin\u0117 laminuota plok\u0161t\u0117<br \/>\nPriekin\u0117s dalys: laminuota MDF plok\u0161t\u0117, padengta 16 mm PVC pl\u0117vele su matomais grioveliais<br \/>\nRankenos: n\u0117ra, PUSH-CLICK sistema<br \/>\nPapildoma informacija:<br \/>\nModerni komoda su vertikaliais grioveliais, dviem durel\u0117mis ir atvartu. \u0160i eleganti\u0161ka komoda tiks bet kokiam moderniam interjerui. Svarbus komodos privalumas \u2013 \u017eidinys, kuris suteikia \u017eavesio ir sukuria jauki\u0105 bei \u0161ilt\u0105 atmosfer\u0105.<br \/>\nPrie komodos galima prid\u0117ti 150 cm, 180 cm ir 200 cm dyd\u017eio televizoriaus staliukus, lentyn\u0105, kavos staliuk\u0105 ir vitrin\u0105.<\/p>","protected":false},"excerpt":{"rendered":"<p>\u016agis cm: 82<br \/>\nPlotis cm: 180,5<br \/>\nGylis cm: 42<br \/>\nDur\u0173 skai\u010dius: 3<\/p>","protected":false},"featured_media":232287,"comment_status":"open","ping_status":"open","template":"","meta":[],"product_brand":[],"product_cat":[8388,1173],"product_tag":[],"class_list":{"0":"post-232286","1":"product","2":"type-product","3":"status-publish","4":"has-post-thumbnail","6":"product_cat-cama-meble","7":"product_cat-chests-of-drawers","9":"first","10":"instock","11":"purchasable","12":"product-type-simple"},"_links":{"self":[{"href":"https:\/\/baldumarket.lt\/lt\/wp-json\/wp\/v2\/product\/232286","targetHints":{"allow":["GET"]}}],"collection":[{"href":"https:\/\/baldumarket.lt\/lt\/wp-json\/wp\/v2\/product"}],"about":[{"href":"https:\/\/baldumarket.lt\/lt\/wp-json\/wp\/v2\/types\/product"}],"replies":[{"embeddable":true,"href":"https:\/\/baldumarket.lt\/lt\/wp-json\/wp\/v2\/comments?post=232286"}],"wp:featuredmedia":[{"embeddable":true,"href":"https:\/\/baldumarket.lt\/lt\/wp-json\/wp\/v2\/media\/232287"}],"wp:attachment":[{"href":"https:\/\/baldumarket.lt\/lt\/wp-json\/wp\/v2\/media?parent=232286"}],"wp:term":[{"taxonomy":"product_brand","embeddable":true,"href":"https:\/\/baldumarket.lt\/lt\/wp-json\/wp\/v2\/product_brand?post=232286"},{"taxonomy":"product_cat","embeddable":true,"href":"https:\/\/baldumarket.lt\/lt\/wp-json\/wp\/v2\/product_cat?post=232286"},{"taxonomy":"product_tag","embeddable":true,"href":"https:\/\/baldumarket.lt\/lt\/wp-json\/wp\/v2\/product_tag?post=232286"}],"curies":[{"name":"wp","href":"https:\/\/api.w.org\/{rel}","templated":true}]}}