{"id":232279,"date":"2025-12-29T02:01:58","date_gmt":"2025-12-28T23:01:58","guid":{"rendered":"https:\/\/baldumarket.lt\/product\/pafos-komoda-150-cm-czarna\/"},"modified":"2026-02-11T18:35:58","modified_gmt":"2026-02-11T15:35:58","slug":"pafos-komoda-150-cm-czarna","status":"publish","type":"product","link":"https:\/\/baldumarket.lt\/lt\/product\/pafos-komoda-150-cm-czarna\/","title":{"rendered":"PAFOS komoda, 150 cm, juoda"},"content":{"rendered":"<p>Pafos komoda 150 cm su 2 durel\u0117mis, 1 stal\u010diumi ir ni\u0161a<br \/>\nSpalvos:<br \/>\nMatin\u0117 juoda priekin\u0117 dalis<br \/>\nMatin\u0117s juodos spalvos korpusas<br \/>\nAuksin\u0117s kojos<br \/>\nKorpusas: 16 mm matin\u0117 laminuota plok\u0161t\u0117<br \/>\nPriekin\u0117s dalys: laminuota MDF plok\u0161t\u0117, padengta 16 mm PVC pl\u0117vele su matomais grioveliais<br \/>\nRankenos: n\u0117ra, PUSH-CLICK sistema<br \/>\nPapildoma informacija:<br \/>\nModerni komoda su vertikaliais grioveliais, 2 durel\u0117mis ir atvartu. \u0160i eleganti\u0161ka komoda tiks bet kokiam moderniam interjerui. Svarbiausias komodos bruo\u017eas \u2013 \u017eidinys, suteikiantis \u017eavesio ir sukuriantis jauki\u0105 bei \u0161ilt\u0105 atmosfer\u0105.<br \/>\nPrie komodos galima prid\u0117ti 150 cm, 180 cm ir 200 cm dyd\u017eio televizoriaus staliukus, lentyn\u0105, kavos staliuk\u0105 ir vitrin\u0105.<br \/>\nPER\u017dI\u016aR\u0116TI 3D FORMATU<br \/>\nSpustel\u0117kite dureles ir stal\u010di\u0173, kad atidarytum\u0117te<\/p>","protected":false},"excerpt":{"rendered":"<p>\u016agis cm: 82<br \/>\nPlotis cm: 150<br \/>\nGylis cm: 42<br \/>\nDur\u0173 skai\u010dius: 2<br \/>\nStal\u010di\u0173 skai\u010dius: 1<\/p>","protected":false},"featured_media":232280,"comment_status":"open","ping_status":"open","template":"","meta":[],"product_brand":[],"product_cat":[8388,1173],"product_tag":[],"class_list":{"0":"post-232279","1":"product","2":"type-product","3":"status-publish","4":"has-post-thumbnail","6":"product_cat-cama-meble","7":"product_cat-chests-of-drawers","9":"first","10":"instock","11":"purchasable","12":"product-type-simple"},"_links":{"self":[{"href":"https:\/\/baldumarket.lt\/lt\/wp-json\/wp\/v2\/product\/232279","targetHints":{"allow":["GET"]}}],"collection":[{"href":"https:\/\/baldumarket.lt\/lt\/wp-json\/wp\/v2\/product"}],"about":[{"href":"https:\/\/baldumarket.lt\/lt\/wp-json\/wp\/v2\/types\/product"}],"replies":[{"embeddable":true,"href":"https:\/\/baldumarket.lt\/lt\/wp-json\/wp\/v2\/comments?post=232279"}],"wp:featuredmedia":[{"embeddable":true,"href":"https:\/\/baldumarket.lt\/lt\/wp-json\/wp\/v2\/media\/232280"}],"wp:attachment":[{"href":"https:\/\/baldumarket.lt\/lt\/wp-json\/wp\/v2\/media?parent=232279"}],"wp:term":[{"taxonomy":"product_brand","embeddable":true,"href":"https:\/\/baldumarket.lt\/lt\/wp-json\/wp\/v2\/product_brand?post=232279"},{"taxonomy":"product_cat","embeddable":true,"href":"https:\/\/baldumarket.lt\/lt\/wp-json\/wp\/v2\/product_cat?post=232279"},{"taxonomy":"product_tag","embeddable":true,"href":"https:\/\/baldumarket.lt\/lt\/wp-json\/wp\/v2\/product_tag?post=232279"}],"curies":[{"name":"wp","href":"https:\/\/api.w.org\/{rel}","templated":true}]}}