{"id":232271,"date":"2025-12-29T02:01:48","date_gmt":"2025-12-28T23:01:48","guid":{"rendered":"https:\/\/baldumarket.lt\/product\/ovo-szafka-rtv-w-debie-pradawnym\/"},"modified":"2026-02-11T18:35:58","modified_gmt":"2026-02-11T15:35:58","slug":"ovo-szafka-rtv-w-debie-pradawnym","status":"publish","type":"product","link":"https:\/\/baldumarket.lt\/lt\/product\/ovo-szafka-rtv-w-debie-pradawnym\/","title":{"rendered":"OVO TV SPINTEL\u0116 I\u0160 SENOVI\u0160KO \u0104\u017dUOLIO"},"content":{"rendered":"<p>OVO TV SPINTEL\u0116 I\u0160 SENOVI\u0160KO \u0104\u017dUOLIO<br \/>\n\u0160i betono spalvos su senovinio \u0105\u017euolo prieskoniu televizoriaus spintel\u0117 \u2013 puikus pasirinkimas moderniai svetainei! \u0160i spintel\u0117 puikiai der\u0117s prie kit\u0173 pramoninio ar lofto stiliaus bald\u0173 ir aksesuar\u0173. Betono pavir\u0161ius suteikia jai neapdorot\u0105 ir modern\u0173 poj\u016bt\u012f, o \u0105\u017euolo akcentai \u2013 \u0161ilum\u0105 ir nat\u016bral\u0173 \u017eaves\u012f. Toks med\u017eiag\u0173 derinys gali sukurti unikal\u0173 ir stiling\u0105 interjero dizaino element\u0105.<br \/>\nTelevizoriaus spintel\u0117 pagaminta i\u0161 matin\u0117s laminuotos plok\u0161t\u0117s, tamsios betono spalvos, derinamos su senoviniu \u0105\u017euolu.<br \/>\nKojeli\u0173 auk\u0161tis: 120 mm<br \/>\nRankenos: atidaromos stumiant<br \/>\nTelevizoriaus spintel\u0119 galima papildyti lentynomis, televizoriaus spintele, kavos staliuku, lentyna ir komoda.<\/p>","protected":false},"excerpt":{"rendered":"<p>Kolekcija: OVO<br \/>\nPlotis: 180<br \/>\n\u016agis: 53<br \/>\nGylis: 38<br \/>\nDur\u0173 tipas: Varstomos (atidaromos)<br \/>\nDur\u0173 skai\u010dius: 4<\/p>","protected":false},"featured_media":232272,"comment_status":"open","ping_status":"open","template":"","meta":[],"product_brand":[],"product_cat":[8388,1175],"product_tag":[],"class_list":{"0":"post-232271","1":"product","2":"type-product","3":"status-publish","4":"has-post-thumbnail","6":"product_cat-cama-meble","7":"product_cat-tv-stands","9":"first","10":"instock","11":"purchasable","12":"product-type-simple"},"_links":{"self":[{"href":"https:\/\/baldumarket.lt\/lt\/wp-json\/wp\/v2\/product\/232271","targetHints":{"allow":["GET"]}}],"collection":[{"href":"https:\/\/baldumarket.lt\/lt\/wp-json\/wp\/v2\/product"}],"about":[{"href":"https:\/\/baldumarket.lt\/lt\/wp-json\/wp\/v2\/types\/product"}],"replies":[{"embeddable":true,"href":"https:\/\/baldumarket.lt\/lt\/wp-json\/wp\/v2\/comments?post=232271"}],"wp:featuredmedia":[{"embeddable":true,"href":"https:\/\/baldumarket.lt\/lt\/wp-json\/wp\/v2\/media\/232272"}],"wp:attachment":[{"href":"https:\/\/baldumarket.lt\/lt\/wp-json\/wp\/v2\/media?parent=232271"}],"wp:term":[{"taxonomy":"product_brand","embeddable":true,"href":"https:\/\/baldumarket.lt\/lt\/wp-json\/wp\/v2\/product_brand?post=232271"},{"taxonomy":"product_cat","embeddable":true,"href":"https:\/\/baldumarket.lt\/lt\/wp-json\/wp\/v2\/product_cat?post=232271"},{"taxonomy":"product_tag","embeddable":true,"href":"https:\/\/baldumarket.lt\/lt\/wp-json\/wp\/v2\/product_tag?post=232271"}],"curies":[{"name":"wp","href":"https:\/\/api.w.org\/{rel}","templated":true}]}}