{"id":232268,"date":"2025-12-29T02:01:45","date_gmt":"2025-12-28T23:01:45","guid":{"rendered":"https:\/\/baldumarket.lt\/product\/ovo-stolik-kawowy-w-debie-pradawnym\/"},"modified":"2026-02-11T18:35:58","modified_gmt":"2026-02-11T15:35:58","slug":"ovo-stolik-kawowy-w-debie-pradawnym","status":"publish","type":"product","link":"https:\/\/baldumarket.lt\/lt\/product\/ovo-stolik-kawowy-w-debie-pradawnym\/","title":{"rendered":"OVO kavos staliukas i\u0161 senovinio \u0105\u017euolo"},"content":{"rendered":"<p>OVO kavos staliukas i\u0161 senovinio \u0105\u017euolo<br \/>\n\u0160is kavos staliukas su betono ir senovinio \u0105\u017euolo apdaila \u2013 puiki id\u0117ja i\u0161skirtiniam ir stilingam svetain\u0117s dekoro elementui! Betono pavir\u0161ius suteikia jam neapdorot\u0105 ir modern\u0173 poj\u016bt\u012f, o \u0105\u017euolo akcentai \u2013 \u0161ilumos ir nat\u016bralaus \u017eavesio. Toks staliukas b\u016bt\u0173 ne tik prakti\u0161kas baldas, bet ir \u012fdomus dekoratyvinis elementas, pritrauksiantis kiekvieno \u012f svetain\u0119 atvykusio \u017emogaus d\u0117mes\u012f.<br \/>\nKavos staliukas pagamintas i\u0161 matinio laminato, tamsios betono spalvos, derinamos su senoviniu \u0105\u017euolu.<br \/>\nKojeli\u0173 auk\u0161tis: 120 mm<br \/>\nRankenos: atidaromos stumiant<br \/>\nStaliuk\u0105 galima papildyti auk\u0161ta ir \u017eema lentyna, televizoriaus staliuku, kavos staliuku, lentyna arba komoda.<\/p>","protected":false},"excerpt":{"rendered":"<p>Kolekcija: OVO<br \/>\nPlotis: 50<br \/>\n\u016agis: 39<br \/>\nGylis: 90<\/p>","protected":false},"featured_media":232269,"comment_status":"open","ping_status":"open","template":"","meta":[],"product_brand":[],"product_cat":[8388,866],"product_tag":[],"class_list":{"0":"post-232268","1":"product","2":"type-product","3":"status-publish","4":"has-post-thumbnail","6":"product_cat-cama-meble","7":"product_cat-coffee-tables","9":"first","10":"instock","11":"purchasable","12":"product-type-simple"},"_links":{"self":[{"href":"https:\/\/baldumarket.lt\/lt\/wp-json\/wp\/v2\/product\/232268","targetHints":{"allow":["GET"]}}],"collection":[{"href":"https:\/\/baldumarket.lt\/lt\/wp-json\/wp\/v2\/product"}],"about":[{"href":"https:\/\/baldumarket.lt\/lt\/wp-json\/wp\/v2\/types\/product"}],"replies":[{"embeddable":true,"href":"https:\/\/baldumarket.lt\/lt\/wp-json\/wp\/v2\/comments?post=232268"}],"wp:featuredmedia":[{"embeddable":true,"href":"https:\/\/baldumarket.lt\/lt\/wp-json\/wp\/v2\/media\/232269"}],"wp:attachment":[{"href":"https:\/\/baldumarket.lt\/lt\/wp-json\/wp\/v2\/media?parent=232268"}],"wp:term":[{"taxonomy":"product_brand","embeddable":true,"href":"https:\/\/baldumarket.lt\/lt\/wp-json\/wp\/v2\/product_brand?post=232268"},{"taxonomy":"product_cat","embeddable":true,"href":"https:\/\/baldumarket.lt\/lt\/wp-json\/wp\/v2\/product_cat?post=232268"},{"taxonomy":"product_tag","embeddable":true,"href":"https:\/\/baldumarket.lt\/lt\/wp-json\/wp\/v2\/product_tag?post=232268"}],"curies":[{"name":"wp","href":"https:\/\/api.w.org\/{rel}","templated":true}]}}