{"id":232257,"date":"2025-12-29T02:01:30","date_gmt":"2025-12-28T23:01:30","guid":{"rendered":"https:\/\/baldumarket.lt\/product\/ovo-polka-w-debie-pradawnym\/"},"modified":"2026-02-11T18:35:58","modified_gmt":"2026-02-11T15:35:58","slug":"ovo-polka-w-debie-pradawnym","status":"publish","type":"product","link":"https:\/\/baldumarket.lt\/lt\/product\/ovo-polka-w-debie-pradawnym\/","title":{"rendered":"OVO LENTYNA I\u0160 SENOVI\u0160KO \u0104\u017dUOLIO"},"content":{"rendered":"<p>OVO LENTYNA I\u0160 SENOVI\u0160KO \u0104\u017dUOLIO<br \/>\n\u0160i betonin\u0117 lentyna su tamsaus senovinio \u0105\u017euolo apdaila sujungia betono \u0161iurk\u0161tum\u0105 su nat\u016braliu \u0105\u017euolo gro\u017eiu. \u201eOvo\u201c lentyna su betonu ir senoviniu \u0105\u017euolu yra ne tik funkcionali, bet ir i\u0161skirtinai esteti\u0161ka. Betono pavir\u0161ius suteikia jai \u0161iurk\u0161t\u0173 ir modern\u0173 vaizd\u0105, o \u0105\u017euolo akcentai \u2013 \u0161ilumos ir nat\u016bralaus \u017eavesio.<br \/>\nLentyna pagaminta i\u0161 matin\u0117s laminuotos plok\u0161t\u0117s, tamsaus betono ir senovinio \u0105\u017euolo spalvos.<br \/>\nKojeli\u0173 auk\u0161tis: 120 mm<br \/>\nRankenos: atidaromos stumiant<br \/>\nLentyn\u0105 galima papildyti lentynomis, televizoriaus staliuku, kavos staliuku arba komoda.<\/p>","protected":false},"excerpt":{"rendered":"<p>Kolekcija: OVO<br \/>\nPlotis: 130<br \/>\n\u016agis: 15<br \/>\nGylis: 20<\/p>","protected":false},"featured_media":232258,"comment_status":"open","ping_status":"open","template":"","meta":[],"product_brand":[],"product_cat":[8388,1174],"product_tag":[],"class_list":{"0":"post-232257","1":"product","2":"type-product","3":"status-publish","4":"has-post-thumbnail","6":"product_cat-cama-meble","7":"product_cat-hanging-shelves","9":"first","10":"instock","11":"purchasable","12":"product-type-simple"},"_links":{"self":[{"href":"https:\/\/baldumarket.lt\/lt\/wp-json\/wp\/v2\/product\/232257","targetHints":{"allow":["GET"]}}],"collection":[{"href":"https:\/\/baldumarket.lt\/lt\/wp-json\/wp\/v2\/product"}],"about":[{"href":"https:\/\/baldumarket.lt\/lt\/wp-json\/wp\/v2\/types\/product"}],"replies":[{"embeddable":true,"href":"https:\/\/baldumarket.lt\/lt\/wp-json\/wp\/v2\/comments?post=232257"}],"wp:featuredmedia":[{"embeddable":true,"href":"https:\/\/baldumarket.lt\/lt\/wp-json\/wp\/v2\/media\/232258"}],"wp:attachment":[{"href":"https:\/\/baldumarket.lt\/lt\/wp-json\/wp\/v2\/media?parent=232257"}],"wp:term":[{"taxonomy":"product_brand","embeddable":true,"href":"https:\/\/baldumarket.lt\/lt\/wp-json\/wp\/v2\/product_brand?post=232257"},{"taxonomy":"product_cat","embeddable":true,"href":"https:\/\/baldumarket.lt\/lt\/wp-json\/wp\/v2\/product_cat?post=232257"},{"taxonomy":"product_tag","embeddable":true,"href":"https:\/\/baldumarket.lt\/lt\/wp-json\/wp\/v2\/product_tag?post=232257"}],"curies":[{"name":"wp","href":"https:\/\/api.w.org\/{rel}","templated":true}]}}