{"id":232254,"date":"2025-12-29T02:01:26","date_gmt":"2025-12-28T23:01:26","guid":{"rendered":"https:\/\/baldumarket.lt\/product\/ovo-komoda-4d-w-debie-pradawnym\/"},"modified":"2026-02-11T18:35:58","modified_gmt":"2026-02-11T15:35:58","slug":"ovo-komoda-4d-w-debie-pradawnym","status":"publish","type":"product","link":"https:\/\/baldumarket.lt\/lt\/product\/ovo-komoda-4d-w-debie-pradawnym\/","title":{"rendered":"OVO 4D komoda i\u0161 senovinio \u0105\u017euolo medienos"},"content":{"rendered":"<p>OVO komoda su 4 durimis, senovinio \u0105\u017euolo spalvos<br \/>\n\u0160i betonin\u0117 komoda su tamsaus senovinio \u0105\u017euolo apdaila sujungia betono grubum\u0105 ir nat\u016bral\u0173 \u0105\u017euolo gro\u017e\u012f. Keturi\u0173 dur\u0173 komoda \u201eOva\u201c su betonu ir senoviniu \u0105\u017euolu yra ne tik funkcionali, bet ir i\u0161skirtinai esteti\u0161ka. Betono pavir\u0161ius suteikia jai grub\u0173 ir modern\u0173 vaizd\u0105, o \u0105\u017euolo akcentai \u2013 \u0161ilumos ir nat\u016bralaus \u017eavesio.<br \/>\nKomoda pagaminta i\u0161 matin\u0117s laminuotos plok\u0161t\u0117s, tamsaus betono ir senovinio \u0105\u017euolo spalvos.<br \/>\nKojeli\u0173 auk\u0161tis: 120 mm<br \/>\nRankenos: atidaromos stumiant<br \/>\nKomod\u0105 galima u\u017esisakyti su lentynomis, televizoriaus staliuku, kavos staliuku ir lentyna.<\/p>","protected":false},"excerpt":{"rendered":"<p>Kolekcija: OVO<br \/>\nPlotis: 180<br \/>\n\u016agis: 83<br \/>\nGylis: 38<br \/>\nDur\u0173 skai\u010dius: 4<\/p>","protected":false},"featured_media":232255,"comment_status":"open","ping_status":"open","template":"","meta":[],"product_brand":[],"product_cat":[8388,1173],"product_tag":[],"class_list":{"0":"post-232254","1":"product","2":"type-product","3":"status-publish","4":"has-post-thumbnail","6":"product_cat-cama-meble","7":"product_cat-chests-of-drawers","9":"first","10":"instock","11":"purchasable","12":"product-type-simple"},"_links":{"self":[{"href":"https:\/\/baldumarket.lt\/lt\/wp-json\/wp\/v2\/product\/232254","targetHints":{"allow":["GET"]}}],"collection":[{"href":"https:\/\/baldumarket.lt\/lt\/wp-json\/wp\/v2\/product"}],"about":[{"href":"https:\/\/baldumarket.lt\/lt\/wp-json\/wp\/v2\/types\/product"}],"replies":[{"embeddable":true,"href":"https:\/\/baldumarket.lt\/lt\/wp-json\/wp\/v2\/comments?post=232254"}],"wp:featuredmedia":[{"embeddable":true,"href":"https:\/\/baldumarket.lt\/lt\/wp-json\/wp\/v2\/media\/232255"}],"wp:attachment":[{"href":"https:\/\/baldumarket.lt\/lt\/wp-json\/wp\/v2\/media?parent=232254"}],"wp:term":[{"taxonomy":"product_brand","embeddable":true,"href":"https:\/\/baldumarket.lt\/lt\/wp-json\/wp\/v2\/product_brand?post=232254"},{"taxonomy":"product_cat","embeddable":true,"href":"https:\/\/baldumarket.lt\/lt\/wp-json\/wp\/v2\/product_cat?post=232254"},{"taxonomy":"product_tag","embeddable":true,"href":"https:\/\/baldumarket.lt\/lt\/wp-json\/wp\/v2\/product_tag?post=232254"}],"curies":[{"name":"wp","href":"https:\/\/api.w.org\/{rel}","templated":true}]}}