{"id":232250,"date":"2025-12-29T02:01:21","date_gmt":"2025-12-28T23:01:21","guid":{"rendered":"https:\/\/baldumarket.lt\/product\/onda-szafka-rtv-4d-wiszaca-lub-stojaca-zielona\/"},"modified":"2026-02-11T18:35:58","modified_gmt":"2026-02-11T15:35:58","slug":"onda-szafka-rtv-4d-wiszaca-lub-stojaca-zielona","status":"publish","type":"product","link":"https:\/\/baldumarket.lt\/lt\/product\/onda-szafka-rtv-4d-wiszaca-lub-stojaca-zielona\/","title":{"rendered":"ONDA 4 dur\u0173 televizoriaus spintel\u0117, pakabinama arba pastatoma, \u017ealia"},"content":{"rendered":"<p>Apra\u0161ymas ir specifikacijos<br \/>\n\u201eOnda\u201c \u2013 modernus televizoriaus staliukas. \u0160iuo metu itin populiarus komod\u0173 pasirinkimas. \u201eOnda\u201c \u2013 tai moderni\u0173 bald\u0173 kolekcija.<br \/>\n\u201eOnda\u201c kolekcija taip pat prieinama juodos spalvos.<br \/>\nMed\u017eiaga:<br \/>\nKorpusas: 16 mm matin\u0117 laminuota plok\u0161t\u0117 Labradoro \u017ealios spalvos<br \/>\nPriekin\u0117s dalys: 18 mm MDF plok\u0161t\u0117, padengta Labradoro \u017ealios spalvos PVC folija su matomu frezavimu<br \/>\nRankenos: n\u0117ra, priekin\u0117s dalys i\u0161siki\u0161a u\u017e vir\u0161aus<br \/>\nKojel\u0117s: nereguliuojamas juodas plienas<br \/>\nVir\u0161us: 16 mm storio laminuota plok\u0161t\u0117<br \/>\nVyris: \u0161velniai u\u017esidarantis<br \/>\nLentynos apra\u0161ymas:<br \/>\nKeturios durys<br \/>\nAnt grind\u0173 pastatoma arba prie sienos tvirtinama spintel\u0117<\/p>","protected":false},"excerpt":{"rendered":"<p>\u016agis cm: 54\u201335<br \/>\nPlotis cm: 200<br \/>\nGylis cm: 40<br \/>\nDur\u0173 skai\u010dius: 4<\/p>","protected":false},"featured_media":232251,"comment_status":"open","ping_status":"open","template":"","meta":[],"product_brand":[],"product_cat":[8388,1175],"product_tag":[],"class_list":{"0":"post-232250","1":"product","2":"type-product","3":"status-publish","4":"has-post-thumbnail","6":"product_cat-cama-meble","7":"product_cat-tv-stands","9":"first","10":"instock","11":"purchasable","12":"product-type-simple"},"_links":{"self":[{"href":"https:\/\/baldumarket.lt\/lt\/wp-json\/wp\/v2\/product\/232250","targetHints":{"allow":["GET"]}}],"collection":[{"href":"https:\/\/baldumarket.lt\/lt\/wp-json\/wp\/v2\/product"}],"about":[{"href":"https:\/\/baldumarket.lt\/lt\/wp-json\/wp\/v2\/types\/product"}],"replies":[{"embeddable":true,"href":"https:\/\/baldumarket.lt\/lt\/wp-json\/wp\/v2\/comments?post=232250"}],"wp:featuredmedia":[{"embeddable":true,"href":"https:\/\/baldumarket.lt\/lt\/wp-json\/wp\/v2\/media\/232251"}],"wp:attachment":[{"href":"https:\/\/baldumarket.lt\/lt\/wp-json\/wp\/v2\/media?parent=232250"}],"wp:term":[{"taxonomy":"product_brand","embeddable":true,"href":"https:\/\/baldumarket.lt\/lt\/wp-json\/wp\/v2\/product_brand?post=232250"},{"taxonomy":"product_cat","embeddable":true,"href":"https:\/\/baldumarket.lt\/lt\/wp-json\/wp\/v2\/product_cat?post=232250"},{"taxonomy":"product_tag","embeddable":true,"href":"https:\/\/baldumarket.lt\/lt\/wp-json\/wp\/v2\/product_tag?post=232250"}],"curies":[{"name":"wp","href":"https:\/\/api.w.org\/{rel}","templated":true}]}}