{"id":232245,"date":"2025-12-29T02:01:14","date_gmt":"2025-12-28T23:01:14","guid":{"rendered":"https:\/\/baldumarket.lt\/product\/onda-szafka-rtv-4d-wiszaca-lub-stojaca\/"},"modified":"2026-02-11T18:35:58","modified_gmt":"2026-02-11T15:35:58","slug":"onda-szafka-rtv-4d-wiszaca-lub-stojaca","status":"publish","type":"product","link":"https:\/\/baldumarket.lt\/lt\/product\/onda-szafka-rtv-4d-wiszaca-lub-stojaca\/","title":{"rendered":"ONDA 4D televizoriaus spintel\u0117, pakabinama ant sienos arba pastatoma"},"content":{"rendered":"<p>Apra\u0161ymas ir specifikacijos<br \/>\n\u201eOnda\u201c \u2013 modernus televizoriaus staliukas. \u0160iuo metu itin populiarus tarp indauj\u0173. \u201eOnda\u201c \u2013 tai moderni\u0173 bald\u0173 kolekcija.<br \/>\nMed\u017eiaga:<br \/>\nKorpusas: 16 mm matin\u0117 laminuota plok\u0161t\u0117<br \/>\nPriekin\u0117 dalis: 18 mm MDF plok\u0161t\u0117, padengta matine juoda PVC pl\u0117vele su matomais grioveliais<br \/>\nRankenos: n\u0117ra, priekin\u0117s dalys i\u0161siki\u0161a u\u017e vir\u0161aus<br \/>\nKojel\u0117s: nereguliuojamas juodas plienas<br \/>\nVir\u0161us: 16 mm storio laminuota plok\u0161t\u0117<br \/>\nLentynos apra\u0161ymas:<br \/>\nKeturios durys<br \/>\nAnt grind\u0173 statomas arba ant sienos montuojamas \u012frenginys<\/p>","protected":false},"excerpt":{"rendered":"<p>Kolekcija: Onda<br \/>\nPlotis: 200<br \/>\n\u016agis: 35\u201354<br \/>\nGylis: 40<br \/>\nDur\u0173 tipas: Varstomos (atidaromos)<br \/>\nDur\u0173 skai\u010dius: 4<\/p>","protected":false},"featured_media":232246,"comment_status":"open","ping_status":"open","template":"","meta":[],"product_brand":[],"product_cat":[8388,1175],"product_tag":[],"class_list":{"0":"post-232245","1":"product","2":"type-product","3":"status-publish","4":"has-post-thumbnail","6":"product_cat-cama-meble","7":"product_cat-tv-stands","9":"first","10":"instock","11":"purchasable","12":"product-type-simple"},"_links":{"self":[{"href":"https:\/\/baldumarket.lt\/lt\/wp-json\/wp\/v2\/product\/232245","targetHints":{"allow":["GET"]}}],"collection":[{"href":"https:\/\/baldumarket.lt\/lt\/wp-json\/wp\/v2\/product"}],"about":[{"href":"https:\/\/baldumarket.lt\/lt\/wp-json\/wp\/v2\/types\/product"}],"replies":[{"embeddable":true,"href":"https:\/\/baldumarket.lt\/lt\/wp-json\/wp\/v2\/comments?post=232245"}],"wp:featuredmedia":[{"embeddable":true,"href":"https:\/\/baldumarket.lt\/lt\/wp-json\/wp\/v2\/media\/232246"}],"wp:attachment":[{"href":"https:\/\/baldumarket.lt\/lt\/wp-json\/wp\/v2\/media?parent=232245"}],"wp:term":[{"taxonomy":"product_brand","embeddable":true,"href":"https:\/\/baldumarket.lt\/lt\/wp-json\/wp\/v2\/product_brand?post=232245"},{"taxonomy":"product_cat","embeddable":true,"href":"https:\/\/baldumarket.lt\/lt\/wp-json\/wp\/v2\/product_cat?post=232245"},{"taxonomy":"product_tag","embeddable":true,"href":"https:\/\/baldumarket.lt\/lt\/wp-json\/wp\/v2\/product_tag?post=232245"}],"curies":[{"name":"wp","href":"https:\/\/api.w.org\/{rel}","templated":true}]}}