{"id":232239,"date":"2025-12-29T02:01:06","date_gmt":"2025-12-28T23:01:06","guid":{"rendered":"https:\/\/baldumarket.lt\/product\/onda-szafka-rtv-2d-wiszaca-lub-stojaca-zielona\/"},"modified":"2026-02-11T18:35:58","modified_gmt":"2026-02-11T15:35:58","slug":"onda-szafka-rtv-2d-wiszaca-lub-stojaca-zielona","status":"publish","type":"product","link":"https:\/\/baldumarket.lt\/lt\/product\/onda-szafka-rtv-2d-wiszaca-lub-stojaca-zielona\/","title":{"rendered":"ONDA 2D TV spintel\u0117, kabanti ant sienos arba pastatoma, \u017ealia"},"content":{"rendered":"<p>Apra\u0161ymas ir specifikacijos<br \/>\n\u201eOnda\u201c \u2013 modernus televizoriaus staliukas. Tikras hitas tarp komod\u0173. \u201eOnda\u201c \u2013 tai moderni\u0173 bald\u0173 kolekcija.<br \/>\n\u201eOnda\u201c kolekcija taip pat prieinama juodos spalvos.<br \/>\nMed\u017eiaga:<br \/>\nKorpusas: 16 mm matin\u0117 laminuota plok\u0161t\u0117 Labradoro \u017ealios spalvos<br \/>\nPriekin\u0117s dalys: 18 mm MDF plok\u0161t\u0117, padengta Labradoro \u017ealios spalvos PVC folija su matomu frezavimu<br \/>\nRankenos: n\u0117ra, priekin\u0117s dalys i\u0161siki\u0161a u\u017e vir\u0161aus<br \/>\nKojel\u0117s: juodas plienas, nereguliuojamos<br \/>\nVir\u0161us: 16 mm storio laminuota plok\u0161t\u0117<br \/>\nVyriai; \u0161velnaus u\u017edarymo<br \/>\nLentynos apra\u0161ymas:<br \/>\n2 durys<br \/>\nAnt grind\u0173 pastatoma arba prie sienos tvirtinama spintel\u0117<br \/>\n\u017didinys neprivalomas<br \/>\n\u017didinio specifikacijos:<br \/>\nLiepsnos spalvos;<br \/>\nM\u0117lyna<br \/>\nRaudona<br \/>\nVioletin\u0117\/ro\u017ein\u0117<br \/>\nMaitinimo \u0161altinis: 220\u2013240 V \/ 50 Hz<br \/>\nGalia: 1400 W\u20131600 W<br \/>\n\u0160ildymo funkcija: 16\u201328 \u00b0C<\/p>","protected":false},"excerpt":{"rendered":"<p>\u016agis cm: 58 arba 39<br \/>\nPlotis cm: 180,5<br \/>\nGylis cm: 40<br \/>\nDur\u0173 skai\u010dius: 2<\/p>","protected":false},"featured_media":232240,"comment_status":"open","ping_status":"open","template":"","meta":[],"product_brand":[],"product_cat":[8388,1175],"product_tag":[],"class_list":{"0":"post-232239","1":"product","2":"type-product","3":"status-publish","4":"has-post-thumbnail","6":"product_cat-cama-meble","7":"product_cat-tv-stands","9":"first","10":"instock","11":"purchasable","12":"product-type-simple"},"_links":{"self":[{"href":"https:\/\/baldumarket.lt\/lt\/wp-json\/wp\/v2\/product\/232239","targetHints":{"allow":["GET"]}}],"collection":[{"href":"https:\/\/baldumarket.lt\/lt\/wp-json\/wp\/v2\/product"}],"about":[{"href":"https:\/\/baldumarket.lt\/lt\/wp-json\/wp\/v2\/types\/product"}],"replies":[{"embeddable":true,"href":"https:\/\/baldumarket.lt\/lt\/wp-json\/wp\/v2\/comments?post=232239"}],"wp:featuredmedia":[{"embeddable":true,"href":"https:\/\/baldumarket.lt\/lt\/wp-json\/wp\/v2\/media\/232240"}],"wp:attachment":[{"href":"https:\/\/baldumarket.lt\/lt\/wp-json\/wp\/v2\/media?parent=232239"}],"wp:term":[{"taxonomy":"product_brand","embeddable":true,"href":"https:\/\/baldumarket.lt\/lt\/wp-json\/wp\/v2\/product_brand?post=232239"},{"taxonomy":"product_cat","embeddable":true,"href":"https:\/\/baldumarket.lt\/lt\/wp-json\/wp\/v2\/product_cat?post=232239"},{"taxonomy":"product_tag","embeddable":true,"href":"https:\/\/baldumarket.lt\/lt\/wp-json\/wp\/v2\/product_tag?post=232239"}],"curies":[{"name":"wp","href":"https:\/\/api.w.org\/{rel}","templated":true}]}}