{"id":232233,"date":"2025-12-29T02:00:58","date_gmt":"2025-12-28T23:00:58","guid":{"rendered":"https:\/\/baldumarket.lt\/product\/onda-szafka-rtv-2d-wiszaca-lub-stojaca\/"},"modified":"2026-02-11T18:35:58","modified_gmt":"2026-02-11T15:35:58","slug":"onda-szafka-rtv-2d-wiszaca-lub-stojaca","status":"publish","type":"product","link":"https:\/\/baldumarket.lt\/lt\/product\/onda-szafka-rtv-2d-wiszaca-lub-stojaca\/","title":{"rendered":"ONDA 2D televizoriaus spintel\u0117, pakabinama ant sienos arba pastatoma"},"content":{"rendered":"<p>Apra\u0161ymas ir specifikacijos<br \/>\n\u201eOnda\u201c \u2013 modernus televizoriaus staliukas. \u0160iuo metu itin populiarus tarp indauj\u0173. \u201eOnda\u201c \u2013 tai moderni\u0173 bald\u0173 kolekcija.<br \/>\nMed\u017eiaga:<br \/>\nKorpusas: 16 mm matin\u0117 laminuota plok\u0161t\u0117<br \/>\nPriekin\u0117s dalys: 18 mm MDF plok\u0161t\u0117, padengta matine juoda PVC folija su matomu frezavimu<br \/>\nRankenos: n\u0117ra, priekin\u0117s dalys i\u0161siki\u0161a u\u017e vir\u0161aus<br \/>\nKojel\u0117s: nereguliuojamas juodas plienas<br \/>\nVir\u0161us: 16 mm storio laminuota plok\u0161t\u0117<br \/>\nLentynos apra\u0161ymas:<br \/>\n2 durys<br \/>\nLaisvai pastatoma arba prie sienos montuojama spintel\u0117<br \/>\n\u017didinys neprivalomas<br \/>\n\u017didinio specifikacijos:<br \/>\nLiepsnos spalvos:<br \/>\nm\u0117lyna<br \/>\nraudona<br \/>\nvioletin\u0117\/ro\u017ein\u0117<br \/>\nMaitinimo \u0161altinis: 220\u2013240 V \/ 50 Hz<br \/>\nGalia: 1400 W\u20131600 W<br \/>\n\u0160ildymo funkcija: 16\u201328 \u00b0C<\/p>","protected":false},"excerpt":{"rendered":"<p>Kolekcija: Onda<br \/>\nPlotis: 180,5<br \/>\n\u016agis: 39\u201358<br \/>\nGylis: 40<\/p>","protected":false},"featured_media":232234,"comment_status":"open","ping_status":"open","template":"","meta":[],"product_brand":[],"product_cat":[8388,1175],"product_tag":[],"class_list":{"0":"post-232233","1":"product","2":"type-product","3":"status-publish","4":"has-post-thumbnail","6":"product_cat-cama-meble","7":"product_cat-tv-stands","9":"first","10":"instock","11":"purchasable","12":"product-type-simple"},"_links":{"self":[{"href":"https:\/\/baldumarket.lt\/lt\/wp-json\/wp\/v2\/product\/232233","targetHints":{"allow":["GET"]}}],"collection":[{"href":"https:\/\/baldumarket.lt\/lt\/wp-json\/wp\/v2\/product"}],"about":[{"href":"https:\/\/baldumarket.lt\/lt\/wp-json\/wp\/v2\/types\/product"}],"replies":[{"embeddable":true,"href":"https:\/\/baldumarket.lt\/lt\/wp-json\/wp\/v2\/comments?post=232233"}],"wp:featuredmedia":[{"embeddable":true,"href":"https:\/\/baldumarket.lt\/lt\/wp-json\/wp\/v2\/media\/232234"}],"wp:attachment":[{"href":"https:\/\/baldumarket.lt\/lt\/wp-json\/wp\/v2\/media?parent=232233"}],"wp:term":[{"taxonomy":"product_brand","embeddable":true,"href":"https:\/\/baldumarket.lt\/lt\/wp-json\/wp\/v2\/product_brand?post=232233"},{"taxonomy":"product_cat","embeddable":true,"href":"https:\/\/baldumarket.lt\/lt\/wp-json\/wp\/v2\/product_cat?post=232233"},{"taxonomy":"product_tag","embeddable":true,"href":"https:\/\/baldumarket.lt\/lt\/wp-json\/wp\/v2\/product_tag?post=232233"}],"curies":[{"name":"wp","href":"https:\/\/api.w.org\/{rel}","templated":true}]}}