{"id":232229,"date":"2025-12-29T02:00:52","date_gmt":"2025-12-28T23:00:52","guid":{"rendered":"https:\/\/baldumarket.lt\/product\/onda-szafka-nocna-kpl-2szt-zielona\/"},"modified":"2026-02-11T18:35:58","modified_gmt":"2026-02-11T15:35:58","slug":"onda-szafka-nocna-kpl-2szt-zielona","status":"publish","type":"product","link":"https:\/\/baldumarket.lt\/lt\/product\/onda-szafka-nocna-kpl-2szt-zielona\/","title":{"rendered":"ONDA naktiniai staleliai, 2 vnt. komplektas, \u017eali"},"content":{"rendered":"<p>Apra\u0161ymas ir specifikacijos<br \/>\n\u0160is modernus naktinis staliukas su vertikaliais frezavimais eleganti\u0161kai der\u0117s prie bet kokio modernaus interjero. Prie spinteli\u0173 galima u\u017esisakyti komodas ir lentyn\u0105.<br \/>\n\u201eOnda\u201c kolekcija taip pat prieinama juodos spalvos.<br \/>\nMed\u017eiaga:<br \/>\nKorpusas: 16 mm laminuota plok\u0161t\u0117 Labradoro \u017ealios spalvos<br \/>\nPriekin\u0117 dalis: 18 mm MDF plok\u0161t\u0117, padengta Labradoro \u017ealios spalvos PVC folija su matomais frezavimais<br \/>\nRankenos: n\u0117ra, priekin\u0117s dalys i\u0161siki\u0161a u\u017e vir\u0161aus<br \/>\nKojel\u0117s: juodas plienas, nereguliuojamos<br \/>\nVir\u0161us: 16 mm Artisan laminuota plok\u0161t\u0117<br \/>\n\u0160velnaus u\u017edarymo valdymas<br \/>\nKomodos apra\u0161ymas:<br \/>\nVienv\u0117r\u0117s durys<\/p>","protected":false},"excerpt":{"rendered":"<p>\u016agis cm: 18,8<br \/>\nPlotis cm: 41,6<br \/>\nGylis cm: 73,2<br \/>\nDur\u0173 skai\u010dius: 1<\/p>","protected":false},"featured_media":232230,"comment_status":"open","ping_status":"open","template":"","meta":[],"product_brand":[],"product_cat":[1176,8388],"product_tag":[],"class_list":{"0":"post-232229","1":"product","2":"type-product","3":"status-publish","4":"has-post-thumbnail","6":"product_cat-bedside-tables","7":"product_cat-cama-meble","9":"first","10":"instock","11":"purchasable","12":"product-type-simple"},"_links":{"self":[{"href":"https:\/\/baldumarket.lt\/lt\/wp-json\/wp\/v2\/product\/232229","targetHints":{"allow":["GET"]}}],"collection":[{"href":"https:\/\/baldumarket.lt\/lt\/wp-json\/wp\/v2\/product"}],"about":[{"href":"https:\/\/baldumarket.lt\/lt\/wp-json\/wp\/v2\/types\/product"}],"replies":[{"embeddable":true,"href":"https:\/\/baldumarket.lt\/lt\/wp-json\/wp\/v2\/comments?post=232229"}],"wp:featuredmedia":[{"embeddable":true,"href":"https:\/\/baldumarket.lt\/lt\/wp-json\/wp\/v2\/media\/232230"}],"wp:attachment":[{"href":"https:\/\/baldumarket.lt\/lt\/wp-json\/wp\/v2\/media?parent=232229"}],"wp:term":[{"taxonomy":"product_brand","embeddable":true,"href":"https:\/\/baldumarket.lt\/lt\/wp-json\/wp\/v2\/product_brand?post=232229"},{"taxonomy":"product_cat","embeddable":true,"href":"https:\/\/baldumarket.lt\/lt\/wp-json\/wp\/v2\/product_cat?post=232229"},{"taxonomy":"product_tag","embeddable":true,"href":"https:\/\/baldumarket.lt\/lt\/wp-json\/wp\/v2\/product_tag?post=232229"}],"curies":[{"name":"wp","href":"https:\/\/api.w.org\/{rel}","templated":true}]}}